{"id":2046,"date":"2025-09-17T10:01:40","date_gmt":"2025-09-17T10:01:40","guid":{"rendered":"https:\/\/mikeladzenailstore.com\/recenze\/"},"modified":"2025-10-16T12:51:50","modified_gmt":"2025-10-16T12:51:50","slug":"recenze","status":"publish","type":"page","link":"https:\/\/mikeladzenailstore.com\/en\/recenze\/","title":{"rendered":"Review"},"content":{"rendered":"\t\t<div data-elementor-type=\"wp-page\" data-elementor-id=\"2046\" class=\"elementor elementor-2046 elementor-254\" data-elementor-post-type=\"page\">\n\t\t\t\t<div class=\"elementor-element elementor-element-357d0ea e-flex e-con-boxed e-con e-parent\" data-id=\"357d0ea\" data-element_type=\"container\">\n\t\t\t\t\t<div class=\"e-con-inner\">\n\t\t\t\t<div class=\"elementor-element elementor-element-29d70cd elementor-widget elementor-widget-shortcode\" data-id=\"29d70cd\" data-element_type=\"widget\" data-widget_type=\"shortcode.default\">\n\t\t\t\t\t\t\t<div class=\"elementor-shortcode\"><div class=\"wp-gr rpi wpac\" data-id=\"465\" data-layout=\"grid\" data-exec=\"false\" data-options='{&quot;text_size&quot;:&quot;&quot;,&quot;trans&quot;:{&quot;read more&quot;:&quot;read more&quot;}}'><svg xmlns=\"http:\/\/www.w3.org\/2000\/svg\" style=\"display:none!important\"><symbol id=\"grw-tripadvisor\" viewBox=\"0 0 713.496 713.496\"><g><circle fill=\"#34E0A1\" cx=\"356.749\" cy=\"356.748\" r=\"356.748\"\/><path d=\"M577.095,287.152l43.049-46.836h-95.465c-47.792-32.646-105.51-51.659-167.931-51.659   c-62.342,0-119.899,19.054-167.612,51.659H93.432l43.049,46.836c-26.387,24.075-42.929,58.754-42.929,97.259   c0,72.665,58.914,131.578,131.579,131.578c34.519,0,65.968-13.313,89.446-35.077l42.172,45.919l42.172-45.879   c23.478,21.764,54.887,35.037,89.406,35.037c72.665,0,131.658-58.913,131.658-131.578   C620.024,345.866,603.483,311.188,577.095,287.152z M225.17,473.458c-49.188,0-89.047-39.859-89.047-89.047   s39.86-89.048,89.047-89.048c49.187,0,89.047,39.86,89.047,89.048S274.357,473.458,225.17,473.458z M356.788,381.82   c0-58.595-42.61-108.898-98.853-130.383c30.413-12.716,63.776-19.771,98.813-19.771s68.439,7.055,98.853,19.771   C399.399,272.962,356.788,323.226,356.788,381.82z M488.367,473.458c-49.188,0-89.048-39.859-89.048-89.047   s39.86-89.048,89.048-89.048s89.047,39.86,89.047,89.048S537.554,473.458,488.367,473.458z M488.367,337.694   c-25.79,0-46.677,20.887-46.677,46.677c0,25.789,20.887,46.676,46.677,46.676c25.789,0,46.676-20.887,46.676-46.676   C535.042,358.621,514.156,337.694,488.367,337.694z M271.846,384.411c0,25.789-20.887,46.676-46.676,46.676   s-46.676-20.887-46.676-46.676c0-25.79,20.887-46.677,46.676-46.677C250.959,337.694,271.846,358.621,271.846,384.411z\"\/><\/g><\/symbol><symbol id=\"grw-google\" viewBox=\"0 0 512 512\"><g fill=\"none\" fill-rule=\"evenodd\"><path d=\"M482.56 261.36c0-16.73-1.5-32.83-4.29-48.27H256v91.29h127.01c-5.47 29.5-22.1 54.49-47.09 71.23v59.21h76.27c44.63-41.09 70.37-101.59 70.37-173.46z\" fill=\"#4285f4\"\/><path d=\"M256 492c63.72 0 117.14-21.13 156.19-57.18l-76.27-59.21c-21.13 14.16-48.17 22.53-79.92 22.53-61.47 0-113.49-41.51-132.05-97.3H45.1v61.15c38.83 77.13 118.64 130.01 210.9 130.01z\" fill=\"#34a853\"\/><path d=\"M123.95 300.84c-4.72-14.16-7.4-29.29-7.4-44.84s2.68-30.68 7.4-44.84V150.01H45.1C29.12 181.87 20 217.92 20 256c0 38.08 9.12 74.13 25.1 105.99l78.85-61.15z\" fill=\"#fbbc05\"\/><path d=\"M256 113.86c34.65 0 65.76 11.91 90.22 35.29l67.69-67.69C373.03 43.39 319.61 20 256 20c-92.25 0-172.07 52.89-210.9 130.01l78.85 61.15c18.56-55.78 70.59-97.3 132.05-97.3z\" fill=\"#ea4335\"\/><path d=\"M20 20h472v472H20V20z\"\/><\/g><\/symbol><\/svg><div class=\"grw-header\"><div class=\"grw-header-inner rpi-flx rpi-row12\"style=\"--dir:column;--align:center;--star-align-self:center\"><div class=\"rpi-flx rpi-col8\"style=\"--dir:column;--align:center;--star-align-self:center\"><span class=\"rpi-stars\" style=\"--rating:4.1\">4.1<\/span><div class=\"wp-google-powered\">powered by <span><span style=\"color:#3c6df0!important\">G<\/span><span style=\"color:#d93025!important\">o<\/span><span style=\"color:#fb8e28!important\">o<\/span><span style=\"color:#3c6df0!important\">g<\/span><span style=\"color:#188038!important\">l<\/span><span style=\"color:#d93025!important\">e<\/span><\/span><\/div><\/div><\/div><\/div><div class=\"grw-row grw-row-m\" data-options='{\"breakpoints\":\"3000:3,1200:3,1024:2,768:1,480:1\"}'><div class=\"grw-content\"><div class=\"grw-content-inner\"><div class=\"grw-reviews\"><div class=\"rpi-slide grw-review\"><div class=\"rpi-flx rpi-col12 grw-review-inner grw-backgnd\"><div class=\"rpi-flx rpi-row12-center\"><div class=\"grw-img-wrap\"><img loading=\"lazy\" decoding=\"async\" class=\"grw-img\" src=\"https:\/\/mikeladzenailstore.com\/wp-content\/uploads\/2025\/09\/ChIJ15-t2RGVC0cRTJC7zNLGcxY_6c5cafe0824fa4304b8074409bcddca3.jpg\" loading=\"lazy\" alt=\"Yohanka profile picture\" width=\"50\" height=\"50\" onerror=\"if(this.src!=&#039;https:\/\/mikeladzenailstore.com\/wp-content\/plugins\/widget-google-reviews\/assets\/img\/guest.png&#039;)this.src=&#039;https:\/\/mikeladzenailstore.com\/wp-content\/plugins\/widget-google-reviews\/assets\/img\/guest.png&#039;;\" title=\"image\"><\/div><div class=\"rpi-flx rpi-col6\"><a href=\"https:\/\/www.google.com\/maps\/contrib\/117272530942394712779\/reviews\" class=\"wp-google-name\" target=\"_blank\" rel=\"nofollow noopener\">Yohanka<\/a><div class=\"wp-google-time\" data-time=\"1754928354\">16:05 11 Aug 25<\/div><\/div><\/div><span class=\"rpi-stars\" style=\"--rating:5\"><\/span><div class=\"rpi-flx rpi-col4\"><div class=\"wp-google-feedback grw-scroll\" ><span class=\"wp-google-text\">Opravdu doporu\u010duji tento salon, zejm\u00e9na Irina! Je velmi detailn\u011b orientovan\u00e1 a d\u011bl\u00e1 perfektn\u00ed manik\u00faru i pro ty nejten\u010d\u00ed nehty, jako jsem j\u00e1.<\/span><\/div><\/div><svg height=\"16\" width=\"16\" role=\"none\"><use href=\"#grw-google\"\/><\/svg><\/div><\/div><div class=\"rpi-slide grw-review\"><div class=\"rpi-flx rpi-col12 grw-review-inner grw-backgnd\"><div class=\"rpi-flx rpi-row12-center\"><div class=\"grw-img-wrap\"><img loading=\"lazy\" decoding=\"async\" class=\"grw-img\" src=\"https:\/\/mikeladzenailstore.com\/wp-content\/uploads\/2025\/09\/ChIJ15-t2RGVC0cRTJC7zNLGcxY_128374ed927542f5a231a77b405178de.jpg\" loading=\"lazy\" alt=\"Julia Datsko profile picture\" width=\"50\" height=\"50\" onerror=\"if(this.src!=&#039;https:\/\/mikeladzenailstore.com\/wp-content\/plugins\/widget-google-reviews\/assets\/img\/guest.png&#039;)this.src=&#039;https:\/\/mikeladzenailstore.com\/wp-content\/plugins\/widget-google-reviews\/assets\/img\/guest.png&#039;;\" title=\"image\"><\/div><div class=\"rpi-flx rpi-col6\"><a href=\"https:\/\/www.google.com\/maps\/contrib\/108514759755928181014\/reviews\" class=\"wp-google-name\" target=\"_blank\" rel=\"nofollow noopener\">Julia Datsko<\/a><div class=\"wp-google-time\" data-time=\"1750113534\">22:38 16 Jun 25<\/div><\/div><\/div><span class=\"rpi-stars\" style=\"--rating:5\"><\/span><div class=\"rpi-flx rpi-col4\"><div class=\"wp-google-feedback grw-scroll\" ><span class=\"wp-google-text\">Nejlep\u0161\u00ed \u0161kola manik\u00fary &#x1f48c;<\/span><\/div><\/div><svg height=\"16\" width=\"16\" role=\"none\"><use href=\"#grw-google\"\/><\/svg><\/div><\/div><div class=\"rpi-slide grw-review\"><div class=\"rpi-flx rpi-col12 grw-review-inner grw-backgnd\"><div class=\"rpi-flx rpi-row12-center\"><div class=\"grw-img-wrap\"><img loading=\"lazy\" decoding=\"async\" class=\"grw-img\" src=\"https:\/\/mikeladzenailstore.com\/wp-content\/uploads\/2025\/09\/ChIJ15-t2RGVC0cRTJC7zNLGcxY_64e21c00548d5d3a53f6f0cf578e9175.jpg\" loading=\"lazy\" alt=\"Sn\u011b\u017eana Vorochtov\u00e1 profile picture\" width=\"50\" height=\"50\" onerror=\"if(this.src!=&#039;https:\/\/mikeladzenailstore.com\/wp-content\/plugins\/widget-google-reviews\/assets\/img\/guest.png&#039;)this.src=&#039;https:\/\/mikeladzenailstore.com\/wp-content\/plugins\/widget-google-reviews\/assets\/img\/guest.png&#039;;\" title=\"image\"><\/div><div class=\"rpi-flx rpi-col6\"><a href=\"https:\/\/www.google.com\/maps\/contrib\/112066332081999382929\/reviews\" class=\"wp-google-name\" target=\"_blank\" rel=\"nofollow noopener\">Sn\u011b\u017eana Vorochtov\u00e1<\/a><div class=\"wp-google-time\" data-time=\"1741176705\">12:11 05 Mar 25<\/div><\/div><\/div><span class=\"rpi-stars\" style=\"--rating:5\"><\/span><div class=\"rpi-flx rpi-col4\"><div class=\"wp-google-feedback grw-scroll\" ><span class=\"wp-google-text\">M\u011bla jsem \u0161t\u011bst\u00ed a skv\u011blou zku\u0161enost , vysok\u00fd profesion\u00e1ln\u00ed p\u0159\u00edstup, moc a v\u0159ele doporu\u010duji&#x1fa84;&#x1f340;&#x1f44c;ur\u010dit\u011b se vr\u00e1t\u00edm &#x1f64c;&#x1f340;&#x1f485;<\/span><\/div><\/div><svg height=\"16\" width=\"16\" role=\"none\"><use href=\"#grw-google\"\/><\/svg><\/div><\/div><\/div><\/div><\/div><\/div><script>(function(p){if(!p)return;let w=p.offsetWidth,m=function(a,b){return Math.min(a,b)===a};p.querySelector('.grw-row').classList.replace('grw-row-m','grw-row-'+(m(w,510)?'xs':m(w,750)?'x':m(w,1100)?'s':m(w,1450)?'m':m(w,1800)?'l':'xl'))})(document.currentScript?.parentElement)<\/script><\/div><\/div>\n\t\t\t\t\t\t<\/div>\n\t\t\t\t<div class=\"elementor-element elementor-element-10bb566 elementor-align-center elementor-widget elementor-widget-button\" data-id=\"10bb566\" data-element_type=\"widget\" data-widget_type=\"button.default\">\n\t\t\t\t\t\t\t\t\t\t<a class=\"elementor-button elementor-button-link elementor-size-sm\" href=\"https:\/\/search.google.com\/local\/writereview?placeid=ChIJ15-t2RGVC0cRTJC7zNLGcxY\" rel=\"nofollow noopener\" target=\"_blank\">\n\t\t\t\t\t\t<span class=\"elementor-button-content-wrapper\">\n\t\t\t\t\t\t\t\t\t<span class=\"elementor-button-text\">Rate us<\/span>\n\t\t\t\t\t<\/span>\n\t\t\t\t\t<\/a>\n\t\t\t\t\t\t\t\t<\/div>\n\t\t\t\t\t<\/div>\n\t\t\t\t<\/div>\n\t\t\t\t<\/div>\n\t\t","protected":false},"excerpt":{"rendered":"<p>Rate us<\/p>\n","protected":false},"author":2,"featured_media":0,"parent":0,"menu_order":0,"comment_status":"closed","ping_status":"closed","template":"","meta":{"footnotes":""},"class_list":["post-2046","page","type-page","status-publish","hentry"],"acf":[],"_links":{"self":[{"href":"https:\/\/mikeladzenailstore.com\/en\/wp-json\/wp\/v2\/pages\/2046","targetHints":{"allow":["GET"]}}],"collection":[{"href":"https:\/\/mikeladzenailstore.com\/en\/wp-json\/wp\/v2\/pages"}],"about":[{"href":"https:\/\/mikeladzenailstore.com\/en\/wp-json\/wp\/v2\/types\/page"}],"author":[{"embeddable":true,"href":"https:\/\/mikeladzenailstore.com\/en\/wp-json\/wp\/v2\/users\/2"}],"replies":[{"embeddable":true,"href":"https:\/\/mikeladzenailstore.com\/en\/wp-json\/wp\/v2\/comments?post=2046"}],"version-history":[{"count":0,"href":"https:\/\/mikeladzenailstore.com\/en\/wp-json\/wp\/v2\/pages\/2046\/revisions"}],"wp:attachment":[{"href":"https:\/\/mikeladzenailstore.com\/en\/wp-json\/wp\/v2\/media?parent=2046"}],"curies":[{"name":"wp","href":"https:\/\/api.w.org\/{rel}","templated":true}]}}