{"id":2178,"date":"2025-09-17T10:01:24","date_gmt":"2025-09-17T10:01:24","guid":{"rendered":"https:\/\/mikeladzenailstore.com\/akademie\/"},"modified":"2025-10-16T15:45:36","modified_gmt":"2025-10-16T15:45:36","slug":"akademie","status":"publish","type":"page","link":"https:\/\/mikeladzenailstore.com\/en\/akademie\/","title":{"rendered":"Academy"},"content":{"rendered":"\t\t<div data-elementor-type=\"wp-page\" data-elementor-id=\"2178\" class=\"elementor elementor-2178 elementor-252\" data-elementor-post-type=\"page\">\n\t\t\t\t\t\t<section class=\"elementor-section elementor-top-section elementor-element elementor-element-43f1992e elementor-section-content-middle elementor-section-boxed elementor-section-height-default elementor-section-height-default\" data-id=\"43f1992e\" data-element_type=\"section\" data-settings=\"{&quot;background_background&quot;:&quot;classic&quot;}\">\n\t\t\t\t\t\t<div class=\"elementor-container elementor-column-gap-default\">\n\t\t\t\t\t<div class=\"elementor-column elementor-col-50 elementor-top-column elementor-element elementor-element-1f1bf957\" data-id=\"1f1bf957\" data-element_type=\"column\">\n\t\t\t<div class=\"elementor-widget-wrap elementor-element-populated\">\n\t\t\t\t\t\t<div class=\"elementor-element elementor-element-7e724dc8 elementor-widget elementor-widget-heading\" data-id=\"7e724dc8\" data-element_type=\"widget\" data-widget_type=\"heading.default\">\n\t\t\t\t\t<h2 class=\"elementor-heading-title elementor-size-default\">What do you get from Mikeladze Nail Academy?<\/h2>\t\t\t\t<\/div>\n\t\t\t\t<div class=\"elementor-element elementor-element-a1aa13d elementor-icon-list--layout-traditional elementor-list-item-link-full_width elementor-widget elementor-widget-icon-list\" data-id=\"a1aa13d\" data-element_type=\"widget\" data-widget_type=\"icon-list.default\">\n\t\t\t\t\t\t\t<ul class=\"elementor-icon-list-items\">\n\t\t\t\t\t\t\t<li class=\"elementor-icon-list-item\">\n\t\t\t\t\t\t\t\t\t\t\t<span class=\"elementor-icon-list-icon\">\n\t\t\t\t\t\t\t<svg aria-hidden=\"true\" class=\"e-font-icon-svg e-fas-check-circle\" viewBox=\"0 0 512 512\" xmlns=\"http:\/\/www.w3.org\/2000\/svg\"><path d=\"M504 256c0 136.967-111.033 248-248 248S8 392.967 8 256 119.033 8 256 8s248 111.033 248 248zM227.314 387.314l184-184c6.248-6.248 6.248-16.379 0-22.627l-22.627-22.627c-6.248-6.249-16.379-6.249-22.628 0L216 308.118l-70.059-70.059c-6.248-6.248-16.379-6.248-22.628 0l-22.627 22.627c-6.248 6.248-6.248 16.379 0 22.627l104 104c6.249 6.249 16.379 6.249 22.628.001z\"><\/path><\/svg>\t\t\t\t\t\t<\/span>\n\t\t\t\t\t\t\t\t\t\t<span class=\"elementor-icon-list-text\">Basic manicure courses: group and individual. Four days of theory and practice. Guides on running an Instagram account and how to register a trade license. <br><br>Support for six months and the opportunity for an internship. Tuition can be divided into three installments.<\/span>\n\t\t\t\t\t\t\t\t\t<\/li>\n\t\t\t\t\t\t\t\t<li class=\"elementor-icon-list-item\">\n\t\t\t\t\t\t\t\t\t\t\t<span class=\"elementor-icon-list-icon\">\n\t\t\t\t\t\t\t<svg aria-hidden=\"true\" class=\"e-font-icon-svg e-fas-check-circle\" viewBox=\"0 0 512 512\" xmlns=\"http:\/\/www.w3.org\/2000\/svg\"><path d=\"M504 256c0 136.967-111.033 248-248 248S8 392.967 8 256 119.033 8 256 8s248 111.033 248 248zM227.314 387.314l184-184c6.248-6.248 6.248-16.379 0-22.627l-22.627-22.627c-6.248-6.249-16.379-6.249-22.628 0L216 308.118l-70.059-70.059c-6.248-6.248-16.379-6.248-22.628 0l-22.627 22.627c-6.248 6.248-6.248 16.379 0 22.627l104 104c6.249 6.249 16.379 6.249 22.628.001z\"><\/path><\/svg>\t\t\t\t\t\t<\/span>\n\t\t\t\t\t\t\t\t\t\t<span class=\"elementor-icon-list-text\">Advanced training courses: group, individual, and corporate.<\/span>\n\t\t\t\t\t\t\t\t\t<\/li>\n\t\t\t\t\t\t<\/ul>\n\t\t\t\t\t\t<\/div>\n\t\t\t\t<div class=\"elementor-element elementor-element-741d4553 elementor-widget elementor-widget-text-editor\" data-id=\"741d4553\" data-element_type=\"widget\" data-widget_type=\"text-editor.default\">\n\t\t\t\t\t\t\t\t\t<p>Strengthening natural nails and safe combi techniques \u2013 working with hard materials: gel and polygel.<br \/>Combined manicure without moving the drill over the nail plate.<\/p><p>For groups of more than 8 students, two instructors are provided.<\/p>\t\t\t\t\t\t\t\t<\/div>\n\t\t\t\t\t<\/div>\n\t\t<\/div>\n\t\t\t\t<div class=\"elementor-column elementor-col-50 elementor-top-column elementor-element elementor-element-79df95f1\" data-id=\"79df95f1\" data-element_type=\"column\" data-settings=\"{&quot;background_background&quot;:&quot;classic&quot;}\">\n\t\t\t<div class=\"elementor-widget-wrap elementor-element-populated\">\n\t\t\t\t\t\t<div class=\"elementor-element elementor-element-33d6936 elementor-widget elementor-widget-video\" data-id=\"33d6936\" data-element_type=\"widget\" data-settings=\"{&quot;video_type&quot;:&quot;hosted&quot;,&quot;mute&quot;:&quot;yes&quot;,&quot;loop&quot;:&quot;yes&quot;,&quot;controls&quot;:&quot;yes&quot;}\" data-widget_type=\"video.default\">\n\t\t\t\t\t\t\t<div class=\"e-hosted-video elementor-wrapper elementor-open-inline\">\n\t\t\t\t\t<video class=\"elementor-video\" src=\"https:\/\/mikeladzenailstore.com\/wp-content\/uploads\/2025\/10\/file.mp4\" loop=\"\" controls=\"\" preload=\"metadata\" muted=\"muted\" controlsList=\"nodownload\" poster=\"https:\/\/mikeladzenailstore.com\/wp-content\/uploads\/2025\/10\/tfyhij.png\"><\/video>\n\t\t\t\t<\/div>\n\t\t\t\t\t\t<\/div>\n\t\t\t\t\t<\/div>\n\t\t<\/div>\n\t\t\t\t\t<\/div>\n\t\t<\/section>\n\t\t<div class=\"elementor-element elementor-element-19f9882 e-flex e-con-boxed e-con e-parent\" data-id=\"19f9882\" data-element_type=\"container\">\n\t\t\t\t\t<div class=\"e-con-inner\">\n\t\t\t\t<div class=\"elementor-element elementor-element-6b3998c elementor-widget elementor-widget-heading\" data-id=\"6b3998c\" data-element_type=\"widget\" data-widget_type=\"heading.default\">\n\t\t\t\t\t<h2 class=\"elementor-heading-title elementor-size-default\">Courses\n<\/h2>\t\t\t\t<\/div>\n\t\t\t\t<div class=\"elementor-element elementor-element-ce0194d elementor-posts--align-center my-cust-kurs elementor-grid-tablet-3 elementor-grid-3 elementor-grid-mobile-1 elementor-posts--thumbnail-top elementor-posts__hover-gradient elementor-widget elementor-widget-posts\" data-id=\"ce0194d\" data-element_type=\"widget\" data-settings=\"{&quot;cards_row_gap&quot;:{&quot;unit&quot;:&quot;px&quot;,&quot;size&quot;:40,&quot;sizes&quot;:[]},&quot;pagination_type&quot;:&quot;numbers_and_prev_next&quot;,&quot;cards_columns_tablet&quot;:&quot;3&quot;,&quot;cards_columns&quot;:&quot;3&quot;,&quot;cards_columns_mobile&quot;:&quot;1&quot;,&quot;cards_row_gap_tablet&quot;:{&quot;unit&quot;:&quot;px&quot;,&quot;size&quot;:&quot;&quot;,&quot;sizes&quot;:[]},&quot;cards_row_gap_mobile&quot;:{&quot;unit&quot;:&quot;px&quot;,&quot;size&quot;:&quot;&quot;,&quot;sizes&quot;:[]}}\" data-widget_type=\"posts.cards\">\n\t\t\t\t<div class=\"elementor-widget-container\">\n\t\t\t\t\t\t\t<div class=\"elementor-posts-container elementor-posts elementor-posts--skin-cards elementor-grid\" role=\"list\">\n\t\t\t\t<article class=\"elementor-post elementor-grid-item post-13902 kurz type-kurz status-publish hentry\" role=\"listitem\">\n\t\t\t<div class=\"elementor-post__card\">\n\t\t\t\t<div class=\"elementor-post__text\">\n\t\t\t\t<h3 class=\"elementor-post__title\">\n\t\t\t<a href=\"https:\/\/mikeladzenailstore.com\/en\/kurz\/skoleni-pro-salony\/\" >\n\t\t\t\t\u0160koleni pro salony\t\t\t<\/a>\n\t\t<\/h3>\n\t\t\t\t<div class=\"elementor-post__excerpt\">\n\t\t\t<p>\ud83d\udc8e Chcete pos\u00edlit sv\u016fj t\u00fdm a sn\u00ed\u017eit po\u010det reklamac\u00ed? \ud83d\udc8e Chcete, aby se va\u0161i klienti vraceli s radost\u00ed a d\u016fv\u011brou?<\/p>\n\t\t<\/div>\n\t\t\n\t\t<a class=\"elementor-post__read-more\" href=\"https:\/\/mikeladzenailstore.com\/en\/kurz\/skoleni-pro-salony\/\" aria-label=\"Read more about \u0160koleni pro salony\" tabindex=\"-1\" >\n\t\t\tRead more \u00bb\t\t<\/a>\n\n\t\t\t\t<\/div>\n\t\t\t\t\t<\/div>\n\t\t<\/article>\n\t\t\t\t<article class=\"elementor-post elementor-grid-item post-2528 kurz type-kurz status-publish has-post-thumbnail hentry\" role=\"listitem\">\n\t\t\t<div class=\"elementor-post__card\">\n\t\t\t\t<a class=\"elementor-post__thumbnail__link\" href=\"https:\/\/mikeladzenailstore.com\/en\/kurz\/kombinace-a-hardware\/\" tabindex=\"-1\" ><div class=\"elementor-post__thumbnail\"><img fetchpriority=\"high\" decoding=\"async\" width=\"352\" height=\"488\" src=\"https:\/\/mikeladzenailstore.com\/wp-content\/uploads\/2025\/10\/6.png\" class=\"attachment-full size-full wp-image-650\" alt=\"image\" srcset=\"https:\/\/mikeladzenailstore.com\/wp-content\/uploads\/2025\/10\/6.png 352w, https:\/\/mikeladzenailstore.com\/wp-content\/uploads\/2025\/10\/6-216x300.png 216w\" sizes=\"(max-width: 352px) 100vw, 352px\" title=\"image\"><\/div><\/a>\n\t\t\t\t<div class=\"elementor-post__text\">\n\t\t\t\t<h3 class=\"elementor-post__title\">\n\t\t\t<a href=\"https:\/\/mikeladzenailstore.com\/en\/kurz\/kombinace-a-hardware\/\" >\n\t\t\t\tCombination and Hardware\t\t\t<\/a>\n\t\t<\/h3>\n\t\t\t\t<div class=\"elementor-post__excerpt\">\n\t\t\t<p>Combination and Hardware. Complete Restart. Anatomy and histology Tool selection Safe operation of equipment and proper removal of old material<\/p>\n\t\t<\/div>\n\t\t\n\t\t<a class=\"elementor-post__read-more\" href=\"https:\/\/mikeladzenailstore.com\/en\/kurz\/kombinace-a-hardware\/\" aria-label=\"Read more about Combination and Hardware\" tabindex=\"-1\" >\n\t\t\tRead more \u00bb\t\t<\/a>\n\n\t\t\t\t<\/div>\n\t\t\t\t\t<\/div>\n\t\t<\/article>\n\t\t\t\t<article class=\"elementor-post elementor-grid-item post-2508 kurz type-kurz status-publish has-post-thumbnail hentry\" role=\"listitem\">\n\t\t\t<div class=\"elementor-post__card\">\n\t\t\t\t<a class=\"elementor-post__thumbnail__link\" href=\"https:\/\/mikeladzenailstore.com\/en\/kurz\/zpevneni-prirodnich-nehtu\/\" tabindex=\"-1\" ><div class=\"elementor-post__thumbnail\"><img decoding=\"async\" width=\"363\" height=\"454\" src=\"https:\/\/mikeladzenailstore.com\/wp-content\/uploads\/2025\/10\/5.png\" class=\"attachment-full size-full wp-image-651\" alt=\"image\" srcset=\"https:\/\/mikeladzenailstore.com\/wp-content\/uploads\/2025\/10\/5.png 363w, https:\/\/mikeladzenailstore.com\/wp-content\/uploads\/2025\/10\/5-240x300.png 240w\" sizes=\"(max-width: 363px) 100vw, 363px\" title=\"image\"><\/div><\/a>\n\t\t\t\t<div class=\"elementor-post__text\">\n\t\t\t\t<h3 class=\"elementor-post__title\">\n\t\t\t<a href=\"https:\/\/mikeladzenailstore.com\/en\/kurz\/zpevneni-prirodnich-nehtu\/\" >\n\t\t\t\tStrengthening Natural Nails + Combi Manicure\t\t\t<\/a>\n\t\t<\/h3>\n\t\t\t\t<div class=\"elementor-post__excerpt\">\n\t\t\t<p>It is one of the most in-demand services among nail masters\u200b Course Program: Structure and types of nail plates How<\/p>\n\t\t<\/div>\n\t\t\n\t\t<a class=\"elementor-post__read-more\" href=\"https:\/\/mikeladzenailstore.com\/en\/kurz\/zpevneni-prirodnich-nehtu\/\" aria-label=\"Read more about Strengthening Natural Nails + Combi Manicure\" tabindex=\"-1\" >\n\t\t\tRead more \u00bb\t\t<\/a>\n\n\t\t\t\t<\/div>\n\t\t\t\t\t<\/div>\n\t\t<\/article>\n\t\t\t\t<article class=\"elementor-post elementor-grid-item post-2490 kurz type-kurz status-publish has-post-thumbnail hentry\" role=\"listitem\">\n\t\t\t<div class=\"elementor-post__card\">\n\t\t\t\t<a class=\"elementor-post__thumbnail__link\" href=\"https:\/\/mikeladzenailstore.com\/en\/kurz\/bez-prachu-zvyseni-kvalifikace\/\" tabindex=\"-1\" ><div class=\"elementor-post__thumbnail\"><img decoding=\"async\" width=\"352\" height=\"488\" src=\"https:\/\/mikeladzenailstore.com\/wp-content\/uploads\/2025\/10\/4.png\" class=\"attachment-full size-full wp-image-648\" alt=\"image\" srcset=\"https:\/\/mikeladzenailstore.com\/wp-content\/uploads\/2025\/10\/4.png 352w, https:\/\/mikeladzenailstore.com\/wp-content\/uploads\/2025\/10\/4-216x300.png 216w\" sizes=\"(max-width: 352px) 100vw, 352px\" title=\"image\"><\/div><\/a>\n\t\t\t\t<div class=\"elementor-post__text\">\n\t\t\t\t<h3 class=\"elementor-post__title\">\n\t\t\t<a href=\"https:\/\/mikeladzenailstore.com\/en\/kurz\/bez-prachu-zvyseni-kvalifikace\/\" >\n\t\t\t\tDust-Free Advanced Training\t\t\t<\/a>\n\t\t<\/h3>\n\t\t\t\t<div class=\"elementor-post__excerpt\">\n\t\t\t<p>I designed this program based on working with the most popular products in a nail master\u2019s career. I\u2019ll teach you<\/p>\n\t\t<\/div>\n\t\t\n\t\t<a class=\"elementor-post__read-more\" href=\"https:\/\/mikeladzenailstore.com\/en\/kurz\/bez-prachu-zvyseni-kvalifikace\/\" aria-label=\"Read more about Dust-Free Advanced Training\" tabindex=\"-1\" >\n\t\t\tRead more \u00bb\t\t<\/a>\n\n\t\t\t\t<\/div>\n\t\t\t\t\t<\/div>\n\t\t<\/article>\n\t\t\t\t<article class=\"elementor-post elementor-grid-item post-2471 kurz type-kurz status-publish has-post-thumbnail hentry\" role=\"listitem\">\n\t\t\t<div class=\"elementor-post__card\">\n\t\t\t\t<a class=\"elementor-post__thumbnail__link\" href=\"https:\/\/mikeladzenailstore.com\/en\/kurz\/esteticka-hardware-pedikura\/\" tabindex=\"-1\" ><div class=\"elementor-post__thumbnail\"><img loading=\"lazy\" decoding=\"async\" width=\"375\" height=\"508\" src=\"https:\/\/mikeladzenailstore.com\/wp-content\/uploads\/2025\/10\/3.png\" class=\"attachment-full size-full wp-image-649\" alt=\"image\" srcset=\"https:\/\/mikeladzenailstore.com\/wp-content\/uploads\/2025\/10\/3.png 375w, https:\/\/mikeladzenailstore.com\/wp-content\/uploads\/2025\/10\/3-221x300.png 221w\" sizes=\"(max-width: 375px) 100vw, 375px\" title=\"image\"><\/div><\/a>\n\t\t\t\t<div class=\"elementor-post__text\">\n\t\t\t\t<h3 class=\"elementor-post__title\">\n\t\t\t<a href=\"https:\/\/mikeladzenailstore.com\/en\/kurz\/esteticka-hardware-pedikura\/\" >\n\t\t\t\tAesthetic Hardware Pedicure\t\t\t<\/a>\n\t\t<\/h3>\n\t\t\t\t<div class=\"elementor-post__excerpt\">\n\t\t\t<p>Basic Course with Elements of Podiatry Girls! Don\u2019t confuse this course with podology. I am not a podiatrist and would<\/p>\n\t\t<\/div>\n\t\t\n\t\t<a class=\"elementor-post__read-more\" href=\"https:\/\/mikeladzenailstore.com\/en\/kurz\/esteticka-hardware-pedikura\/\" aria-label=\"Read more about Aesthetic Hardware Pedicure\" tabindex=\"-1\" >\n\t\t\tRead more \u00bb\t\t<\/a>\n\n\t\t\t\t<\/div>\n\t\t\t\t\t<\/div>\n\t\t<\/article>\n\t\t\t\t<article class=\"elementor-post elementor-grid-item post-2451 kurz type-kurz status-publish has-post-thumbnail hentry\" role=\"listitem\">\n\t\t\t<div class=\"elementor-post__card\">\n\t\t\t\t<a class=\"elementor-post__thumbnail__link\" href=\"https:\/\/mikeladzenailstore.com\/en\/kurz\/modelaz-nehtu\/\" tabindex=\"-1\" ><div class=\"elementor-post__thumbnail\"><img loading=\"lazy\" decoding=\"async\" width=\"353\" height=\"450\" src=\"https:\/\/mikeladzenailstore.com\/wp-content\/uploads\/2025\/10\/2.png\" class=\"attachment-full size-full wp-image-2119\" alt=\"image\" srcset=\"https:\/\/mikeladzenailstore.com\/wp-content\/uploads\/2025\/10\/2.png 353w, https:\/\/mikeladzenailstore.com\/wp-content\/uploads\/2025\/10\/2-235x300.png 235w\" sizes=\"(max-width: 353px) 100vw, 353px\" title=\"image\"><\/div><\/a>\n\t\t\t\t<div class=\"elementor-post__text\">\n\t\t\t\t<h3 class=\"elementor-post__title\">\n\t\t\t<a href=\"https:\/\/mikeladzenailstore.com\/en\/kurz\/modelaz-nehtu\/\" >\n\t\t\t\tNail Extensions + Combined Manicure\t\t\t<\/a>\n\t\t<\/h3>\n\t\t\t\t<div class=\"elementor-post__excerpt\">\n\t\t\t<p>Theoretical Module: Basic theory of nail modeling Anatomy and histology Fast and safe combined manicure Finally, I understood the template<\/p>\n\t\t<\/div>\n\t\t\n\t\t<a class=\"elementor-post__read-more\" href=\"https:\/\/mikeladzenailstore.com\/en\/kurz\/modelaz-nehtu\/\" aria-label=\"Read more about Nail Extensions + Combined Manicure\" tabindex=\"-1\" >\n\t\t\tRead more \u00bb\t\t<\/a>\n\n\t\t\t\t<\/div>\n\t\t\t\t\t<\/div>\n\t\t<\/article>\n\t\t\t\t<article class=\"elementor-post elementor-grid-item post-2434 kurz type-kurz status-publish has-post-thumbnail hentry\" role=\"listitem\">\n\t\t\t<div class=\"elementor-post__card\">\n\t\t\t\t<a class=\"elementor-post__thumbnail__link\" href=\"https:\/\/mikeladzenailstore.com\/en\/kurz\/manikerka-na-klic\/\" tabindex=\"-1\" ><div class=\"elementor-post__thumbnail\"><img loading=\"lazy\" decoding=\"async\" width=\"353\" height=\"450\" src=\"https:\/\/mikeladzenailstore.com\/wp-content\/uploads\/2025\/10\/IMG_7494_JPG.png\" class=\"attachment-full size-full wp-image-652\" alt=\"image\" srcset=\"https:\/\/mikeladzenailstore.com\/wp-content\/uploads\/2025\/10\/IMG_7494_JPG.png 353w, https:\/\/mikeladzenailstore.com\/wp-content\/uploads\/2025\/10\/IMG_7494_JPG-235x300.png 235w\" sizes=\"(max-width: 353px) 100vw, 353px\" title=\"image\"><\/div><\/a>\n\t\t\t\t<div class=\"elementor-post__text\">\n\t\t\t\t<h3 class=\"elementor-post__title\">\n\t\t\t<a href=\"https:\/\/mikeladzenailstore.com\/en\/kurz\/manikerka-na-klic\/\" >\n\t\t\t\tManicurist from Scratch\t\t\t<\/a>\n\t\t<\/h3>\n\t\t\t\t<div class=\"elementor-post__excerpt\">\n\t\t\t<p>Program: Introduction to the profession Anatomy and histology Workplace organization Disinfection and sterilization Choosing the right equipment and lamps Files<\/p>\n\t\t<\/div>\n\t\t\n\t\t<a class=\"elementor-post__read-more\" href=\"https:\/\/mikeladzenailstore.com\/en\/kurz\/manikerka-na-klic\/\" aria-label=\"Read more about Manicurist from Scratch\" tabindex=\"-1\" >\n\t\t\tRead more \u00bb\t\t<\/a>\n\n\t\t\t\t<\/div>\n\t\t\t\t\t<\/div>\n\t\t<\/article>\n\t\t\t\t<\/div>\n\t\t\n\t\t\t\t\t\t<\/div>\n\t\t\t\t<\/div>\n\t\t\t\t\t<\/div>\n\t\t\t\t<\/div>\n\t\t\t\t<\/div>\n\t\t","protected":false},"excerpt":{"rendered":"<p>What do you get from Mikeladze Nail Academy? Basic manicure courses: group and individual. Four days of theory and practice. Guides on running an Instagram account and how to register a trade license. Support for six months and the opportunity for an internship. Tuition can be divided into three installments. Advanced training courses: group, individual, [&hellip;]<\/p>\n","protected":false},"author":2,"featured_media":0,"parent":0,"menu_order":0,"comment_status":"closed","ping_status":"closed","template":"elementor_header_footer","meta":{"footnotes":""},"class_list":["post-2178","page","type-page","status-publish","hentry"],"acf":[],"_links":{"self":[{"href":"https:\/\/mikeladzenailstore.com\/en\/wp-json\/wp\/v2\/pages\/2178","targetHints":{"allow":["GET"]}}],"collection":[{"href":"https:\/\/mikeladzenailstore.com\/en\/wp-json\/wp\/v2\/pages"}],"about":[{"href":"https:\/\/mikeladzenailstore.com\/en\/wp-json\/wp\/v2\/types\/page"}],"author":[{"embeddable":true,"href":"https:\/\/mikeladzenailstore.com\/en\/wp-json\/wp\/v2\/users\/2"}],"replies":[{"embeddable":true,"href":"https:\/\/mikeladzenailstore.com\/en\/wp-json\/wp\/v2\/comments?post=2178"}],"version-history":[{"count":0,"href":"https:\/\/mikeladzenailstore.com\/en\/wp-json\/wp\/v2\/pages\/2178\/revisions"}],"wp:attachment":[{"href":"https:\/\/mikeladzenailstore.com\/en\/wp-json\/wp\/v2\/media?parent=2178"}],"curies":[{"name":"wp","href":"https:\/\/api.w.org\/{rel}","templated":true}]}}