{"id":14802,"date":"2026-01-07T17:57:36","date_gmt":"2026-01-07T17:57:36","guid":{"rendered":"https:\/\/mikeladzenailstore.com\/?post_type=product&#038;p=14802"},"modified":"2026-03-26T20:01:47","modified_gmt":"2026-03-26T20:01:47","slug":"base-control-jz-nails-group","status":"publish","type":"product","link":"https:\/\/mikeladzenailstore.com\/en\/p\/base-control-jz-nails-group\/","title":{"rendered":"Base control JZ Nails Group"},"content":{"rendered":"<p>B\u00e1ze je lepidlo na tipy, speci\u00e1ln\u011b vyvinut\u00e9 pro zaji\u0161t\u011bn\u00ed maxim\u00e1ln\u011b odoln\u00e9 p\u0159ilnavosti k polymerov\u00fdm tip\u016fm a je bezpe\u010dn\u00e9 pro p\u0159\u00edrodn\u00ed nehtovou plot\u00e9nku.<br \/>\nIde\u00e1ln\u00ed pro z\u00e1kladn\u00ed (gruntovac\u00ed) p\u0159ekryt\u00ed.<br \/>\nP\u0159i fixaci tip\u016f nezvy\u0161uje nadm\u011brn\u011b tlou\u0161\u0165ku.<br \/>\nZaji\u0161\u0165uje maxim\u00e1ln\u00ed pevnost spojen\u00ed d\u00edky kyanoakryl\u00e1tov\u00fdm monomer\u016fm.<br \/>\nLze pou\u017e\u00edt jako z\u00e1kladn\u00ed vrstvu pod tvrd\u00fd gelov\u00fd syst\u00e9m, nen\u00ed nutn\u00e1 aplikace ultrabondu.<\/p>\n<p>\u2e3b<\/p>\n<p>\ud83d\udd8c\ufe0f Postup aplikace:<br \/>\n1. Na p\u0159ipraven\u00fd nehet naneste z\u00e1kladn\u00ed (gruntovac\u00ed) vrstvu b\u00e1ze.<br \/>\n2. Polymerizujte 30 sekund.<br \/>\n3. Naneste pot\u0159ebn\u00e9 mno\u017estv\u00ed b\u00e1ze na kontaktn\u00ed z\u00f3nu tipu, pevn\u011b p\u0159itla\u010dte k nehtov\u00e9 plot\u00e9nce a p\u0159ipevn\u011bte.<br \/>\n4. Polymerizace: 60 sekund \/ 395 nm.<\/p>\n","protected":false},"excerpt":{"rendered":"<p data-start=\"72\" data-end=\"507\">Tato b\u00e1ze-lepidlo na tipy je vytvo\u0159ena speci\u00e1ln\u011b pro zaji\u0161t\u011bn\u00ed <strong data-start=\"135\" data-end=\"182\">superodoln\u00e9 p\u0159ilnavosti k polymerov\u00fdm tip\u016fm<\/strong> a je <strong data-start=\"188\" data-end=\"222\">bezpe\u010dn\u00e1 pro nehtovou plot\u00e9nku<\/strong>. Je ide\u00e1ln\u00ed pro <strong data-start=\"239\" data-end=\"259\">d\u016fkladn\u00e9 zakryt\u00ed<\/strong> a nezanech\u00e1v\u00e1 p\u0159i p\u0159ipev\u0148ov\u00e1n\u00ed tip\u016f <strong data-start=\"296\" data-end=\"318\">nadm\u011brnou tlou\u0161\u0165ku<\/strong>. D\u00edky <strong data-start=\"325\" data-end=\"355\">cyanoakryl\u00e1tov\u00fdm monomer\u016fm<\/strong> zaji\u0161\u0165uje <strong data-start=\"366\" data-end=\"395\">maxim\u00e1ln\u00ed pevnost spojen\u00ed<\/strong>. M\u016f\u017ee b\u00fdt pou\u017eita jako <strong data-start=\"419\" data-end=\"468\">z\u00e1kladn\u00ed kryc\u00ed vrstva pod tvrd\u00fd gelov\u00fd syst\u00e9m<\/strong> a <strong data-start=\"471\" data-end=\"506\">nevy\u017eaduje aplikaci ultra bondu<\/strong>.<\/p>\n<p data-start=\"509\" data-end=\"521\"><strong data-start=\"509\" data-end=\"521\">Pou\u017eit\u00ed:<\/strong><\/p>\n<ol data-start=\"522\" data-end=\"772\">\n<li data-start=\"522\" data-end=\"577\">\n<p data-start=\"525\" data-end=\"577\">Na p\u0159ipraven\u00fd nehet naneste d\u016fkladnou vrstvu b\u00e1ze.<\/p>\n<\/li>\n<li data-start=\"578\" data-end=\"606\">\n<p data-start=\"581\" data-end=\"606\"><strong data-start=\"581\" data-end=\"603\">Polymerizujte 30 s<\/strong>.<\/p>\n<\/li>\n<li data-start=\"607\" data-end=\"709\">\n<p data-start=\"610\" data-end=\"709\">Naneste pot\u0159ebn\u00e9 mno\u017estv\u00ed b\u00e1ze na kontaktn\u00ed z\u00f3nu tip\u016f a <strong data-start=\"666\" data-end=\"706\">pevn\u011b p\u0159itiskn\u011bte k nehtov\u00e9 plot\u00e9nce<\/strong>.<\/p>\n<\/li>\n<li data-start=\"710\" data-end=\"734\">\n<p data-start=\"713\" data-end=\"734\"><strong data-start=\"713\" data-end=\"732\">P\u0159ipevn\u011bte tip.<\/strong><\/p>\n<\/li>\n<li data-start=\"735\" data-end=\"772\">\n<p data-start=\"738\" data-end=\"772\"><strong data-start=\"738\" data-end=\"772\">Polymerizujte 60 s p\u0159i 395 nm.<\/strong><\/p>\n<\/li>\n<\/ol>\n<p data-start=\"774\" data-end=\"883\">Pokud chce\u0161, m\u016f\u017eu ti pomoct s jazykov\u00fdmi \u00fapravami nebo technick\u00fdmi term\u00edny pro profesion\u00e1ln\u00ed salonn\u00ed pou\u017eit\u00ed.<\/p>\n","protected":false},"featured_media":14803,"comment_status":"closed","ping_status":"closed","template":"","meta":[],"pwb-brand":[],"product_brand":[],"product_cat":[90],"product_tag":[],"berocket_brand":[489],"class_list":{"0":"post-14802","1":"product","2":"type-product","3":"status-publish","4":"has-post-thumbnail","6":"product_cat-base-jz-nails-group","7":"berocket_brand-jz-nails-group","9":"first","10":"instock","11":"taxable","12":"shipping-taxable","13":"purchasable","14":"product-type-simple"},"acf":[],"brands":[],"_links":{"self":[{"href":"https:\/\/mikeladzenailstore.com\/en\/wp-json\/wp\/v2\/product\/14802","targetHints":{"allow":["GET"]}}],"collection":[{"href":"https:\/\/mikeladzenailstore.com\/en\/wp-json\/wp\/v2\/product"}],"about":[{"href":"https:\/\/mikeladzenailstore.com\/en\/wp-json\/wp\/v2\/types\/product"}],"replies":[{"embeddable":true,"href":"https:\/\/mikeladzenailstore.com\/en\/wp-json\/wp\/v2\/comments?post=14802"}],"version-history":[{"count":0,"href":"https:\/\/mikeladzenailstore.com\/en\/wp-json\/wp\/v2\/product\/14802\/revisions"}],"wp:featuredmedia":[{"embeddable":true,"href":"https:\/\/mikeladzenailstore.com\/en\/wp-json\/wp\/v2\/media\/14803"}],"wp:attachment":[{"href":"https:\/\/mikeladzenailstore.com\/en\/wp-json\/wp\/v2\/media?parent=14802"}],"wp:term":[{"taxonomy":"pwb-brand","embeddable":true,"href":"https:\/\/mikeladzenailstore.com\/en\/wp-json\/wp\/v2\/pwb-brand?post=14802"},{"taxonomy":"product_brand","embeddable":true,"href":"https:\/\/mikeladzenailstore.com\/en\/wp-json\/wp\/v2\/product_brand?post=14802"},{"taxonomy":"product_cat","embeddable":true,"href":"https:\/\/mikeladzenailstore.com\/en\/wp-json\/wp\/v2\/product_cat?post=14802"},{"taxonomy":"product_tag","embeddable":true,"href":"https:\/\/mikeladzenailstore.com\/en\/wp-json\/wp\/v2\/product_tag?post=14802"},{"taxonomy":"berocket_brand","embeddable":true,"href":"https:\/\/mikeladzenailstore.com\/en\/wp-json\/wp\/v2\/berocket_brand?post=14802"}],"curies":[{"name":"wp","href":"https:\/\/api.w.org\/{rel}","templated":true}]}}