{"id":17964,"date":"2026-02-22T18:33:18","date_gmt":"2026-02-22T18:33:18","guid":{"rendered":"https:\/\/mikeladzenailstore.com\/?post_type=product&#038;p=17964"},"modified":"2026-02-22T18:34:48","modified_gmt":"2026-02-22T18:34:48","slug":"cover-base-white-rosejz-nails","status":"publish","type":"product","link":"https:\/\/mikeladzenailstore.com\/en\/p\/cover-base-white-rosejz-nails\/","title":{"rendered":"Cover base WHITE ROSEJZ Nails"},"content":{"rendered":"<p>Kamu\u00adfl\u00e1\u017en\u00ed b\u00e1ze TM JZ NAILS GROUP.<\/p>\n<p>Tyto b\u00e1ze budou v\u017edy aktu\u00e1ln\u00ed! Nez\u00e1le\u017e\u00ed na ro\u010dn\u00edm obdob\u00ed, trendech v nehtov\u00e9 m\u00f3d\u011b, sv\u00e1tc\u00edch atd.<\/p>\n<p>Ka\u017ed\u00fd odst\u00edn je samostatn\u011b dokonal\u00fd a jednodu\u0161e kr\u00e1sn\u00fd.<\/p>\n<p>Objem: 15 ml<\/p>\n<p>Slo\u017een\u00ed: Di-HEMA Trimethylhexyl Dicarbamate, HEMA, Isobornyl Methacrylate, Cellulose Acetate Butyrate, Hydroxycyclohexyl Phenyl Ketone, Silica, Glycol HEMA-Methacrylate, Calcium Aluminum Borosilicate, PEG-9 Dimethacrylate, Bis(methacryloyloxyethyl) Phosphate.<\/p>\n<p>M\u016f\u017ee obsahovat: CI 77891, CI 15850, CI 77007.<\/p>\n","protected":false},"excerpt":{"rendered":"<p>Kamu\u00adfl\u00e1\u017en\u00ed b\u00e1ze TM JZ NAILS GROUP. Tyto b\u00e1ze budou v\u017edy aktu\u00e1ln\u00ed! Nez\u00e1le\u017e\u00ed na ro\u010dn\u00edm obdob\u00ed, trendech v nehtov\u00e9 m\u00f3d\u011b, sv\u00e1tc\u00edch atd. Ka\u017ed\u00fd odst\u00edn je samostatn\u011b dokonal\u00fd a jednodu\u0161e kr\u00e1sn\u00fd. Objem: 15 ml Slo\u017een\u00ed: Di-HEMA Trimethylhexyl Dicarbamate, HEMA, Isobornyl Methacrylate, Cellulose Acetate Butyrate, Hydroxycyclohexyl Phenyl Ketone, Silica, Glycol HEMA-Methacrylate, Calcium Aluminum Borosilicate, PEG-9 Dimethacrylate, Bis(methacryloyloxyethyl) Phosphate. [&hellip;]<\/p>\n","protected":false},"featured_media":0,"comment_status":"open","ping_status":"closed","template":"","meta":[],"pwb-brand":[],"product_brand":[],"product_cat":[703],"product_tag":[],"berocket_brand":[],"class_list":{"0":"post-17964","1":"product","2":"type-product","3":"status-publish","5":"product_cat-slevy","7":"first","8":"outofstock","9":"taxable","10":"shipping-taxable","11":"purchasable","12":"product-type-simple"},"acf":[],"brands":[],"_links":{"self":[{"href":"https:\/\/mikeladzenailstore.com\/en\/wp-json\/wp\/v2\/product\/17964","targetHints":{"allow":["GET"]}}],"collection":[{"href":"https:\/\/mikeladzenailstore.com\/en\/wp-json\/wp\/v2\/product"}],"about":[{"href":"https:\/\/mikeladzenailstore.com\/en\/wp-json\/wp\/v2\/types\/product"}],"replies":[{"embeddable":true,"href":"https:\/\/mikeladzenailstore.com\/en\/wp-json\/wp\/v2\/comments?post=17964"}],"version-history":[{"count":0,"href":"https:\/\/mikeladzenailstore.com\/en\/wp-json\/wp\/v2\/product\/17964\/revisions"}],"wp:attachment":[{"href":"https:\/\/mikeladzenailstore.com\/en\/wp-json\/wp\/v2\/media?parent=17964"}],"wp:term":[{"taxonomy":"pwb-brand","embeddable":true,"href":"https:\/\/mikeladzenailstore.com\/en\/wp-json\/wp\/v2\/pwb-brand?post=17964"},{"taxonomy":"product_brand","embeddable":true,"href":"https:\/\/mikeladzenailstore.com\/en\/wp-json\/wp\/v2\/product_brand?post=17964"},{"taxonomy":"product_cat","embeddable":true,"href":"https:\/\/mikeladzenailstore.com\/en\/wp-json\/wp\/v2\/product_cat?post=17964"},{"taxonomy":"product_tag","embeddable":true,"href":"https:\/\/mikeladzenailstore.com\/en\/wp-json\/wp\/v2\/product_tag?post=17964"},{"taxonomy":"berocket_brand","embeddable":true,"href":"https:\/\/mikeladzenailstore.com\/en\/wp-json\/wp\/v2\/berocket_brand?post=17964"}],"curies":[{"name":"wp","href":"https:\/\/api.w.org\/{rel}","templated":true}]}}