{"id":18499,"date":"2026-03-04T16:07:53","date_gmt":"2026-03-04T16:07:53","guid":{"rendered":"https:\/\/mikeladzenailstore.com\/?post_type=product&#038;p=18499"},"modified":"2026-04-16T14:49:57","modified_gmt":"2026-04-16T14:49:57","slug":"modeling-gel-white-trendy-nails","status":"publish","type":"product","link":"https:\/\/mikeladzenailstore.com\/en\/p\/modeling-gel-white-trendy-nails\/","title":{"rendered":"Modeling gel WHITE Trendy nails"},"content":{"rendered":"<div class=\"flex flex-col text-sm\">\n<article class=\"text-token-text-primary w-full focus:outline-none [--shadow-height:45px] has-data-writing-block:pointer-events-none has-data-writing-block:-mt-(--shadow-height) has-data-writing-block:pt-(--shadow-height) [&amp;:has([data-writing-block])&gt;*]:pointer-events-auto scroll-mt-[calc(var(--header-height)+min(200px,max(70px,20svh)))]\" dir=\"auto\" tabindex=\"-1\" data-turn-id=\"request-WEB:1729958f-af53-402c-968e-952496e77434-0\" data-testid=\"conversation-turn-2\" data-scroll-anchor=\"true\" data-turn=\"assistant\">\n<div class=\"text-base my-auto mx-auto pb-10 [--thread-content-margin:--spacing(4)] @w-sm\/main:[--thread-content-margin:--spacing(6)] @w-lg\/main:[--thread-content-margin:--spacing(16)] px-(--thread-content-margin)\">\n<div class=\"[--thread-content-max-width:40rem] @w-lg\/main:[--thread-content-max-width:48rem] mx-auto max-w-(--thread-content-max-width) flex-1 group\/turn-messages focus-visible:outline-hidden relative flex w-full min-w-0 flex-col agent-turn\" tabindex=\"-1\">\n<div class=\"flex max-w-full flex-col grow\">\n<div class=\"min-h-8 text-message relative flex w-full flex-col items-end gap-2 text-start break-words whitespace-normal [.text-message+&amp;]:mt-1\" dir=\"auto\" data-message-author-role=\"assistant\" data-message-id=\"b8eb66c2-2678-45c2-83e5-04567b90488a\" data-message-model-slug=\"gpt-5-2\">\n<div class=\"flex w-full flex-col gap-1 empty:hidden first:pt-[1px]\">\n<div class=\"markdown prose dark:prose-invert w-full wrap-break-word light markdown-new-styling\">\n<p data-start=\"0\" data-end=\"176\">Objevte novou \u00e9ru model\u00e1\u017ee neht\u016f s na\u0161\u00edm modelovac\u00edm gelem \u201eWHITE\u201c \u2013 profesion\u00e1ln\u00ed formul\u00ed bez HEMA a TPO, kter\u00e1 spojuje bezpe\u010dnost, v\u00fdkon a v\u0161estrannost v jednom produktu.<\/p>\n<p data-start=\"178\" data-end=\"328\">St\u0159edn\u011b hust\u00e1, samovyrovn\u00e1vac\u00ed konzistence je ide\u00e1ln\u00ed pro v\u0161echny typy aplikac\u00ed: zpevn\u011bn\u00ed, refill, model\u00e1\u017e i prodlou\u017een\u00ed na \u0161ablonu nebo dual formu.<\/p>\n<p data-start=\"330\" data-end=\"452\">Jeho hedv\u00e1bn\u00e1 textura se snadno tvaruje, vytv\u00e1\u0159\u00ed rovnom\u011brn\u00fd a odoln\u00fd povrch a z\u00e1rove\u0148 si zachov\u00e1v\u00e1 vyv\u00e1\u017eenou elasticitu.<\/p>\n<p data-start=\"454\" data-end=\"624\">Odst\u00edn White \u2013 \u010dist\u011b b\u00edl\u00e1, v\u00fdrazn\u00e1 barva \u2013 zaji\u0161\u0165uje dokonal\u00e9 kryt\u00ed a je ide\u00e1ln\u00ed pro strukturovanou french, perfektn\u00ed babyboomer i \u010dist\u00e9 looky s profesion\u00e1ln\u00ed eleganc\u00ed.<\/p>\n<p data-start=\"626\" data-end=\"806\" data-is-last-node=\"\" data-is-only-node=\"\">Vysok\u00e1 p\u0159ilnavost, dlouh\u00e1 v\u00fddr\u017e a struktur\u00e1ln\u00ed stabilita d\u011blaj\u00ed z tohoto gelu dokonal\u00e9ho spojence ka\u017ed\u00e9 nehtov\u00e9 stylistky, kter\u00e1 chce dosahovat bezchybn\u00fdch v\u00fdsledk\u016f bez kompromis\u016f.<\/p>\n<\/div>\n<\/div>\n<\/div>\n<\/div>\n<div class=\"z-0 flex min-h-[46px] justify-start\"><\/div>\n<\/div>\n<\/div>\n<\/article>\n<\/div>\n<ul data-start=\"435\" data-end=\"1193\">\n<li data-start=\"932\" data-end=\"1044\">\n<p data-start=\"934\" data-end=\"1044\"><strong data-start=\"934\" data-end=\"965\">Extr\u00e9mn\u011b stabiln\u00ed a odoln\u00fd:<\/strong> Vynikaj\u00edc\u00ed v\u00fddr\u017e i na problematick\u00fdch nehtech, v\u00edce ne\u017e 4 t\u00fddny bez zved\u00e1n\u00ed.<\/p>\n<\/li>\n<li data-start=\"1045\" data-end=\"1150\">\n<p data-start=\"1047\" data-end=\"1150\"><strong data-start=\"1047\" data-end=\"1070\">V\u0161estrann\u00e9 pou\u017eit\u00ed:<\/strong> Vhodn\u00fd pro r\u016fzn\u00e9 techniky, v\u010detn\u011b <strong data-start=\"1105\" data-end=\"1147\">reverzn\u00edho francouze, dopln\u011bn\u00ed a kryt\u00ed<\/strong>.<\/p>\n<\/li>\n<li data-start=\"1151\" data-end=\"1193\">\n<p data-start=\"1153\" data-end=\"1193\"><strong data-start=\"1153\" data-end=\"1173\">Dostupn\u00fd form\u00e1t:<\/strong> 15 ml nebo 30 ml.<\/p>\n<\/li>\n<\/ul>\n<h3 data-start=\"1195\" data-end=\"1216\"><strong data-start=\"1199\" data-end=\"1216\">Hlavn\u00ed v\u00fdhody<\/strong><\/h3>\n<ul data-start=\"1217\" data-end=\"1684\">\n<li data-start=\"1217\" data-end=\"1274\">\n<p data-start=\"1219\" data-end=\"1274\"><strong data-start=\"1219\" data-end=\"1239\">V\u00fdjime\u010dn\u00e1 v\u00fddr\u017e:<\/strong> Manik\u00fara vydr\u017e\u00ed <strong data-start=\"1256\" data-end=\"1271\">nad 4 t\u00fddny<\/strong>.<\/p>\n<\/li>\n<li data-start=\"1275\" data-end=\"1365\">\n<p data-start=\"1277\" data-end=\"1365\"><strong data-start=\"1277\" data-end=\"1302\">Stabilita a odolnost:<\/strong> Ne\u017eloutne a z\u016fst\u00e1v\u00e1 spolehliv\u00fd i na problematick\u00fdch nehtech.<\/p>\n<\/li>\n<li data-start=\"1366\" data-end=\"1436\">\n<p data-start=\"1368\" data-end=\"1436\"><strong data-start=\"1368\" data-end=\"1392\">Udr\u017euje tvar C-luku:<\/strong> Struktura z\u016fst\u00e1v\u00e1 stabiln\u00ed bez deformac\u00ed.<\/p>\n<\/li>\n<li data-start=\"1437\" data-end=\"1525\">\n<p data-start=\"1439\" data-end=\"1525\"><strong data-start=\"1439\" data-end=\"1465\">Flexibilita a komfort:<\/strong> Elastick\u00fd a odoln\u00fd, zabra\u0148uje prask\u00e1n\u00ed nebo zved\u00e1n\u00ed gelu.<\/p>\n<\/li>\n<li data-start=\"1526\" data-end=\"1617\">\n<p data-start=\"1528\" data-end=\"1617\"><strong data-start=\"1528\" data-end=\"1551\">Ne\u0161t\u00edpe pod lampou:<\/strong> Jemn\u00e9 slo\u017een\u00ed, bez nep\u0159\u00edjemn\u00e9ho hork\u00e9ho pocitu p\u0159i vytvrzov\u00e1n\u00ed.<\/p>\n<\/li>\n<li data-start=\"1618\" data-end=\"1684\">\n<p data-start=\"1620\" data-end=\"1684\"><strong data-start=\"1620\" data-end=\"1640\">Samovyrovn\u00e1vac\u00ed:<\/strong> Nen\u00ed pot\u0159eba pilov\u00e1n\u00ed, \u0161et\u0159\u00ed \u010das a pr\u00e1ci.<\/p>\n<\/li>\n<\/ul>\n<h3 data-start=\"1686\" data-end=\"1701\"><strong data-start=\"1690\" data-end=\"1701\">Pou\u017eit\u00ed<\/strong><\/h3>\n<ol data-start=\"1702\" data-end=\"2154\">\n<li data-start=\"1702\" data-end=\"1864\">\n<p data-start=\"1705\" data-end=\"1864\"><strong data-start=\"1705\" data-end=\"1735\">P\u0159\u00edprava p\u0159\u00edrodn\u00edho nehtu:<\/strong> Prove\u010fte mechanickou a chemickou p\u0159\u00edpravu, naneste <strong data-start=\"1787\" data-end=\"1800\">Nail Prep<\/strong>. U problematick\u00fdch neht\u016f doporu\u010dujeme i <strong data-start=\"1841\" data-end=\"1861\">Multibond Primer<\/strong>.<\/p>\n<\/li>\n<li data-start=\"1865\" data-end=\"1952\">\n<p data-start=\"1868\" data-end=\"1952\"><strong data-start=\"1868\" data-end=\"1887\">Pr\u016fhledn\u00e1 b\u00e1ze:<\/strong> Naneste tenkou vrstvu <strong data-start=\"1910\" data-end=\"1924\">Base Light<\/strong> nebo <strong data-start=\"1930\" data-end=\"1949\">Dream Base Elsa<\/strong>.<\/p>\n<\/li>\n<li data-start=\"1953\" data-end=\"2154\">\n<p data-start=\"1956\" data-end=\"2154\"><strong data-start=\"1956\" data-end=\"1986\">Aplikace modela\u010dn\u00edho gelu:<\/strong> Odeb\u00edrejte kuli\u010dku gelu a jemn\u00fdmi tahy ji rozt\u00edrejte od l\u016f\u017eka ke \u0161pi\u010dce, aby vznikla rovnom\u011brn\u00e1 struktura. U <strong data-start=\"2096\" data-end=\"2109\">dual form<\/strong> doporu\u010dujeme pracovat <strong data-start=\"2132\" data-end=\"2151\">po jednom nehtu<\/strong>.<\/p>\n<\/li>\n<\/ol>\n<h3 data-start=\"2156\" data-end=\"2180\"><strong data-start=\"2160\" data-end=\"2180\">\u010casy vytvrzov\u00e1n\u00ed<\/strong><\/h3>\n<ul data-start=\"2181\" data-end=\"2229\">\n<li data-start=\"2181\" data-end=\"2206\">\n<p data-start=\"2183\" data-end=\"2206\"><strong data-start=\"2183\" data-end=\"2194\">LED\/UV:<\/strong> 60 sekund<\/p>\n<\/li>\n<li data-start=\"2207\" data-end=\"2229\">\n<p data-start=\"2209\" data-end=\"2229\"><strong data-start=\"2209\" data-end=\"2216\">UV:<\/strong> 120 sekund<\/p>\n<\/li>\n<\/ul>\n<h3 data-start=\"2231\" data-end=\"2256\"><strong data-start=\"2235\" data-end=\"2256\">Pinzeta pro C-luk<\/strong><\/h3>\n<ul data-start=\"2257\" data-end=\"2275\">\n<li data-start=\"2257\" data-end=\"2275\">\n<p data-start=\"2259\" data-end=\"2275\"><strong data-start=\"2259\" data-end=\"2275\">10\u201320 sekund<\/strong><\/p>\n<\/li>\n<\/ul>\n","protected":false},"excerpt":{"rendered":"<p>Objevte novou \u00e9ru model\u00e1\u017ee neht\u016f s na\u0161\u00edm modelovac\u00edm gelem \u201eWHITE\u201c \u2013 profesion\u00e1ln\u00ed formul\u00ed bez HEMA a TPO, kter\u00e1 spojuje bezpe\u010dnost, v\u00fdkon a v\u0161estrannost v jednom produktu. St\u0159edn\u011b hust\u00e1, samovyrovn\u00e1vac\u00ed konzistence je ide\u00e1ln\u00ed pro v\u0161echny typy aplikac\u00ed: zpevn\u011bn\u00ed, refill, model\u00e1\u017e i prodlou\u017een\u00ed na \u0161ablonu nebo dual formu. Jeho hedv\u00e1bn\u00e1 textura se snadno tvaruje, vytv\u00e1\u0159\u00ed rovnom\u011brn\u00fd a [&hellip;]<\/p>\n","protected":false},"featured_media":18502,"comment_status":"open","ping_status":"closed","template":"","meta":[],"pwb-brand":[],"product_brand":[],"product_cat":[655],"product_tag":[],"berocket_brand":[419],"class_list":{"0":"post-18499","1":"product","2":"type-product","3":"status-publish","4":"has-post-thumbnail","6":"product_cat-modeling-gel-trendy-nails","7":"berocket_brand-trendy-nails","9":"first","10":"outofstock","11":"taxable","12":"shipping-taxable","13":"purchasable","14":"product-type-variable"},"acf":[],"brands":[],"_links":{"self":[{"href":"https:\/\/mikeladzenailstore.com\/en\/wp-json\/wp\/v2\/product\/18499","targetHints":{"allow":["GET"]}}],"collection":[{"href":"https:\/\/mikeladzenailstore.com\/en\/wp-json\/wp\/v2\/product"}],"about":[{"href":"https:\/\/mikeladzenailstore.com\/en\/wp-json\/wp\/v2\/types\/product"}],"replies":[{"embeddable":true,"href":"https:\/\/mikeladzenailstore.com\/en\/wp-json\/wp\/v2\/comments?post=18499"}],"version-history":[{"count":1,"href":"https:\/\/mikeladzenailstore.com\/en\/wp-json\/wp\/v2\/product\/18499\/revisions"}],"predecessor-version":[{"id":21254,"href":"https:\/\/mikeladzenailstore.com\/en\/wp-json\/wp\/v2\/product\/18499\/revisions\/21254"}],"wp:featuredmedia":[{"embeddable":true,"href":"https:\/\/mikeladzenailstore.com\/en\/wp-json\/wp\/v2\/media\/18502"}],"wp:attachment":[{"href":"https:\/\/mikeladzenailstore.com\/en\/wp-json\/wp\/v2\/media?parent=18499"}],"wp:term":[{"taxonomy":"pwb-brand","embeddable":true,"href":"https:\/\/mikeladzenailstore.com\/en\/wp-json\/wp\/v2\/pwb-brand?post=18499"},{"taxonomy":"product_brand","embeddable":true,"href":"https:\/\/mikeladzenailstore.com\/en\/wp-json\/wp\/v2\/product_brand?post=18499"},{"taxonomy":"product_cat","embeddable":true,"href":"https:\/\/mikeladzenailstore.com\/en\/wp-json\/wp\/v2\/product_cat?post=18499"},{"taxonomy":"product_tag","embeddable":true,"href":"https:\/\/mikeladzenailstore.com\/en\/wp-json\/wp\/v2\/product_tag?post=18499"},{"taxonomy":"berocket_brand","embeddable":true,"href":"https:\/\/mikeladzenailstore.com\/en\/wp-json\/wp\/v2\/berocket_brand?post=18499"}],"curies":[{"name":"wp","href":"https:\/\/api.w.org\/{rel}","templated":true}]}}