{"id":19215,"date":"2026-03-09T18:39:10","date_gmt":"2026-03-09T18:39:10","guid":{"rendered":"https:\/\/mikeladzenailstore.com\/?post_type=product&#038;p=19215"},"modified":"2026-04-29T13:54:24","modified_gmt":"2026-04-29T13:54:24","slug":"top-uv-trendy-nails","status":"publish","type":"product","link":"https:\/\/mikeladzenailstore.com\/en\/p\/top-uv-trendy-nails\/","title":{"rendered":"Top UV pro sv\u00e9tle odst\u00edny Trendy nails"},"content":{"rendered":"<p data-start=\"0\" data-end=\"89\">Profesion\u00e1ln\u00ed vrchn\u00ed top s UV filtrem, ide\u00e1ln\u00ed pro model\u00e1\u017e neht\u016f i semipermanentn\u00ed lak.<\/p>\n<p data-start=\"91\" data-end=\"351\">Chr\u00e1n\u00ed barvu p\u0159ed \u017eloutnut\u00edm zp\u016fsoben\u00fdm sluncem, lampami a vn\u011bj\u0161\u00edmi vlivy a udr\u017euje nehty leskl\u00e9, \u010dist\u00e9 a z\u00e1\u0159iv\u00e9 a\u017e 4 t\u00fddny.<br data-start=\"215\" data-end=\"218\" \/>Perfektn\u00ed volba pro ty, kte\u0159\u00ed hledaj\u00ed top s vysok\u00fdm leskem \u201ezrcadlov\u00e9ho efektu\u201c, kter\u00fd zachov\u00e1v\u00e1 odst\u00edny, zejm\u00e9na u sv\u011btl\u00fdch barev.<\/p>\n<p data-start=\"353\" data-end=\"614\"><strong data-start=\"353\" data-end=\"375\">Pro\u010d si ho vybrat:<\/strong><br data-start=\"375\" data-end=\"378\" \/>\u2022 Chr\u00e1n\u00ed p\u0159ed \u017eloutnut\u00edm a zm\u011bnou barvy<br data-start=\"417\" data-end=\"420\" \/>\u2022 Udr\u017euje nehty dlouhodob\u011b leskl\u00e9 a z\u00e1\u0159iv\u00e9<br data-start=\"462\" data-end=\"465\" \/>\u2022 Dod\u00e1v\u00e1 dlouhotrvaj\u00edc\u00ed zrcadlov\u00fd lesk<br data-start=\"503\" data-end=\"506\" \/>\u2022 Sni\u017euje riziko po\u0161kr\u00e1b\u00e1n\u00ed a od\u0161t\u011bpk\u016f<br data-start=\"544\" data-end=\"547\" \/>\u2022 Ide\u00e1ln\u00ed jako fin\u00e1ln\u00ed top pro gel, builder i semipermanentn\u00ed lak<\/p>\n<p data-start=\"616\" data-end=\"673\"><strong data-start=\"616\" data-end=\"633\">Polymerizace:<\/strong><br data-start=\"633\" data-end=\"636\" \/>Doba \u00fapln\u00e9 polymerizace: 120 sekund<\/p>\n<p data-start=\"675\" data-end=\"802\" data-is-last-node=\"\" data-is-only-node=\"\">Pro maxim\u00e1ln\u00ed v\u00fddr\u017e a lesk:<br data-start=\"702\" data-end=\"705\" \/>po vytvrzen\u00ed nechte nehty zcela vychladnout p\u0159ed aplikac\u00ed oleje na k\u016f\u017ei\u010dku nebo dal\u0161\u00edch produkt\u016f.<\/p>\n","protected":false},"excerpt":{"rendered":"<p>Profesion\u00e1ln\u00ed vrchn\u00ed top s UV filtrem, ide\u00e1ln\u00ed pro model\u00e1\u017e neht\u016f i semipermanentn\u00ed lak. Chr\u00e1n\u00ed barvu p\u0159ed \u017eloutnut\u00edm zp\u016fsoben\u00fdm sluncem, lampami a vn\u011bj\u0161\u00edmi vlivy a udr\u017euje nehty leskl\u00e9, \u010dist\u00e9 a z\u00e1\u0159iv\u00e9 a\u017e 4 t\u00fddny.Perfektn\u00ed volba pro ty, kte\u0159\u00ed hledaj\u00ed top s vysok\u00fdm leskem \u201ezrcadlov\u00e9ho efektu\u201c, kter\u00fd zachov\u00e1v\u00e1 odst\u00edny, zejm\u00e9na u sv\u011btl\u00fdch barev. Pro\u010d si ho vybrat:\u2022 [&hellip;]<\/p>\n","protected":false},"featured_media":19225,"comment_status":"open","ping_status":"closed","template":"","meta":[],"pwb-brand":[],"product_brand":[],"product_cat":[494,249],"product_tag":[],"berocket_brand":[419],"class_list":{"0":"post-19215","1":"product","2":"type-product","3":"status-publish","4":"has-post-thumbnail","6":"product_cat-bestseller","7":"product_cat-topy-trendy-nails","8":"berocket_brand-trendy-nails","10":"first","11":"instock","12":"taxable","13":"shipping-taxable","14":"purchasable","15":"product-type-variable"},"acf":[],"brands":[],"_links":{"self":[{"href":"https:\/\/mikeladzenailstore.com\/en\/wp-json\/wp\/v2\/product\/19215","targetHints":{"allow":["GET"]}}],"collection":[{"href":"https:\/\/mikeladzenailstore.com\/en\/wp-json\/wp\/v2\/product"}],"about":[{"href":"https:\/\/mikeladzenailstore.com\/en\/wp-json\/wp\/v2\/types\/product"}],"replies":[{"embeddable":true,"href":"https:\/\/mikeladzenailstore.com\/en\/wp-json\/wp\/v2\/comments?post=19215"}],"version-history":[{"count":0,"href":"https:\/\/mikeladzenailstore.com\/en\/wp-json\/wp\/v2\/product\/19215\/revisions"}],"wp:featuredmedia":[{"embeddable":true,"href":"https:\/\/mikeladzenailstore.com\/en\/wp-json\/wp\/v2\/media\/19225"}],"wp:attachment":[{"href":"https:\/\/mikeladzenailstore.com\/en\/wp-json\/wp\/v2\/media?parent=19215"}],"wp:term":[{"taxonomy":"pwb-brand","embeddable":true,"href":"https:\/\/mikeladzenailstore.com\/en\/wp-json\/wp\/v2\/pwb-brand?post=19215"},{"taxonomy":"product_brand","embeddable":true,"href":"https:\/\/mikeladzenailstore.com\/en\/wp-json\/wp\/v2\/product_brand?post=19215"},{"taxonomy":"product_cat","embeddable":true,"href":"https:\/\/mikeladzenailstore.com\/en\/wp-json\/wp\/v2\/product_cat?post=19215"},{"taxonomy":"product_tag","embeddable":true,"href":"https:\/\/mikeladzenailstore.com\/en\/wp-json\/wp\/v2\/product_tag?post=19215"},{"taxonomy":"berocket_brand","embeddable":true,"href":"https:\/\/mikeladzenailstore.com\/en\/wp-json\/wp\/v2\/berocket_brand?post=19215"}],"curies":[{"name":"wp","href":"https:\/\/api.w.org\/{rel}","templated":true}]}}