{"id":20837,"date":"2026-04-15T08:42:24","date_gmt":"2026-04-15T08:42:24","guid":{"rendered":"https:\/\/mikeladzenailstore.com\/?post_type=product&#038;p=20837"},"modified":"2026-04-15T16:45:37","modified_gmt":"2026-04-15T16:45:37","slug":"barevny-gel-lak-baby-dream-trendy-nails","status":"publish","type":"product","link":"https:\/\/mikeladzenailstore.com\/en\/p\/barevny-gel-lak-baby-dream-trendy-nails\/","title":{"rendered":"Barevny gel lak BABY Dream Trendy nails"},"content":{"rendered":"<p data-start=\"0\" data-end=\"136\">Gel lak <strong data-start=\"8\" data-end=\"32\">Baby Blue Collection<\/strong> \u2014 barevn\u00fd gel lak s hlubokou, sytou pigmentac\u00ed a jemnou, lehce \u201eolejovou\u201c st\u0159edn\u011b hustou konzistenc\u00ed.<\/p>\n<p data-start=\"138\" data-end=\"298\">Materi\u00e1l se nan\u00e1\u0161\u00ed rovnom\u011brn\u011b a hladce, snadno se rozprost\u00edr\u00e1 po nehtov\u00e9 plot\u00e9nce a zaji\u0161\u0165uje pln\u00e9 kryt\u00ed v jedn\u00e9 st\u0159edn\u00ed vrstv\u011b nebo ve dvou tenk\u00fdch vrstv\u00e1ch.<\/p>\n<p data-start=\"300\" data-end=\"348\"><strong data-start=\"300\" data-end=\"322\">Doba polymerizace:<\/strong> 120 sekund v LED lamp\u011b.<\/p>\n<p data-start=\"350\" data-end=\"404\" data-is-last-node=\"\" data-is-only-node=\"\"><strong data-start=\"350\" data-end=\"363\">D\u016fle\u017eit\u00e9:<\/strong> vyhn\u011bte se nan\u00e1\u0161en\u00ed p\u0159\u00edli\u0161 siln\u00e9 vrstvy.<\/p>\n","protected":false},"excerpt":{"rendered":"<p>Gel lak Baby Blue Collection \u2014 barevn\u00fd gel lak s hlubokou, sytou pigmentac\u00ed a jemnou, lehce \u201eolejovou\u201c st\u0159edn\u011b hustou konzistenc\u00ed. Materi\u00e1l se nan\u00e1\u0161\u00ed rovnom\u011brn\u011b a hladce, snadno se rozprost\u00edr\u00e1 po nehtov\u00e9 plot\u00e9nce a zaji\u0161\u0165uje pln\u00e9 kryt\u00ed v jedn\u00e9 st\u0159edn\u00ed vrstv\u011b nebo ve dvou tenk\u00fdch vrstv\u00e1ch. Doba polymerizace: 120 sekund v LED lamp\u011b. D\u016fle\u017eit\u00e9: vyhn\u011bte se [&hellip;]<\/p>\n","protected":false},"featured_media":20858,"comment_status":"closed","ping_status":"closed","template":"","meta":[],"pwb-brand":[],"product_brand":[],"product_cat":[658],"product_tag":[],"berocket_brand":[175],"class_list":{"0":"post-20837","1":"product","2":"type-product","3":"status-publish","4":"has-post-thumbnail","6":"product_cat-gel-polish-trendy-nails","7":"berocket_brand-trendy-nails","9":"first","10":"outofstock","11":"taxable","12":"shipping-taxable","13":"purchasable","14":"product-type-variable"},"acf":[],"brands":[],"_links":{"self":[{"href":"https:\/\/mikeladzenailstore.com\/en\/wp-json\/wp\/v2\/product\/20837","targetHints":{"allow":["GET"]}}],"collection":[{"href":"https:\/\/mikeladzenailstore.com\/en\/wp-json\/wp\/v2\/product"}],"about":[{"href":"https:\/\/mikeladzenailstore.com\/en\/wp-json\/wp\/v2\/types\/product"}],"replies":[{"embeddable":true,"href":"https:\/\/mikeladzenailstore.com\/en\/wp-json\/wp\/v2\/comments?post=20837"}],"version-history":[{"count":1,"href":"https:\/\/mikeladzenailstore.com\/en\/wp-json\/wp\/v2\/product\/20837\/revisions"}],"predecessor-version":[{"id":20868,"href":"https:\/\/mikeladzenailstore.com\/en\/wp-json\/wp\/v2\/product\/20837\/revisions\/20868"}],"wp:featuredmedia":[{"embeddable":true,"href":"https:\/\/mikeladzenailstore.com\/en\/wp-json\/wp\/v2\/media\/20858"}],"wp:attachment":[{"href":"https:\/\/mikeladzenailstore.com\/en\/wp-json\/wp\/v2\/media?parent=20837"}],"wp:term":[{"taxonomy":"pwb-brand","embeddable":true,"href":"https:\/\/mikeladzenailstore.com\/en\/wp-json\/wp\/v2\/pwb-brand?post=20837"},{"taxonomy":"product_brand","embeddable":true,"href":"https:\/\/mikeladzenailstore.com\/en\/wp-json\/wp\/v2\/product_brand?post=20837"},{"taxonomy":"product_cat","embeddable":true,"href":"https:\/\/mikeladzenailstore.com\/en\/wp-json\/wp\/v2\/product_cat?post=20837"},{"taxonomy":"product_tag","embeddable":true,"href":"https:\/\/mikeladzenailstore.com\/en\/wp-json\/wp\/v2\/product_tag?post=20837"},{"taxonomy":"berocket_brand","embeddable":true,"href":"https:\/\/mikeladzenailstore.com\/en\/wp-json\/wp\/v2\/berocket_brand?post=20837"}],"curies":[{"name":"wp","href":"https:\/\/api.w.org\/{rel}","templated":true}]}}