{"id":21182,"date":"2026-04-16T06:57:46","date_gmt":"2026-04-16T06:57:46","guid":{"rendered":"https:\/\/mikeladzenailstore.com\/?post_type=product&#038;p=21182"},"modified":"2026-04-16T07:08:47","modified_gmt":"2026-04-16T07:08:47","slug":"zpevneni-nehtu-pomoci-polygelu","status":"publish","type":"product","link":"https:\/\/mikeladzenailstore.com\/en\/p\/zpevneni-nehtu-pomoci-polygelu\/","title":{"rendered":"Zpevn\u011bn\u00ed nehtu pomoc\u00ed polygelu"},"content":{"rendered":"<p>V tomto video masterclassu se nau\u010d\u00edte, jak spr\u00e1vn\u011b zpev\u0148ovat nehty pomoc\u00ed polygelu, jak ho nan\u00e1\u0161et, jak\u00fd polygel zvolit a tak\u00e9 techniku pilov\u00e1n\u00ed tvaru \u010dtverec. Tato technika v\u00e1m pom\u016f\u017ee pracovat s naprosto jak\u00fdmikoli nehty a do pr\u00e1ce s polygely si zamilujete.<\/p>\n","protected":false},"excerpt":{"rendered":"<p>V tomto video masterclassu se nau\u010d\u00edte, jak spr\u00e1vn\u011b zpev\u0148ovat nehty pomoc\u00ed polygelu, jak ho nan\u00e1\u0161et, jak\u00fd polygel zvolit a tak\u00e9 techniku pilov\u00e1n\u00ed tvaru \u010dtverec. Tato technika v\u00e1m pom\u016f\u017ee pracovat s naprosto jak\u00fdmikoli nehty a do pr\u00e1ce s polygely si zamilujete.<\/p>\n","protected":false},"featured_media":12655,"comment_status":"closed","ping_status":"closed","template":"","meta":[],"pwb-brand":[],"product_brand":[],"product_cat":[730],"product_tag":[],"berocket_brand":[489],"class_list":{"0":"post-21182","1":"product","2":"type-product","3":"status-publish","4":"has-post-thumbnail","6":"product_cat-video-masterclassy","7":"berocket_brand-jz-nails-group","9":"first","10":"instock","11":"downloadable","12":"taxable","13":"shipping-taxable","14":"purchasable","15":"product-type-simple"},"acf":[],"brands":[],"_links":{"self":[{"href":"https:\/\/mikeladzenailstore.com\/en\/wp-json\/wp\/v2\/product\/21182","targetHints":{"allow":["GET"]}}],"collection":[{"href":"https:\/\/mikeladzenailstore.com\/en\/wp-json\/wp\/v2\/product"}],"about":[{"href":"https:\/\/mikeladzenailstore.com\/en\/wp-json\/wp\/v2\/types\/product"}],"replies":[{"embeddable":true,"href":"https:\/\/mikeladzenailstore.com\/en\/wp-json\/wp\/v2\/comments?post=21182"}],"version-history":[{"count":0,"href":"https:\/\/mikeladzenailstore.com\/en\/wp-json\/wp\/v2\/product\/21182\/revisions"}],"wp:featuredmedia":[{"embeddable":true,"href":"https:\/\/mikeladzenailstore.com\/en\/wp-json\/wp\/v2\/media\/12655"}],"wp:attachment":[{"href":"https:\/\/mikeladzenailstore.com\/en\/wp-json\/wp\/v2\/media?parent=21182"}],"wp:term":[{"taxonomy":"pwb-brand","embeddable":true,"href":"https:\/\/mikeladzenailstore.com\/en\/wp-json\/wp\/v2\/pwb-brand?post=21182"},{"taxonomy":"product_brand","embeddable":true,"href":"https:\/\/mikeladzenailstore.com\/en\/wp-json\/wp\/v2\/product_brand?post=21182"},{"taxonomy":"product_cat","embeddable":true,"href":"https:\/\/mikeladzenailstore.com\/en\/wp-json\/wp\/v2\/product_cat?post=21182"},{"taxonomy":"product_tag","embeddable":true,"href":"https:\/\/mikeladzenailstore.com\/en\/wp-json\/wp\/v2\/product_tag?post=21182"},{"taxonomy":"berocket_brand","embeddable":true,"href":"https:\/\/mikeladzenailstore.com\/en\/wp-json\/wp\/v2\/berocket_brand?post=21182"}],"curies":[{"name":"wp","href":"https:\/\/api.w.org\/{rel}","templated":true}]}}