{"id":21412,"date":"2026-04-16T17:17:11","date_gmt":"2026-04-16T17:17:11","guid":{"rendered":"https:\/\/mikeladzenailstore.com\/?post_type=product&#038;p=21412"},"modified":"2026-04-16T17:17:17","modified_gmt":"2026-04-16T17:17:17","slug":"brand-box-instructor","status":"publish","type":"product","link":"https:\/\/mikeladzenailstore.com\/en\/p\/brand-box-instructor\/","title":{"rendered":"Brand box instructor"},"content":{"rendered":"<p data-start=\"0\" data-end=\"44\">Pro instruktory, \u0161koly a vzd\u011bl\u00e1vac\u00ed centra<\/p>\n<p data-start=\"46\" data-end=\"104\">Roz\u0161\u00ed\u0159en\u00e1 sada pro demonstrace, v\u00fduku a pr\u00e1ci s modelkami.<\/p>\n<p data-start=\"106\" data-end=\"348\"><strong data-start=\"106\" data-end=\"123\">Obsah balen\u00ed:<\/strong><br data-start=\"123\" data-end=\"126\" \/>\u2022 Base Easy<br data-start=\"137\" data-end=\"140\" \/>\u2022 Base Expert nebo Fiber<br data-start=\"164\" data-end=\"167\" \/>\u2022 Top Expert<br data-start=\"179\" data-end=\"182\" data-is-only-node=\"\" \/>\u2022 Ultrabond<br data-start=\"193\" data-end=\"196\" \/>\u2022 Cleanser<br data-start=\"206\" data-end=\"209\" \/>\u2022 Kr\u00e9m na ruce, 100 ml<br data-start=\"231\" data-end=\"234\" \/>\u2022 Gel lak \u2014 3 ks<br data-start=\"250\" data-end=\"253\" \/>\u2022 Builder Gel, 15 ml \u2014 2 ks<br data-start=\"280\" data-end=\"283\" \/>\u2022 Build It Base, 15 ml ve 2 odst\u00ednech<br data-start=\"320\" data-end=\"323\" \/>\u2022 Gel Jelly 15 ml &#8211; 1 ks<br data-start=\"334\" data-end=\"337\" \/>\u2022 PolyGel 15 ml &#8211; 1 ks<\/p>\n<p data-start=\"350\" data-end=\"516\"><strong data-start=\"350\" data-end=\"378\">K \u010demu tento box slou\u017e\u00ed:<\/strong><br data-start=\"378\" data-end=\"381\" \/>\u2022 uk\u00e1zka rozd\u00edl\u016f mezi materi\u00e1ly p\u0159i v\u00fduce<br data-start=\"422\" data-end=\"425\" \/>\u2022 sezn\u00e1men\u00ed s produkty zna\u010dky<br data-start=\"454\" data-end=\"457\" \/>\u2022 budov\u00e1n\u00ed systematick\u00e9ho porozum\u011bn\u00ed produkt\u016fm u student\u016f<\/p>\n<p data-start=\"518\" data-end=\"632\">P\u0159i zakoupen\u00ed SCHOOL boxu v\u00e1s bude kontaktovat mana\u017eer a poskytne v\u00e1m trval\u00fd slevov\u00fd k\u00f3d pro va\u0161e studenty \u201310 %<\/p>\n<p data-start=\"634\" data-end=\"682\" data-is-last-node=\"\" data-is-only-node=\"\">(Podm\u00ednky najdete v directu na na\u0161em Instagramu)<\/p>\n","protected":false},"excerpt":{"rendered":"<p>Pro instruktory, \u0161koly a vzd\u011bl\u00e1vac\u00ed centra Roz\u0161\u00ed\u0159en\u00e1 sada pro demonstrace, v\u00fduku a pr\u00e1ci s modelkami. Obsah balen\u00ed:\u2022 Base Easy\u2022 Base Expert nebo Fiber\u2022 Top Expert\u2022 Ultrabond\u2022 Cleanser\u2022 Kr\u00e9m na ruce, 100 ml\u2022 Gel lak \u2014 3 ks\u2022 Builder Gel, 15 ml \u2014 2 ks\u2022 Build It Base, 15 ml ve 2 odst\u00ednech\u2022 Gel Jelly 15 [&hellip;]<\/p>\n","protected":false},"featured_media":21414,"comment_status":"closed","ping_status":"closed","template":"","meta":[],"pwb-brand":[],"product_brand":[],"product_cat":[731],"product_tag":[],"berocket_brand":[489],"class_list":{"0":"post-21412","1":"product","2":"type-product","3":"status-publish","4":"has-post-thumbnail","6":"product_cat-brand-box","7":"berocket_brand-jz-nails-group","9":"first","10":"outofstock","11":"taxable","12":"shipping-taxable","13":"product-type-simple"},"acf":[],"brands":[],"_links":{"self":[{"href":"https:\/\/mikeladzenailstore.com\/en\/wp-json\/wp\/v2\/product\/21412","targetHints":{"allow":["GET"]}}],"collection":[{"href":"https:\/\/mikeladzenailstore.com\/en\/wp-json\/wp\/v2\/product"}],"about":[{"href":"https:\/\/mikeladzenailstore.com\/en\/wp-json\/wp\/v2\/types\/product"}],"replies":[{"embeddable":true,"href":"https:\/\/mikeladzenailstore.com\/en\/wp-json\/wp\/v2\/comments?post=21412"}],"version-history":[{"count":2,"href":"https:\/\/mikeladzenailstore.com\/en\/wp-json\/wp\/v2\/product\/21412\/revisions"}],"predecessor-version":[{"id":21416,"href":"https:\/\/mikeladzenailstore.com\/en\/wp-json\/wp\/v2\/product\/21412\/revisions\/21416"}],"wp:featuredmedia":[{"embeddable":true,"href":"https:\/\/mikeladzenailstore.com\/en\/wp-json\/wp\/v2\/media\/21414"}],"wp:attachment":[{"href":"https:\/\/mikeladzenailstore.com\/en\/wp-json\/wp\/v2\/media?parent=21412"}],"wp:term":[{"taxonomy":"pwb-brand","embeddable":true,"href":"https:\/\/mikeladzenailstore.com\/en\/wp-json\/wp\/v2\/pwb-brand?post=21412"},{"taxonomy":"product_brand","embeddable":true,"href":"https:\/\/mikeladzenailstore.com\/en\/wp-json\/wp\/v2\/product_brand?post=21412"},{"taxonomy":"product_cat","embeddable":true,"href":"https:\/\/mikeladzenailstore.com\/en\/wp-json\/wp\/v2\/product_cat?post=21412"},{"taxonomy":"product_tag","embeddable":true,"href":"https:\/\/mikeladzenailstore.com\/en\/wp-json\/wp\/v2\/product_tag?post=21412"},{"taxonomy":"berocket_brand","embeddable":true,"href":"https:\/\/mikeladzenailstore.com\/en\/wp-json\/wp\/v2\/berocket_brand?post=21412"}],"curies":[{"name":"wp","href":"https:\/\/api.w.org\/{rel}","templated":true}]}}