{"id":21417,"date":"2026-04-16T17:18:26","date_gmt":"2026-04-16T17:18:26","guid":{"rendered":"https:\/\/mikeladzenailstore.com\/?post_type=product&#038;p=21417"},"modified":"2026-04-16T17:22:45","modified_gmt":"2026-04-16T17:22:45","slug":"brand-box-salon","status":"publish","type":"product","link":"https:\/\/mikeladzenailstore.com\/en\/p\/brand-box-salon\/","title":{"rendered":"Brand box salon"},"content":{"rendered":"<div class=\"flex flex-col text-sm pb-25\">\n<section class=\"text-token-text-primary w-full focus:outline-none [--shadow-height:45px] has-data-writing-block:pointer-events-none has-data-writing-block:-mt-(--shadow-height) has-data-writing-block:pt-(--shadow-height) [&amp;:has([data-writing-block])&gt;*]:pointer-events-auto scroll-mt-[calc(var(--header-height)+min(200px,max(70px,20svh)))]\" dir=\"auto\" data-turn-id=\"request-69904561-868c-832e-8554-48743448e33d-1\" data-testid=\"conversation-turn-76\" data-scroll-anchor=\"true\" data-turn=\"assistant\">\n<div class=\"text-base my-auto mx-auto pb-10 [--thread-content-margin:var(--thread-content-margin-xs,calc(var(--spacing)*4))] @w-sm\/main:[--thread-content-margin:var(--thread-content-margin-sm,calc(var(--spacing)*6))] @w-lg\/main:[--thread-content-margin:var(--thread-content-margin-lg,calc(var(--spacing)*16))] px-(--thread-content-margin)\">\n<div class=\"[--thread-content-max-width:40rem] @w-lg\/main:[--thread-content-max-width:48rem] mx-auto max-w-(--thread-content-max-width) flex-1 group\/turn-messages focus-visible:outline-hidden relative flex w-full min-w-0 flex-col agent-turn\">\n<div class=\"flex max-w-full flex-col gap-4 grow\">\n<div class=\"min-h-8 text-message relative flex w-full flex-col items-end gap-2 text-start break-words whitespace-normal outline-none keyboard-focused:focus-ring [.text-message+&amp;]:mt-1\" dir=\"auto\" tabindex=\"0\" data-message-author-role=\"assistant\" data-message-id=\"06e7600c-a85a-4aee-81d2-f559069121a2\" data-message-model-slug=\"gpt-5-3\" data-turn-start-message=\"true\">\n<div class=\"flex w-full flex-col gap-1 empty:hidden\">\n<div class=\"markdown prose dark:prose-invert w-full wrap-break-word light markdown-new-styling\">\n<p data-start=\"0\" data-end=\"28\">Pro salony a t\u00fdmy nehta\u0159ek<\/p>\n<p data-start=\"30\" data-end=\"80\">Pokud m\u00e1te salon, s\u00ed\u0165 nebo studio od 4 nehta\u0159ek.<\/p>\n<p data-start=\"82\" data-end=\"133\">Maxim\u00e1ln\u011b vybaven\u00e1 sada pro stabiln\u00ed salonn\u00ed pr\u00e1ci.<\/p>\n<p data-start=\"135\" data-end=\"403\"><strong data-start=\"135\" data-end=\"152\">Obsah balen\u00ed:<\/strong><br data-start=\"152\" data-end=\"155\" \/>\u2022 Gel lak \u2014 5 ks<br data-start=\"171\" data-end=\"174\" \/>\u2022 B\u00e1ze cover 15 ml &#8211; 3 ks<br data-start=\"180\" data-end=\"183\" \/>\u2022 Gel Jelly 15 ml<br data-start=\"194\" data-end=\"197\" \/>\u2022 Olej na nehtovou k\u016f\u017ei\u010dku<br data-start=\"223\" data-end=\"226\" \/>\u2022 Build It Base \u2014 2 ks<br data-start=\"248\" data-end=\"251\" \/>\u2022 Builder Gel 15 ml \u2014 2 ks<br data-start=\"271\" data-end=\"274\" \/>\u2022 Top Expert<br data-start=\"286\" data-end=\"289\" \/>\u2022 Base Expert<br data-start=\"302\" data-end=\"305\" \/>\u2022 Base Easy nebo Fiber<br data-start=\"327\" data-end=\"330\" \/>\u2022 PolyGel 15 ml<br data-start=\"339\" data-end=\"342\" \/>\u2022 Ultrabond<br data-start=\"353\" data-end=\"356\" \/>\u2022 Cleanser<br data-start=\"366\" data-end=\"369\" \/>\u2022 Dekora\u010dn\u00ed top<br data-start=\"384\" data-end=\"387\" \/>\u2022 Fr\u00e9zy \u2014 3 ks<\/p>\n<p data-start=\"405\" data-end=\"548\" data-is-last-node=\"\" data-is-only-node=\"\">P\u0159i zakoupen\u00ed boxu v\u00e1s bude kontaktovat mana\u017eer a nab\u00eddne v\u00e1m trvalou slevu 15\u201330 % formou individu\u00e1ln\u00edho promo k\u00f3du p\u0159i pravideln\u00fdch n\u00e1kupech.<\/p>\n<\/div>\n<\/div>\n<\/div>\n<\/div>\n<div class=\"z-0 flex min-h-[46px] justify-start\"><\/div>\n<div class=\"mt-3 w-full empty:hidden\">\n<div class=\"text-center\"><\/div>\n<\/div>\n<\/div>\n<\/div>\n<\/section>\n<\/div>\n<div class=\"pointer-events-none h-px w-px absolute bottom-0\" aria-hidden=\"true\" data-edge=\"true\"><\/div>\n","protected":false},"excerpt":{"rendered":"<p>Pro salony a t\u00fdmy nehta\u0159ek Pokud m\u00e1te salon, s\u00ed\u0165 nebo studio od 4 nehta\u0159ek. Maxim\u00e1ln\u011b vybaven\u00e1 sada pro stabiln\u00ed salonn\u00ed pr\u00e1ci. Obsah balen\u00ed:\u2022 Gel lak \u2014 5 ks\u2022 B\u00e1ze cover 15 ml &#8211; 3 ks\u2022 Gel Jelly 15 ml\u2022 Olej na nehtovou k\u016f\u017ei\u010dku\u2022 Build It Base \u2014 2 ks\u2022 Builder Gel 15 ml \u2014 2 [&hellip;]<\/p>\n","protected":false},"featured_media":21413,"comment_status":"closed","ping_status":"closed","template":"","meta":[],"pwb-brand":[],"product_brand":[],"product_cat":[731],"product_tag":[],"berocket_brand":[489],"class_list":{"0":"post-21417","1":"product","2":"type-product","3":"status-publish","4":"has-post-thumbnail","6":"product_cat-brand-box","7":"berocket_brand-jz-nails-group","9":"first","10":"outofstock","11":"taxable","12":"shipping-taxable","13":"product-type-simple"},"acf":[],"brands":[],"_links":{"self":[{"href":"https:\/\/mikeladzenailstore.com\/en\/wp-json\/wp\/v2\/product\/21417","targetHints":{"allow":["GET"]}}],"collection":[{"href":"https:\/\/mikeladzenailstore.com\/en\/wp-json\/wp\/v2\/product"}],"about":[{"href":"https:\/\/mikeladzenailstore.com\/en\/wp-json\/wp\/v2\/types\/product"}],"replies":[{"embeddable":true,"href":"https:\/\/mikeladzenailstore.com\/en\/wp-json\/wp\/v2\/comments?post=21417"}],"version-history":[{"count":1,"href":"https:\/\/mikeladzenailstore.com\/en\/wp-json\/wp\/v2\/product\/21417\/revisions"}],"predecessor-version":[{"id":21418,"href":"https:\/\/mikeladzenailstore.com\/en\/wp-json\/wp\/v2\/product\/21417\/revisions\/21418"}],"wp:featuredmedia":[{"embeddable":true,"href":"https:\/\/mikeladzenailstore.com\/en\/wp-json\/wp\/v2\/media\/21413"}],"wp:attachment":[{"href":"https:\/\/mikeladzenailstore.com\/en\/wp-json\/wp\/v2\/media?parent=21417"}],"wp:term":[{"taxonomy":"pwb-brand","embeddable":true,"href":"https:\/\/mikeladzenailstore.com\/en\/wp-json\/wp\/v2\/pwb-brand?post=21417"},{"taxonomy":"product_brand","embeddable":true,"href":"https:\/\/mikeladzenailstore.com\/en\/wp-json\/wp\/v2\/product_brand?post=21417"},{"taxonomy":"product_cat","embeddable":true,"href":"https:\/\/mikeladzenailstore.com\/en\/wp-json\/wp\/v2\/product_cat?post=21417"},{"taxonomy":"product_tag","embeddable":true,"href":"https:\/\/mikeladzenailstore.com\/en\/wp-json\/wp\/v2\/product_tag?post=21417"},{"taxonomy":"berocket_brand","embeddable":true,"href":"https:\/\/mikeladzenailstore.com\/en\/wp-json\/wp\/v2\/berocket_brand?post=21417"}],"curies":[{"name":"wp","href":"https:\/\/api.w.org\/{rel}","templated":true}]}}