{"id":21419,"date":"2026-04-16T17:23:48","date_gmt":"2026-04-16T17:23:48","guid":{"rendered":"https:\/\/mikeladzenailstore.com\/?post_type=product&#038;p=21419"},"modified":"2026-04-16T17:26:15","modified_gmt":"2026-04-16T17:26:15","slug":"brand-box-master","status":"publish","type":"product","link":"https:\/\/mikeladzenailstore.com\/en\/p\/brand-box-master\/","title":{"rendered":"Brand box master"},"content":{"rendered":"<div class=\"flex flex-col text-sm pb-25\">\n<section class=\"text-token-text-primary w-full focus:outline-none [--shadow-height:45px] has-data-writing-block:pointer-events-none has-data-writing-block:-mt-(--shadow-height) has-data-writing-block:pt-(--shadow-height) [&amp;:has([data-writing-block])&gt;*]:pointer-events-auto scroll-mt-[calc(var(--header-height)+min(200px,max(70px,20svh)))]\" dir=\"auto\" data-turn-id=\"request-69904561-868c-832e-8554-48743448e33d-1\" data-testid=\"conversation-turn-76\" data-scroll-anchor=\"true\" data-turn=\"assistant\">\n<div class=\"text-base my-auto mx-auto pb-10 [--thread-content-margin:var(--thread-content-margin-xs,calc(var(--spacing)*4))] @w-sm\/main:[--thread-content-margin:var(--thread-content-margin-sm,calc(var(--spacing)*6))] @w-lg\/main:[--thread-content-margin:var(--thread-content-margin-lg,calc(var(--spacing)*16))] px-(--thread-content-margin)\">\n<div class=\"[--thread-content-max-width:40rem] @w-lg\/main:[--thread-content-max-width:48rem] mx-auto max-w-(--thread-content-max-width) flex-1 group\/turn-messages focus-visible:outline-hidden relative flex w-full min-w-0 flex-col agent-turn\">\n<div class=\"flex max-w-full flex-col gap-4 grow\">\n<div class=\"min-h-8 text-message relative flex w-full flex-col items-end gap-2 text-start break-words whitespace-normal outline-none keyboard-focused:focus-ring [.text-message+&amp;]:mt-1\" dir=\"auto\" tabindex=\"0\" data-message-author-role=\"assistant\" data-message-id=\"06e7600c-a85a-4aee-81d2-f559069121a2\" data-message-model-slug=\"gpt-5-3\" data-turn-start-message=\"true\">\n<div class=\"flex w-full flex-col gap-1 empty:hidden\">\n<div class=\"markdown prose dark:prose-invert w-full wrap-break-word light markdown-new-styling\">\n<p data-start=\"0\" data-end=\"90\">Pro nehta\u0159ky, kter\u00e9 se seznamuj\u00ed se zna\u010dkou a cht\u011bj\u00ed otestovat z\u00e1kladn\u00ed syst\u00e9m materi\u00e1l\u016f<\/p>\n<p data-start=\"92\" data-end=\"154\">Sada je sestavena pro plnohodnotnou ka\u017edodenn\u00ed pr\u00e1ci nehta\u0159ky.<\/p>\n<p data-start=\"156\" data-end=\"306\"><strong data-start=\"156\" data-end=\"173\">Obsah balen\u00ed:<\/strong><br data-start=\"173\" data-end=\"176\" \/>\u2022 Base Easy \/ Expert \/ Fiber<br data-start=\"204\" data-end=\"207\" \/>\u2022 Top<br data-start=\"212\" data-end=\"215\" \/>\u2022 Gel Jelly, 15 ml nebo PolyGel, 15 ml<br data-start=\"253\" data-end=\"256\" \/>\u2022 B\u00e1ze, 15 ml<br data-start=\"269\" data-end=\"272\" \/>\u2022 Gel lak<br data-start=\"281\" data-end=\"284\" \/>\u2022 Builder Gel, 15 ml<\/p>\n<p data-start=\"308\" data-end=\"464\" data-is-last-node=\"\" data-is-only-node=\"\"><strong data-start=\"308\" data-end=\"336\">K \u010demu tento box slou\u017e\u00ed:<\/strong><br data-start=\"336\" data-end=\"339\" \/>\u2022 otestov\u00e1n\u00ed z\u00e1kladn\u00edho syst\u00e9mu zna\u010dky<br data-start=\"377\" data-end=\"380\" \/>\u2022 pozn\u00e1n\u00ed konzistence, p\u0159ilnavosti a v\u00fddr\u017ee<br data-start=\"423\" data-end=\"426\" \/>\u2022 pochopen\u00ed logiky pr\u00e1ce s materi\u00e1ly<\/p>\n<\/div>\n<\/div>\n<\/div>\n<\/div>\n<div class=\"mt-3 w-full empty:hidden\">\n<div class=\"text-center\">P\u0159i objedn\u00e1n\u00ed tohoto boxu z\u00edsk\u00e1te trvalou slevu 10 % na na\u0161em e-shopu nebo v prodejn\u011b v Praze.<\/div>\n<\/div>\n<\/div>\n<\/div>\n<\/section>\n<\/div>\n<div class=\"pointer-events-none h-px w-px absolute bottom-0\" aria-hidden=\"true\" data-edge=\"true\"><\/div>\n","protected":false},"excerpt":{"rendered":"<p>Pro nehta\u0159ky, kter\u00e9 se seznamuj\u00ed se zna\u010dkou a cht\u011bj\u00ed otestovat z\u00e1kladn\u00ed syst\u00e9m materi\u00e1l\u016f Sada je sestavena pro plnohodnotnou ka\u017edodenn\u00ed pr\u00e1ci nehta\u0159ky. Obsah balen\u00ed:\u2022 Base Easy \/ Expert \/ Fiber\u2022 Top\u2022 Gel Jelly, 15 ml nebo PolyGel, 15 ml\u2022 B\u00e1ze, 15 ml\u2022 Gel lak\u2022 Builder Gel, 15 ml K \u010demu tento box slou\u017e\u00ed:\u2022 otestov\u00e1n\u00ed z\u00e1kladn\u00edho syst\u00e9mu [&hellip;]<\/p>\n","protected":false},"featured_media":21413,"comment_status":"closed","ping_status":"closed","template":"","meta":[],"pwb-brand":[],"product_brand":[],"product_cat":[731],"product_tag":[],"berocket_brand":[489],"class_list":{"0":"post-21419","1":"product","2":"type-product","3":"status-publish","4":"has-post-thumbnail","6":"product_cat-brand-box","7":"berocket_brand-jz-nails-group","9":"first","10":"outofstock","11":"taxable","12":"shipping-taxable","13":"product-type-simple"},"acf":[],"brands":[],"_links":{"self":[{"href":"https:\/\/mikeladzenailstore.com\/en\/wp-json\/wp\/v2\/product\/21419","targetHints":{"allow":["GET"]}}],"collection":[{"href":"https:\/\/mikeladzenailstore.com\/en\/wp-json\/wp\/v2\/product"}],"about":[{"href":"https:\/\/mikeladzenailstore.com\/en\/wp-json\/wp\/v2\/types\/product"}],"replies":[{"embeddable":true,"href":"https:\/\/mikeladzenailstore.com\/en\/wp-json\/wp\/v2\/comments?post=21419"}],"version-history":[{"count":1,"href":"https:\/\/mikeladzenailstore.com\/en\/wp-json\/wp\/v2\/product\/21419\/revisions"}],"predecessor-version":[{"id":21420,"href":"https:\/\/mikeladzenailstore.com\/en\/wp-json\/wp\/v2\/product\/21419\/revisions\/21420"}],"wp:featuredmedia":[{"embeddable":true,"href":"https:\/\/mikeladzenailstore.com\/en\/wp-json\/wp\/v2\/media\/21413"}],"wp:attachment":[{"href":"https:\/\/mikeladzenailstore.com\/en\/wp-json\/wp\/v2\/media?parent=21419"}],"wp:term":[{"taxonomy":"pwb-brand","embeddable":true,"href":"https:\/\/mikeladzenailstore.com\/en\/wp-json\/wp\/v2\/pwb-brand?post=21419"},{"taxonomy":"product_brand","embeddable":true,"href":"https:\/\/mikeladzenailstore.com\/en\/wp-json\/wp\/v2\/product_brand?post=21419"},{"taxonomy":"product_cat","embeddable":true,"href":"https:\/\/mikeladzenailstore.com\/en\/wp-json\/wp\/v2\/product_cat?post=21419"},{"taxonomy":"product_tag","embeddable":true,"href":"https:\/\/mikeladzenailstore.com\/en\/wp-json\/wp\/v2\/product_tag?post=21419"},{"taxonomy":"berocket_brand","embeddable":true,"href":"https:\/\/mikeladzenailstore.com\/en\/wp-json\/wp\/v2\/berocket_brand?post=21419"}],"curies":[{"name":"wp","href":"https:\/\/api.w.org\/{rel}","templated":true}]}}