{"id":21794,"date":"2026-04-18T16:56:43","date_gmt":"2026-04-18T16:56:43","guid":{"rendered":"https:\/\/mikeladzenailstore.com\/?post_type=product&#038;p=21794"},"modified":"2026-04-18T17:07:37","modified_gmt":"2026-04-18T17:07:37","slug":"barevny-gel-lak-lilac-trendy-nails","status":"publish","type":"product","link":"https:\/\/mikeladzenailstore.com\/en\/p\/barevny-gel-lak-lilac-trendy-nails\/","title":{"rendered":"Barevny gel lak LILAC  Trendy nails"},"content":{"rendered":"<p data-start=\"0\" data-end=\"142\">Vysoce pigmentovan\u00fd a kryc\u00ed ji\u017e od prvn\u00ed aplikace, zaji\u0161\u0165uje plnou a rovnom\u011brnou barvu bez nutnosti v\u00edce vrstev.<br data-start=\"112\" data-end=\"115\" \/>St\u0159edn\u011b hust\u00e1 konzistence usnad\u0148uje nan\u00e1\u0161en\u00ed, d\u00edky \u010demu\u017e je aplikace rychl\u00e1, p\u0159esn\u00e1 a bez nedokonalost\u00ed.<br data-start=\"219\" data-end=\"222\" \/>Profesion\u00e1ln\u00ed slo\u017een\u00ed nest\u00e9k\u00e1, neposouv\u00e1 se a z\u016fst\u00e1v\u00e1 b\u011bhem pr\u00e1ce dokonale na sv\u00e9m m\u00edst\u011b.<br data-start=\"311\" data-end=\"314\" \/>Extra dlouh\u00e1 v\u00fddr\u017e: v\u00edce ne\u017e 4 t\u00fddny bez zved\u00e1n\u00ed, prasklin nebo od\u0161t\u011bpk\u016f.<br data-start=\"387\" data-end=\"390\" \/>Elastick\u00fd a odoln\u00fd, p\u0159izp\u016fsobuje se p\u0159\u00edrodn\u00edmu nehtu a zabra\u0148uje l\u00e1m\u00e1n\u00ed i nepohodl\u00ed.<br data-start=\"474\" data-end=\"477\" \/>Lahvi\u010dka 8 ml v elegantn\u00edm balen\u00ed Trendy Nails se \u0161t\u011bte\u010dkem navr\u017een\u00fdm pro rovnom\u011brnou aplikaci i v oblasti k\u016f\u017ei\u010dky.<br data-start=\"592\" data-end=\"595\" \/>Dostupn\u00fd v \u0161irok\u00e9 \u0161k\u00e1le trendov\u00fdch odst\u00edn\u016f inspirovan\u00fdch aktu\u00e1ln\u00edmi m\u00f3dn\u00edmi sm\u011bry a sez\u00f3nami.<\/p>\n<div style=\"width: 464px;\" class=\"wp-video\"><video class=\"wp-video-shortcode\" id=\"video-21794-1\" width=\"464\" height=\"848\" preload=\"metadata\" controls=\"controls\"><source type=\"video\/mp4\" src=\"https:\/\/mikeladzenailstore.com\/wp-content\/uploads\/2026\/04\/video_2026-04-15_10-17-35-1.mp4?_=1\" \/><a href=\"https:\/\/mikeladzenailstore.com\/wp-content\/uploads\/2026\/04\/video_2026-04-15_10-17-35-1.mp4\">https:\/\/mikeladzenailstore.com\/wp-content\/uploads\/2026\/04\/video_2026-04-15_10-17-35-1.mp4<\/a><\/video><\/div>\n","protected":false},"excerpt":{"rendered":"<p>Vysoce pigmentovan\u00fd a kryc\u00ed ji\u017e od prvn\u00ed aplikace, zaji\u0161\u0165uje plnou a rovnom\u011brnou barvu bez nutnosti v\u00edce vrstev.St\u0159edn\u011b hust\u00e1 konzistence usnad\u0148uje nan\u00e1\u0161en\u00ed, d\u00edky \u010demu\u017e je aplikace rychl\u00e1, p\u0159esn\u00e1 a bez nedokonalost\u00ed.Profesion\u00e1ln\u00ed slo\u017een\u00ed nest\u00e9k\u00e1, neposouv\u00e1 se a z\u016fst\u00e1v\u00e1 b\u011bhem pr\u00e1ce dokonale na sv\u00e9m m\u00edst\u011b.Extra dlouh\u00e1 v\u00fddr\u017e: v\u00edce ne\u017e 4 t\u00fddny bez zved\u00e1n\u00ed, prasklin nebo od\u0161t\u011bpk\u016f.Elastick\u00fd a odoln\u00fd, [&hellip;]<\/p>\n","protected":false},"featured_media":21797,"comment_status":"closed","ping_status":"closed","template":"","meta":[],"pwb-brand":[],"product_brand":[],"product_cat":[658],"product_tag":[],"berocket_brand":[175],"class_list":{"0":"post-21794","1":"product","2":"type-product","3":"status-publish","4":"has-post-thumbnail","6":"product_cat-gel-polish-trendy-nails","7":"berocket_brand-trendy-nails","9":"first","10":"outofstock","11":"taxable","12":"shipping-taxable","13":"purchasable","14":"product-type-variable"},"acf":[],"brands":[],"_links":{"self":[{"href":"https:\/\/mikeladzenailstore.com\/en\/wp-json\/wp\/v2\/product\/21794","targetHints":{"allow":["GET"]}}],"collection":[{"href":"https:\/\/mikeladzenailstore.com\/en\/wp-json\/wp\/v2\/product"}],"about":[{"href":"https:\/\/mikeladzenailstore.com\/en\/wp-json\/wp\/v2\/types\/product"}],"replies":[{"embeddable":true,"href":"https:\/\/mikeladzenailstore.com\/en\/wp-json\/wp\/v2\/comments?post=21794"}],"version-history":[{"count":1,"href":"https:\/\/mikeladzenailstore.com\/en\/wp-json\/wp\/v2\/product\/21794\/revisions"}],"predecessor-version":[{"id":21801,"href":"https:\/\/mikeladzenailstore.com\/en\/wp-json\/wp\/v2\/product\/21794\/revisions\/21801"}],"wp:featuredmedia":[{"embeddable":true,"href":"https:\/\/mikeladzenailstore.com\/en\/wp-json\/wp\/v2\/media\/21797"}],"wp:attachment":[{"href":"https:\/\/mikeladzenailstore.com\/en\/wp-json\/wp\/v2\/media?parent=21794"}],"wp:term":[{"taxonomy":"pwb-brand","embeddable":true,"href":"https:\/\/mikeladzenailstore.com\/en\/wp-json\/wp\/v2\/pwb-brand?post=21794"},{"taxonomy":"product_brand","embeddable":true,"href":"https:\/\/mikeladzenailstore.com\/en\/wp-json\/wp\/v2\/product_brand?post=21794"},{"taxonomy":"product_cat","embeddable":true,"href":"https:\/\/mikeladzenailstore.com\/en\/wp-json\/wp\/v2\/product_cat?post=21794"},{"taxonomy":"product_tag","embeddable":true,"href":"https:\/\/mikeladzenailstore.com\/en\/wp-json\/wp\/v2\/product_tag?post=21794"},{"taxonomy":"berocket_brand","embeddable":true,"href":"https:\/\/mikeladzenailstore.com\/en\/wp-json\/wp\/v2\/berocket_brand?post=21794"}],"curies":[{"name":"wp","href":"https:\/\/api.w.org\/{rel}","templated":true}]}}