{"id":21971,"date":"2026-04-27T08:11:42","date_gmt":"2026-04-27T08:11:42","guid":{"rendered":"https:\/\/mikeladzenailstore.com\/?post_type=product&#038;p=21971"},"modified":"2026-04-29T11:12:50","modified_gmt":"2026-04-29T11:12:50","slug":"cat-eye-aqua-teddy-trendy-nails","status":"publish","type":"product","link":"https:\/\/mikeladzenailstore.com\/en\/p\/cat-eye-aqua-teddy-trendy-nails\/","title":{"rendered":"Cat eye Aqua Teddy  Trendy nails"},"content":{"rendered":"<p data-start=\"0\" data-end=\"136\">Cat Eye <strong data-start=\"8\" data-end=\"28\">\u201eLavender Teddy\u201c<\/strong> \u2013 syt\u00fd fialov\u00fd odst\u00edn s neutr\u00e1ln\u00edm, hedv\u00e1bn\u00fdm shimmerem.<\/p>\n","protected":false},"excerpt":{"rendered":"<p>Cat Eye \u201eLavender Teddy\u201c \u2013 syt\u00fd fialov\u00fd odst\u00edn s neutr\u00e1ln\u00edm, hedv\u00e1bn\u00fdm shimmerem.<\/p>\n","protected":false},"featured_media":21974,"comment_status":"closed","ping_status":"closed","template":"","meta":[],"pwb-brand":[],"product_brand":[],"product_cat":[658],"product_tag":[],"berocket_brand":[175],"class_list":{"0":"post-21971","1":"product","2":"type-product","3":"status-publish","4":"has-post-thumbnail","6":"product_cat-gel-polish-trendy-nails","7":"berocket_brand-trendy-nails","9":"first","10":"instock","11":"taxable","12":"shipping-taxable","13":"purchasable","14":"product-type-variable"},"acf":[],"brands":[],"_links":{"self":[{"href":"https:\/\/mikeladzenailstore.com\/en\/wp-json\/wp\/v2\/product\/21971","targetHints":{"allow":["GET"]}}],"collection":[{"href":"https:\/\/mikeladzenailstore.com\/en\/wp-json\/wp\/v2\/product"}],"about":[{"href":"https:\/\/mikeladzenailstore.com\/en\/wp-json\/wp\/v2\/types\/product"}],"replies":[{"embeddable":true,"href":"https:\/\/mikeladzenailstore.com\/en\/wp-json\/wp\/v2\/comments?post=21971"}],"version-history":[{"count":1,"href":"https:\/\/mikeladzenailstore.com\/en\/wp-json\/wp\/v2\/product\/21971\/revisions"}],"predecessor-version":[{"id":21989,"href":"https:\/\/mikeladzenailstore.com\/en\/wp-json\/wp\/v2\/product\/21971\/revisions\/21989"}],"wp:featuredmedia":[{"embeddable":true,"href":"https:\/\/mikeladzenailstore.com\/en\/wp-json\/wp\/v2\/media\/21974"}],"wp:attachment":[{"href":"https:\/\/mikeladzenailstore.com\/en\/wp-json\/wp\/v2\/media?parent=21971"}],"wp:term":[{"taxonomy":"pwb-brand","embeddable":true,"href":"https:\/\/mikeladzenailstore.com\/en\/wp-json\/wp\/v2\/pwb-brand?post=21971"},{"taxonomy":"product_brand","embeddable":true,"href":"https:\/\/mikeladzenailstore.com\/en\/wp-json\/wp\/v2\/product_brand?post=21971"},{"taxonomy":"product_cat","embeddable":true,"href":"https:\/\/mikeladzenailstore.com\/en\/wp-json\/wp\/v2\/product_cat?post=21971"},{"taxonomy":"product_tag","embeddable":true,"href":"https:\/\/mikeladzenailstore.com\/en\/wp-json\/wp\/v2\/product_tag?post=21971"},{"taxonomy":"berocket_brand","embeddable":true,"href":"https:\/\/mikeladzenailstore.com\/en\/wp-json\/wp\/v2\/berocket_brand?post=21971"}],"curies":[{"name":"wp","href":"https:\/\/api.w.org\/{rel}","templated":true}]}}