{"id":22302,"date":"2026-04-29T14:10:59","date_gmt":"2026-04-29T14:10:59","guid":{"rendered":"https:\/\/mikeladzenailstore.com\/?post_type=product&#038;p=22302"},"modified":"2026-04-29T14:11:44","modified_gmt":"2026-04-29T14:11:44","slug":"opilki-240-grit-brusiva-na-mekke-polozce","status":"publish","type":"product","link":"https:\/\/mikeladzenailstore.com\/en\/p\/opilki-240-grit-brusiva-na-mekke-polozce\/","title":{"rendered":"OPilki 240 grit brusiva na m\u011bkk\u00e9 polo\u017ece"},"content":{"rendered":"","protected":false},"excerpt":{"rendered":"","protected":false},"featured_media":5252,"comment_status":"open","ping_status":"closed","template":"","meta":[],"pwb-brand":[],"product_brand":[],"product_cat":[504],"product_tag":[],"berocket_brand":[417],"class_list":{"0":"post-22302","1":"product","2":"type-product","3":"status-publish","4":"has-post-thumbnail","6":"product_cat-abrasives","7":"berocket_brand-opilki","9":"first","10":"instock","11":"taxable","12":"shipping-taxable","13":"purchasable","14":"product-type-simple"},"acf":[],"brands":[],"_links":{"self":[{"href":"https:\/\/mikeladzenailstore.com\/en\/wp-json\/wp\/v2\/product\/22302","targetHints":{"allow":["GET"]}}],"collection":[{"href":"https:\/\/mikeladzenailstore.com\/en\/wp-json\/wp\/v2\/product"}],"about":[{"href":"https:\/\/mikeladzenailstore.com\/en\/wp-json\/wp\/v2\/types\/product"}],"replies":[{"embeddable":true,"href":"https:\/\/mikeladzenailstore.com\/en\/wp-json\/wp\/v2\/comments?post=22302"}],"version-history":[{"count":2,"href":"https:\/\/mikeladzenailstore.com\/en\/wp-json\/wp\/v2\/product\/22302\/revisions"}],"predecessor-version":[{"id":22308,"href":"https:\/\/mikeladzenailstore.com\/en\/wp-json\/wp\/v2\/product\/22302\/revisions\/22308"}],"wp:featuredmedia":[{"embeddable":true,"href":"https:\/\/mikeladzenailstore.com\/en\/wp-json\/wp\/v2\/media\/5252"}],"wp:attachment":[{"href":"https:\/\/mikeladzenailstore.com\/en\/wp-json\/wp\/v2\/media?parent=22302"}],"wp:term":[{"taxonomy":"pwb-brand","embeddable":true,"href":"https:\/\/mikeladzenailstore.com\/en\/wp-json\/wp\/v2\/pwb-brand?post=22302"},{"taxonomy":"product_brand","embeddable":true,"href":"https:\/\/mikeladzenailstore.com\/en\/wp-json\/wp\/v2\/product_brand?post=22302"},{"taxonomy":"product_cat","embeddable":true,"href":"https:\/\/mikeladzenailstore.com\/en\/wp-json\/wp\/v2\/product_cat?post=22302"},{"taxonomy":"product_tag","embeddable":true,"href":"https:\/\/mikeladzenailstore.com\/en\/wp-json\/wp\/v2\/product_tag?post=22302"},{"taxonomy":"berocket_brand","embeddable":true,"href":"https:\/\/mikeladzenailstore.com\/en\/wp-json\/wp\/v2\/berocket_brand?post=22302"}],"curies":[{"name":"wp","href":"https:\/\/api.w.org\/{rel}","templated":true}]}}