{"id":5830,"date":"2025-11-15T12:27:54","date_gmt":"2025-11-15T12:27:54","guid":{"rendered":"https:\/\/mikeladzenailstore.com\/p\/keratolytic-urea-enzymes-jz-nails-group-50-ml\/"},"modified":"2026-03-30T14:16:36","modified_gmt":"2026-03-30T14:16:36","slug":"keratolytic-urea-enzymes-jz-nails-group-50-ml","status":"publish","type":"product","link":"https:\/\/mikeladzenailstore.com\/en\/p\/keratolytic-urea-enzymes-jz-nails-group-50-ml\/","title":{"rendered":"Keratolytic Urea &#038; Enzymes JZ Nails Group 50 ml"},"content":{"rendered":"<p>Inovativn\u00ed formule pro pr\u00e1ci s jak\u00fdmkoli typem poko\u017eky p\u0159i manik\u00fa\u0159e, v\u010detn\u011b atopick\u00e9 (dermatitidy, ekz\u00e9mu, lup\u00e9nky i otev\u0159en\u00fdch ran).<\/p>\n<p>Slo\u017een\u00ed obohacen\u00e9 o enzymy (bromelain, papain, allantoin) a provitam\u00edn B5 (panthenol) stimuluje bun\u011b\u010dnou v\u00fdm\u011bnu a regeneraci epidermis, sni\u017euje z\u00e1n\u011btliv\u00e9 procesy a zm\u00edr\u0148uje otoky.<\/p>\n<p>Panthenol nejen p\u0159iv\u00e1d\u00ed vodu do hlub\u0161\u00edch vrstev poko\u017eky, ale tak\u00e9 urychluje tvorbu kolagenu. D\u00edky p\u0159\u00edtomnosti kyseliny ml\u00e9\u010dn\u00e9 si poko\u017eka uchov\u00e1v\u00e1 hydrataci i po odstran\u011bn\u00ed p\u0159\u00edpravku.<\/p>\n<p>Pouze na poko\u017eku! Neoslabuje nehtovou plot\u00e9nku!<\/p>\n<p>Umo\u017e\u0148uje pr\u00e1ci \u201enajednou na v\u0161ech prstech\u201c \u261d<\/p>\n<p>Vhodn\u00e9 pro jakoukoli techniku manik\u00fary<\/p>\n<p>S l\u00e1skou a p\u00e9\u010d\u00ed o ka\u017ed\u00fd manik\u00faru\u2026 va\u0161e JZ \u2764\ufe0f<\/p>\n<p>Juliya Zvarych<\/p>\n<p>Slo\u017een\u00ed:<\/p>\n<p>Keratolytikum s 10% ureou: Aqua, Urea, Papain, Panthenol, Bromelain, Papain, Allantoin, Glycerin, Polysorbate-20, Glycolic Acid, Lactic Acid, Xanthan Gum, L-arginin, Phenoxyethanol, ceramidy.<\/p>\n","protected":false},"excerpt":{"rendered":"<p>Inovativn\u00ed formule pro pr\u00e1ci s jak\u00fdmkoli typem poko\u017eky p\u0159i manik\u00fa\u0159e, v\u010detn\u011b atopick\u00e9 (dermatitidy, ekz\u00e9mu, lup\u00e9nky i otev\u0159en\u00fdch ran). Slo\u017een\u00ed obohacen\u00e9 o enzymy (bromelain, papain, allantoin) a provitam\u00edn B5 (panthenol) stimuluje bun\u011b\u010dnou v\u00fdm\u011bnu a regeneraci epidermis, sni\u017euje z\u00e1n\u011btliv\u00e9 procesy a zm\u00edr\u0148uje otoky. Panthenol nejen p\u0159iv\u00e1d\u00ed vodu do hlub\u0161\u00edch vrstev poko\u017eky, ale tak\u00e9 urychluje tvorbu kolagenu. D\u00edky [&hellip;]<\/p>\n","protected":false},"featured_media":5472,"comment_status":"open","ping_status":"closed","template":"","meta":[],"pwb-brand":[],"product_brand":[],"product_cat":[494,495],"product_tag":[],"berocket_brand":[556],"class_list":{"0":"post-5830","1":"product","2":"type-product","3":"status-publish","4":"has-post-thumbnail","6":"product_cat-bestseller","7":"product_cat-specialni-prostredky","8":"berocket_brand-jz-nails-group","10":"first","11":"instock","12":"taxable","13":"shipping-taxable","14":"purchasable","15":"product-type-simple"},"acf":[],"brands":[],"_links":{"self":[{"href":"https:\/\/mikeladzenailstore.com\/en\/wp-json\/wp\/v2\/product\/5830","targetHints":{"allow":["GET"]}}],"collection":[{"href":"https:\/\/mikeladzenailstore.com\/en\/wp-json\/wp\/v2\/product"}],"about":[{"href":"https:\/\/mikeladzenailstore.com\/en\/wp-json\/wp\/v2\/types\/product"}],"replies":[{"embeddable":true,"href":"https:\/\/mikeladzenailstore.com\/en\/wp-json\/wp\/v2\/comments?post=5830"}],"version-history":[{"count":0,"href":"https:\/\/mikeladzenailstore.com\/en\/wp-json\/wp\/v2\/product\/5830\/revisions"}],"wp:featuredmedia":[{"embeddable":true,"href":"https:\/\/mikeladzenailstore.com\/en\/wp-json\/wp\/v2\/media\/5472"}],"wp:attachment":[{"href":"https:\/\/mikeladzenailstore.com\/en\/wp-json\/wp\/v2\/media?parent=5830"}],"wp:term":[{"taxonomy":"pwb-brand","embeddable":true,"href":"https:\/\/mikeladzenailstore.com\/en\/wp-json\/wp\/v2\/pwb-brand?post=5830"},{"taxonomy":"product_brand","embeddable":true,"href":"https:\/\/mikeladzenailstore.com\/en\/wp-json\/wp\/v2\/product_brand?post=5830"},{"taxonomy":"product_cat","embeddable":true,"href":"https:\/\/mikeladzenailstore.com\/en\/wp-json\/wp\/v2\/product_cat?post=5830"},{"taxonomy":"product_tag","embeddable":true,"href":"https:\/\/mikeladzenailstore.com\/en\/wp-json\/wp\/v2\/product_tag?post=5830"},{"taxonomy":"berocket_brand","embeddable":true,"href":"https:\/\/mikeladzenailstore.com\/en\/wp-json\/wp\/v2\/berocket_brand?post=5830"}],"curies":[{"name":"wp","href":"https:\/\/api.w.org\/{rel}","templated":true}]}}