{"id":6549,"date":"2025-11-24T19:58:18","date_gmt":"2025-11-24T19:58:18","guid":{"rendered":"https:\/\/mikeladzenailstore.com\/p\/acrygel-rose-trendy-nails-30-ml\/"},"modified":"2026-02-17T18:07:06","modified_gmt":"2026-02-17T18:07:06","slug":"acrygel-rose-trendy-nails-30-ml","status":"publish","type":"product","link":"https:\/\/mikeladzenailstore.com\/en\/p\/acrygel-rose-trendy-nails-30-ml\/","title":{"rendered":"Acrygel Rose Trendy nails 30 ml"},"content":{"rendered":"<p>Revolu\u010dn\u00ed Acrygel<\/p>\n<p>Revolu\u010dn\u00ed Acrygel je ide\u00e1ln\u00edm \u0159e\u0161en\u00edm pro ty, kte\u0159\u00ed hledaj\u00ed model\u00e1\u017e neht\u016f kombinuj\u00edc\u00ed pevnost, flexibilitu a rychlost pr\u00e1ce.<br \/>\nJeho inovativn\u00ed formule umo\u017e\u0148uje dos\u00e1hnout bezchybn\u00fdch a dlouhotrvaj\u00edc\u00edch v\u00fdsledk\u016f, ani\u017e by byl ohro\u017een komfort a p\u0159irozen\u00fd vzhled neht\u016f.<\/p>\n<p>\u2e3b<\/p>\n<p>\u2728 Hlavn\u00ed vlastnosti:<\/p>\n<p>\u2022 Hust\u00e1 a tv\u00e1rn\u00e1 konzistence \u2013 snadno se modeluje, p\u0159izp\u016fsob\u00ed se pot\u0159eb\u00e1m ka\u017ed\u00e9 nehtov\u00e9 stylistky<br \/>\n\u2022 Snadn\u00e1 pr\u00e1ce bez sp\u011bchu \u2013 nest\u00e9k\u00e1, umo\u017e\u0148uje klidnou a p\u0159esnou modelaci bez stresu<br \/>\n\u2022 Pevnost a flexibilita \u2013 pokro\u010dil\u00e1 formule kombinuje odolnost a pru\u017enost bez nadm\u011brn\u00e9 tvrdosti na nehtu<br \/>\n\u2022 Ide\u00e1ln\u00ed pro Dual Form i Nail Form \u2013 vhodn\u00fd pro rychl\u00e9 prodlou\u017een\u00ed, korekce tvaru a obnovu onychofagick\u00fdch neht\u016f<br \/>\n\u2022 Bez z\u00e1pachu \u2013 ide\u00e1ln\u00ed alternativa k akrylu bez nep\u0159\u00edjemn\u00fdch siln\u00fdch pach\u016f<br \/>\n\u2022 Balen\u00ed: 30 g<\/p>\n<p>\u2e3b<\/p>\n<p>\u2b50\ufe0f Hlavn\u00ed v\u00fdhody:<br \/>\n\u2022 Vynikaj\u00edc\u00ed v\u00fddr\u017e \u2013 odolnost v\u00edce ne\u017e 4 t\u00fddny bez odchlipov\u00e1n\u00ed<br \/>\n\u2022 Stabilita \u2013 umo\u017e\u0148uje modelovat v\u00edce neht\u016f najednou bez st\u00e9k\u00e1n\u00ed, \u0161et\u0159\u00ed \u010das<br \/>\n\u2022 Extr\u00e9mn\u00ed odolnost \u2013 ide\u00e1ln\u00ed pro k\u0159ehk\u00e9 nebo problematick\u00e9 nehty<br \/>\n\u2022 Korekce tvaru \u2013 vhodn\u00fd i pro onychofagick\u00e9 nebo po\u0161kozen\u00e9 nehty<br \/>\n\u2022 Bez z\u00e1pachu \u2013 komfortn\u00ed pr\u00e1ce bez typick\u00e9ho akrylov\u00e9ho z\u00e1pachu<\/p>\n","protected":false},"excerpt":{"rendered":"<p>Revolu\u010dn\u00ed Acrygel Revolu\u010dn\u00ed Acrygel je ide\u00e1ln\u00edm \u0159e\u0161en\u00edm pro ty, kte\u0159\u00ed hledaj\u00ed model\u00e1\u017e neht\u016f kombinuj\u00edc\u00ed pevnost, flexibilitu a rychlost pr\u00e1ce. Jeho inovativn\u00ed formule umo\u017e\u0148uje dos\u00e1hnout bezchybn\u00fdch a dlouhotrvaj\u00edc\u00edch v\u00fdsledk\u016f, ani\u017e by byl ohro\u017een komfort a p\u0159irozen\u00fd vzhled neht\u016f. \u2e3b \u2728 Hlavn\u00ed vlastnosti: \u2022 Hust\u00e1 a tv\u00e1rn\u00e1 konzistence \u2013 snadno se modeluje, p\u0159izp\u016fsob\u00ed se pot\u0159eb\u00e1m ka\u017ed\u00e9 nehtov\u00e9 [&hellip;]<\/p>\n","protected":false},"featured_media":6423,"comment_status":"closed","ping_status":"closed","template":"","meta":[],"pwb-brand":[],"product_brand":[],"product_cat":[614],"product_tag":[],"berocket_brand":[419],"class_list":{"0":"post-6549","1":"product","2":"type-product","3":"status-publish","4":"has-post-thumbnail","6":"product_cat-acrygel-trendy-nails","7":"berocket_brand-trendy-nails","9":"first","10":"instock","11":"taxable","12":"shipping-taxable","13":"purchasable","14":"product-type-simple"},"acf":[],"brands":[],"_links":{"self":[{"href":"https:\/\/mikeladzenailstore.com\/en\/wp-json\/wp\/v2\/product\/6549","targetHints":{"allow":["GET"]}}],"collection":[{"href":"https:\/\/mikeladzenailstore.com\/en\/wp-json\/wp\/v2\/product"}],"about":[{"href":"https:\/\/mikeladzenailstore.com\/en\/wp-json\/wp\/v2\/types\/product"}],"replies":[{"embeddable":true,"href":"https:\/\/mikeladzenailstore.com\/en\/wp-json\/wp\/v2\/comments?post=6549"}],"version-history":[{"count":0,"href":"https:\/\/mikeladzenailstore.com\/en\/wp-json\/wp\/v2\/product\/6549\/revisions"}],"wp:featuredmedia":[{"embeddable":true,"href":"https:\/\/mikeladzenailstore.com\/en\/wp-json\/wp\/v2\/media\/6423"}],"wp:attachment":[{"href":"https:\/\/mikeladzenailstore.com\/en\/wp-json\/wp\/v2\/media?parent=6549"}],"wp:term":[{"taxonomy":"pwb-brand","embeddable":true,"href":"https:\/\/mikeladzenailstore.com\/en\/wp-json\/wp\/v2\/pwb-brand?post=6549"},{"taxonomy":"product_brand","embeddable":true,"href":"https:\/\/mikeladzenailstore.com\/en\/wp-json\/wp\/v2\/product_brand?post=6549"},{"taxonomy":"product_cat","embeddable":true,"href":"https:\/\/mikeladzenailstore.com\/en\/wp-json\/wp\/v2\/product_cat?post=6549"},{"taxonomy":"product_tag","embeddable":true,"href":"https:\/\/mikeladzenailstore.com\/en\/wp-json\/wp\/v2\/product_tag?post=6549"},{"taxonomy":"berocket_brand","embeddable":true,"href":"https:\/\/mikeladzenailstore.com\/en\/wp-json\/wp\/v2\/berocket_brand?post=6549"}],"curies":[{"name":"wp","href":"https:\/\/api.w.org\/{rel}","templated":true}]}}