{"id":6938,"date":"2025-11-15T12:26:54","date_gmt":"2025-11-15T12:26:54","guid":{"rendered":"https:\/\/mikeladzenailstore.com\/p\/polygel-glass-no-tpo-no-hema-jz-nails-group-30-ml\/"},"modified":"2026-03-27T07:22:29","modified_gmt":"2026-03-27T07:22:29","slug":"polygel-glass-no-tpo-no-hema-jz-nails-group-30-ml","status":"publish","type":"product","link":"https:\/\/mikeladzenailstore.com\/en\/p\/polygel-glass-no-tpo-no-hema-jz-nails-group-30-ml\/","title":{"rendered":"Polygel GLASS JZ Nails Group"},"content":{"rendered":"<p>V\u0161echny nejlep\u0161\u00ed vlastnosti unik\u00e1tn\u00ed formule v jednom produktu. Leh\u010d\u00ed, pevn\u011bj\u0161\u00ed a pru\u017en\u011bj\u0161\u00ed ne\u017e jak\u00fdkoli akryl nebo gel v nehtov\u00e9m pr\u016fmyslu. Umo\u017e\u0148uje zpevnit nehtovou plot\u00e9nku, proto\u017ee d\u00edky sv\u00e9 formuli je elastick\u00fd. Je vhodn\u00fd pro prodlu\u017eov\u00e1n\u00ed na tipech, modelaci na \u0161ablon\u00e1ch i horn\u00edch form\u00e1ch jakoukoli rychlost\u00ed, kter\u00e1 je manik\u00e9rce p\u0159\u00edjemn\u00e1. P\u0159i nan\u00e1\u0161en\u00ed na nehtovou plot\u00e9nku nest\u00e9k\u00e1 a samovoln\u011b se nevyrovn\u00e1v\u00e1. Umo\u017e\u0148uje pr\u00e1ci s minim\u00e1ln\u00edm mno\u017estv\u00edm materi\u00e1lu, je kompatibiln\u00ed s jak\u00fdmikoli pigmentovan\u00fdmi a t\u0159pytiv\u00fdmi gely pro vytvo\u0159en\u00ed po\u017eadovan\u00e9 barvy. Nem\u00e1 perforaci. M\u00e1 vynikaj\u00edc\u00ed adhezivn\u00ed vlastnosti a p\u0159irozen\u00fd vzhled pigmentu. Polymeruje v LED nebo UV lamp\u00e1ch s minim\u00e1ln\u00ed disperzn\u00ed vrstvou. B\u011bhem polymerace nezp\u016fsobuje pocit p\u00e1len\u00ed na nehtov\u00e9 plot\u00e9nce. LED\/UV 90 sek.\/ 2 min.<\/p>\n<p>Skladem. Objem: 15 ml\/30 ml\/50 ml<\/p>\n<p>Slo\u017een\u00ed:<\/p>\n<p>ACRYLATES COPOLYMER, DI-HEMA TRIMETHYLHEXYL DICARBAMATE, ISOPROPYLIDENEDIPHENOL PEG-2 DIMETHACRYLATE, TRIMETHYLOLPROPANE TRIMETHACRYLATE, TRIPHENYLPHOSPHINE, BENZOYL ISOPROPANOL, PEG-9 DIMETHACRYLATE. +\/- (M\u016e\u017dE OBSAHOVAT): CI 77891 (TITANIUM DIOXIDE), CI 77491 (IRON OXIDES), CI 60725 (VIOLET 2).<\/p>\n","protected":false},"excerpt":{"rendered":"<p>V\u0161echny nejlep\u0161\u00ed vlastnosti unik\u00e1tn\u00ed formule v jednom produktu. Leh\u010d\u00ed, pevn\u011bj\u0161\u00ed a pru\u017en\u011bj\u0161\u00ed ne\u017e jak\u00fdkoli akryl nebo gel v nehtov\u00e9m pr\u016fmyslu. Umo\u017e\u0148uje zpevnit nehtovou plot\u00e9nku, proto\u017ee d\u00edky sv\u00e9 formuli je elastick\u00fd. Je vhodn\u00fd pro prodlu\u017eov\u00e1n\u00ed na tipech, modelaci na \u0161ablon\u00e1ch i horn\u00edch form\u00e1ch jakoukoli rychlost\u00ed, kter\u00e1 je manik\u00e9rce p\u0159\u00edjemn\u00e1. P\u0159i nan\u00e1\u0161en\u00ed na nehtovou plot\u00e9nku nest\u00e9k\u00e1 a [&hellip;]<\/p>\n","protected":false},"featured_media":5245,"comment_status":"open","ping_status":"closed","template":"","meta":[],"pwb-brand":[],"product_brand":[],"product_cat":[541,610],"product_tag":[],"berocket_brand":[556],"class_list":{"0":"post-6938","1":"product","2":"type-product","3":"status-publish","4":"has-post-thumbnail","6":"product_cat-polygel","7":"product_cat-polygel-jz-nails-group","8":"berocket_brand-jz-nails-group","10":"first","11":"outofstock","12":"taxable","13":"shipping-taxable","14":"purchasable","15":"product-type-variable"},"acf":[],"brands":[],"_links":{"self":[{"href":"https:\/\/mikeladzenailstore.com\/en\/wp-json\/wp\/v2\/product\/6938","targetHints":{"allow":["GET"]}}],"collection":[{"href":"https:\/\/mikeladzenailstore.com\/en\/wp-json\/wp\/v2\/product"}],"about":[{"href":"https:\/\/mikeladzenailstore.com\/en\/wp-json\/wp\/v2\/types\/product"}],"replies":[{"embeddable":true,"href":"https:\/\/mikeladzenailstore.com\/en\/wp-json\/wp\/v2\/comments?post=6938"}],"version-history":[{"count":0,"href":"https:\/\/mikeladzenailstore.com\/en\/wp-json\/wp\/v2\/product\/6938\/revisions"}],"wp:featuredmedia":[{"embeddable":true,"href":"https:\/\/mikeladzenailstore.com\/en\/wp-json\/wp\/v2\/media\/5245"}],"wp:attachment":[{"href":"https:\/\/mikeladzenailstore.com\/en\/wp-json\/wp\/v2\/media?parent=6938"}],"wp:term":[{"taxonomy":"pwb-brand","embeddable":true,"href":"https:\/\/mikeladzenailstore.com\/en\/wp-json\/wp\/v2\/pwb-brand?post=6938"},{"taxonomy":"product_brand","embeddable":true,"href":"https:\/\/mikeladzenailstore.com\/en\/wp-json\/wp\/v2\/product_brand?post=6938"},{"taxonomy":"product_cat","embeddable":true,"href":"https:\/\/mikeladzenailstore.com\/en\/wp-json\/wp\/v2\/product_cat?post=6938"},{"taxonomy":"product_tag","embeddable":true,"href":"https:\/\/mikeladzenailstore.com\/en\/wp-json\/wp\/v2\/product_tag?post=6938"},{"taxonomy":"berocket_brand","embeddable":true,"href":"https:\/\/mikeladzenailstore.com\/en\/wp-json\/wp\/v2\/berocket_brand?post=6938"}],"curies":[{"name":"wp","href":"https:\/\/api.w.org\/{rel}","templated":true}]}}