{"id":6941,"date":"2025-11-15T12:26:48","date_gmt":"2025-11-15T12:26:48","guid":{"rendered":"https:\/\/mikeladzenailstore.com\/p\/top-expert-no-tpo-no-hema-jz-nails-group-15-ml\/"},"modified":"2026-03-26T20:29:34","modified_gmt":"2026-03-26T20:29:34","slug":"top-expert-no-tpo-no-hema-jz-nails-group-15-ml","status":"publish","type":"product","link":"https:\/\/mikeladzenailstore.com\/en\/p\/top-expert-no-tpo-no-hema-jz-nails-group-15-ml\/","title":{"rendered":"Top Expert JZ Nails Group  15 ml"},"content":{"rendered":"<p>Top \u201eExpert\u201c \u2013 univerz\u00e1ln\u00ed vrchn\u00ed ochrann\u00fd povlak.<\/p>\n<p>\u2728 Vlastnosti:<\/p>\n<p>\u2022 Elastick\u00fd, se st\u0159edn\u00ed viskozitou<\/p>\n<p>\u2022 Bez v\u00fdpotkov\u00e9 vrstvy (bez zbytkov\u00e9 lepivosti)<\/p>\n<p>\u2022 Kompatibiln\u00ed se v\u0161emi typy povlak\u016f (gel \/ gel lak \/ polygel)<\/p>\n<p>\u23f1 Polymerace: 60 sekund<\/p>\n","protected":false},"excerpt":{"rendered":"<p>Top \u201eExpert\u201c \u2013 univerz\u00e1ln\u00ed vrchn\u00ed ochrann\u00fd povlak. \u2728 Vlastnosti: \u2022 Elastick\u00fd, se st\u0159edn\u00ed viskozitou \u2022 Bez v\u00fdpotkov\u00e9 vrstvy (bez zbytkov\u00e9 lepivosti) \u2022 Kompatibiln\u00ed se v\u0161emi typy povlak\u016f (gel \/ gel lak \/ polygel) \u23f1 Polymerace: 60 sekund<\/p>\n","protected":false},"featured_media":5423,"comment_status":"open","ping_status":"closed","template":"","meta":[],"pwb-brand":[],"product_brand":[],"product_cat":[240,494],"product_tag":[],"berocket_brand":[556],"class_list":{"0":"post-6941","1":"product","2":"type-product","3":"status-publish","4":"has-post-thumbnail","6":"product_cat-base-jz-nails-group","7":"product_cat-bestseller","8":"berocket_brand-jz-nails-group","10":"first","11":"instock","12":"taxable","13":"shipping-taxable","14":"purchasable","15":"product-type-simple"},"acf":[],"brands":[],"_links":{"self":[{"href":"https:\/\/mikeladzenailstore.com\/en\/wp-json\/wp\/v2\/product\/6941","targetHints":{"allow":["GET"]}}],"collection":[{"href":"https:\/\/mikeladzenailstore.com\/en\/wp-json\/wp\/v2\/product"}],"about":[{"href":"https:\/\/mikeladzenailstore.com\/en\/wp-json\/wp\/v2\/types\/product"}],"replies":[{"embeddable":true,"href":"https:\/\/mikeladzenailstore.com\/en\/wp-json\/wp\/v2\/comments?post=6941"}],"version-history":[{"count":0,"href":"https:\/\/mikeladzenailstore.com\/en\/wp-json\/wp\/v2\/product\/6941\/revisions"}],"wp:featuredmedia":[{"embeddable":true,"href":"https:\/\/mikeladzenailstore.com\/en\/wp-json\/wp\/v2\/media\/5423"}],"wp:attachment":[{"href":"https:\/\/mikeladzenailstore.com\/en\/wp-json\/wp\/v2\/media?parent=6941"}],"wp:term":[{"taxonomy":"pwb-brand","embeddable":true,"href":"https:\/\/mikeladzenailstore.com\/en\/wp-json\/wp\/v2\/pwb-brand?post=6941"},{"taxonomy":"product_brand","embeddable":true,"href":"https:\/\/mikeladzenailstore.com\/en\/wp-json\/wp\/v2\/product_brand?post=6941"},{"taxonomy":"product_cat","embeddable":true,"href":"https:\/\/mikeladzenailstore.com\/en\/wp-json\/wp\/v2\/product_cat?post=6941"},{"taxonomy":"product_tag","embeddable":true,"href":"https:\/\/mikeladzenailstore.com\/en\/wp-json\/wp\/v2\/product_tag?post=6941"},{"taxonomy":"berocket_brand","embeddable":true,"href":"https:\/\/mikeladzenailstore.com\/en\/wp-json\/wp\/v2\/berocket_brand?post=6941"}],"curies":[{"name":"wp","href":"https:\/\/api.w.org\/{rel}","templated":true}]}}