{"id":6956,"date":"2025-11-15T12:26:42","date_gmt":"2025-11-15T12:26:42","guid":{"rendered":"https:\/\/mikeladzenailstore.com\/p\/strong-gel-build-it-jasmine-no-tpo-no-hema-jz-nails-group-15-ml\/"},"modified":"2026-01-19T13:49:14","modified_gmt":"2026-01-19T13:49:14","slug":"strong-gel-build-it-jasmine-no-tpo-no-hema-jz-nails-group-15-ml","status":"publish","type":"product","link":"https:\/\/mikeladzenailstore.com\/en\/p\/strong-gel-build-it-jasmine-no-tpo-no-hema-jz-nails-group-15-ml\/","title":{"rendered":"Strong gel JASMINE  JZ Nails Group"},"content":{"rendered":"<p data-start=\"46\" data-end=\"214\"><strong data-start=\"46\" data-end=\"65\">BUILD IT \u2013 gel!<\/strong><br data-start=\"65\" data-end=\"68\" \/>Funguje jako b\u00e1ze, ale m\u00e1 fyzik\u00e1ln\u00ed vlastnosti gelu. D\u00edky tomu umo\u017e\u0148uje zpev\u0148ovat nehty, potahovat je jako b\u00e1z\u00ed a pracovat s n\u00edm jako s podkladem.<\/p>\n<p data-start=\"216\" data-end=\"491\"><strong data-start=\"216\" data-end=\"253\">Inovativn\u00ed formule nov\u00e9 generace:<\/strong><br data-start=\"253\" data-end=\"256\" \/>Tuto formuli jsme poprv\u00e9 uvedli v roce 2021 \u2014 tvrd\u00fd Strong gel <strong data-start=\"319\" data-end=\"339\">NO HEMA \/ NO TPO<\/strong>, kombinovan\u00fd s mo\u017enost\u00ed odstran\u011bn\u00ed metodou <strong data-start=\"383\" data-end=\"395\">Soak Off<\/strong>. Ide\u00e1ln\u00ed pro profesion\u00e1ly, kte\u0159\u00ed si cen\u00ed rychlosti, kvality a zdrav\u00ed p\u0159\u00edrodn\u00ed nehtov\u00e9 plot\u00e9nky.<\/p>\n<p data-start=\"493\" data-end=\"526\"><strong data-start=\"493\" data-end=\"504\">Balen\u00ed:<\/strong> gel v kel\u00edmku \u2014 15 ml<\/p>\n<h3 data-start=\"528\" data-end=\"548\">V\u00fdhody BUILD IT:<\/h3>\n<p data-start=\"550\" data-end=\"1020\">\u2022 \ud83d\udcaa <strong data-start=\"555\" data-end=\"577\">Tvrdost a pru\u017enost<\/strong> \u2014 zaji\u0161\u0165uje spolehliv\u00e9 zpevn\u011bn\u00ed p\u0159\u00edrodn\u00edho nehtu a z\u00e1rove\u0148 zachov\u00e1v\u00e1 jeho flexibilitu.<br data-start=\"664\" data-end=\"667\" \/>\u2022 \u26a1 <strong data-start=\"671\" data-end=\"717\">Odstran\u011bn\u00ed metodou Soak Off za 10\u201315 minut<\/strong> \u2014 bez po\u0161kozen\u00ed nehtov\u00e9 plot\u00e9nky.<br data-start=\"751\" data-end=\"754\" \/>\u2022 \ud83d\udc85 <strong data-start=\"759\" data-end=\"775\">Bez pilov\u00e1n\u00ed<\/strong> \u2014 ide\u00e1ln\u00ed technika aplikace se samovyrovn\u00e1v\u00e1n\u00edm.<br data-start=\"824\" data-end=\"827\" \/>\u2022 \u2728 <strong data-start=\"831\" data-end=\"848\">N\u00edzkoteplotn\u00ed<\/strong> \u2014 komfortn\u00ed i pro citliv\u00e9 nehty.<br data-start=\"881\" data-end=\"884\" \/>\u2022 \ud83e\uddf2 <strong data-start=\"889\" data-end=\"917\">Tenk\u00e1 podkladov\u00e1 vrstva.<\/strong><br data-start=\"917\" data-end=\"920\" \/>\u2022 \ud83d\udca7 <strong data-start=\"925\" data-end=\"953\">Kontrolovan\u00e1 konzistence<\/strong> \u2014 snadn\u00e1 aplikace, nest\u00e9k\u00e1, nerozt\u00e9k\u00e1 se, p\u0159izp\u016fsobuje se povrchu.<\/p>\n<h3 data-start=\"1022\" data-end=\"1038\">Ide\u00e1ln\u00ed pro:<\/h3>\n<p data-start=\"1040\" data-end=\"1216\">\u2022 Zpevn\u011bn\u00ed p\u0159\u00edrodn\u00edch neht\u016f.<br data-start=\"1068\" data-end=\"1071\" \/>\u2022 Prodlou\u017een\u00ed voln\u00e9ho okraje o 1\u20132 mm.<br data-start=\"1109\" data-end=\"1112\" \/>\u2022 Vytvo\u0159en\u00ed tenk\u00e9ho podkladu pod barevn\u00fd gel lak.<br data-start=\"1161\" data-end=\"1164\" \/>\u2022 Rychl\u00e9 dopln\u011bn\u00ed a modelaci technikou bez pilov\u00e1n\u00ed.<\/p>\n<h3 data-start=\"1218\" data-end=\"1237\">Dostupn\u00e9 barvy:<\/h3>\n<p data-start=\"1239\" data-end=\"1540\">\u2022 <strong data-start=\"1241\" data-end=\"1250\">Clear<\/strong> \u2013 dokonale \u010dir\u00fd, pro univerz\u00e1ln\u00ed pou\u017eit\u00ed.<br data-start=\"1292\" data-end=\"1295\" \/>\u2022 <strong data-start=\"1297\" data-end=\"1310\">Cover Tan<\/strong> \u2013 p\u0159irozen\u00fd t\u011blov\u00fd odst\u00edn \u2757\ufe0f<strong data-start=\"1339\" data-end=\"1350\">NOVINKA<\/strong><br data-start=\"1350\" data-end=\"1353\" \/>\u2022 <strong data-start=\"1355\" data-end=\"1366\">Freesia<\/strong> \u2013 jemn\u00e1 r\u016f\u017eov\u00e1 inspirovan\u00e1 jarn\u00edmi kv\u011bty \u2757\ufe0f<strong data-start=\"1410\" data-end=\"1421\">NOVINKA<\/strong><br data-start=\"1421\" data-end=\"1424\" \/>\u2022 <strong data-start=\"1426\" data-end=\"1434\">Moon<\/strong> \u2013 elegantn\u00ed ml\u00e9\u010dn\u011b b\u00edl\u00fd odst\u00edn jako m\u011bs\u00ed\u010dn\u00ed svit.<br data-start=\"1484\" data-end=\"1487\" \/>\u2022 <strong data-start=\"1489\" data-end=\"1500\">Jasmine<\/strong> \u2013 tepl\u00e1 r\u016f\u017eov\u00e1 s jemn\u00fdm kr\u00e9mov\u00fdm t\u00f3nem.<\/p>\n<h3 data-start=\"1542\" data-end=\"1561\">Slo\u017een\u00ed (INCI):<\/h3>\n<p data-start=\"1563\" data-end=\"1768\">BIS-HEA Poly Copolymer, Benzyl Methacrylate, Cellulose Acetate Butyrate, Hydroxycyclohexyl Phenyl Ketone, Glycol Methacrylate, Ethyl Trimethylbenzoyl Phenylphosphinate, Bis(methacryloyloxyethyl) Phosphate.<\/p>\n<p data-start=\"1770\" data-end=\"1936\">\u2022 <strong data-start=\"1772\" data-end=\"1793\">pH po polymeraci:<\/strong> neutr\u00e1ln\u00ed (6,8\u20137,2)<br data-start=\"1813\" data-end=\"1816\" \/>\u2022 <strong data-start=\"1818\" data-end=\"1836\">Kompatibilita:<\/strong> vhodn\u00fd pro v\u0161echny gel laky, barevn\u00e9 i stavebn\u00ed gely<br data-start=\"1889\" data-end=\"1892\" \/>\u2022 <strong data-start=\"1894\" data-end=\"1925\">Doporu\u010den\u00e1 tlou\u0161\u0165ka vrstvy:<\/strong> 0,3\u20130,5 mm<\/p>\n<p data-start=\"1938\" data-end=\"1974\">\ud83d\udc49 <strong data-start=\"1941\" data-end=\"1974\">Vy\u017eaduje pou\u017eit\u00ed ultrabondu\u203c\ufe0f<\/strong><\/p>\n<h3 data-start=\"1976\" data-end=\"1995\">Zp\u016fsob pou\u017eit\u00ed:<\/h3>\n<ol data-start=\"1997\" data-end=\"2348\">\n<li data-start=\"1997\" data-end=\"2056\">\n<p data-start=\"2000\" data-end=\"2056\">Prove\u010fte standardn\u00ed p\u0159\u00edpravu nehtu. Naneste ultrabond.<\/p>\n<\/li>\n<li data-start=\"2057\" data-end=\"2248\">\n<p data-start=\"2060\" data-end=\"2248\">Naneste tenkou vrstvu \u010dir\u00e9ho podkladov\u00e9ho gelu a rovnom\u011brn\u011b ji rozet\u0159ete pro vyhlazen\u00ed povrchu. Pokud pou\u017e\u00edv\u00e1te kamufl\u00e1\u017en\u00ed produkt, vytvo\u0159te podklad z \u010dir\u00e9ho BUILD IT nebo z b\u00e1ze Expert.<\/p>\n<\/li>\n<li data-start=\"2249\" data-end=\"2295\">\n<p data-start=\"2252\" data-end=\"2295\">Vytvr\u010fte v odpov\u00eddaj\u00edc\u00ed origin\u00e1ln\u00ed lamp\u011b.<\/p>\n<\/li>\n<li data-start=\"2296\" data-end=\"2348\">\n<p data-start=\"2299\" data-end=\"2348\">Pokra\u010dujte aplikac\u00ed zvolen\u00e9ho barevn\u00e9ho produktu.<\/p>\n<\/li>\n<\/ol>\n<p data-start=\"2350\" data-end=\"2379\"><strong data-start=\"2350\" data-end=\"2365\">Polymerace:<\/strong> 90\u2013120 sekund<\/p>\n","protected":false},"excerpt":{"rendered":"<p>BUILD IT \u2013 gel!Funguje jako b\u00e1ze, ale m\u00e1 fyzik\u00e1ln\u00ed vlastnosti gelu. D\u00edky tomu umo\u017e\u0148uje zpev\u0148ovat nehty, potahovat je jako b\u00e1z\u00ed a pracovat s n\u00edm jako s podkladem. Inovativn\u00ed formule nov\u00e9 generace:Tuto formuli jsme poprv\u00e9 uvedli v roce 2021 \u2014 tvrd\u00fd Strong gel NO HEMA \/ NO TPO, kombinovan\u00fd s mo\u017enost\u00ed odstran\u011bn\u00ed metodou Soak Off. Ide\u00e1ln\u00ed [&hellip;]<\/p>\n","protected":false},"featured_media":5422,"comment_status":"open","ping_status":"closed","template":"","meta":[],"pwb-brand":[],"product_brand":[],"product_cat":[662],"product_tag":[],"berocket_brand":[556],"class_list":{"0":"post-6956","1":"product","2":"type-product","3":"status-publish","4":"has-post-thumbnail","6":"product_cat-build-it-jz-nails-group","7":"berocket_brand-jz-nails-group","9":"first","10":"instock","11":"sale","12":"taxable","13":"shipping-taxable","14":"purchasable","15":"product-type-variable"},"acf":[],"brands":[],"_links":{"self":[{"href":"https:\/\/mikeladzenailstore.com\/en\/wp-json\/wp\/v2\/product\/6956","targetHints":{"allow":["GET"]}}],"collection":[{"href":"https:\/\/mikeladzenailstore.com\/en\/wp-json\/wp\/v2\/product"}],"about":[{"href":"https:\/\/mikeladzenailstore.com\/en\/wp-json\/wp\/v2\/types\/product"}],"replies":[{"embeddable":true,"href":"https:\/\/mikeladzenailstore.com\/en\/wp-json\/wp\/v2\/comments?post=6956"}],"version-history":[{"count":0,"href":"https:\/\/mikeladzenailstore.com\/en\/wp-json\/wp\/v2\/product\/6956\/revisions"}],"wp:featuredmedia":[{"embeddable":true,"href":"https:\/\/mikeladzenailstore.com\/en\/wp-json\/wp\/v2\/media\/5422"}],"wp:attachment":[{"href":"https:\/\/mikeladzenailstore.com\/en\/wp-json\/wp\/v2\/media?parent=6956"}],"wp:term":[{"taxonomy":"pwb-brand","embeddable":true,"href":"https:\/\/mikeladzenailstore.com\/en\/wp-json\/wp\/v2\/pwb-brand?post=6956"},{"taxonomy":"product_brand","embeddable":true,"href":"https:\/\/mikeladzenailstore.com\/en\/wp-json\/wp\/v2\/product_brand?post=6956"},{"taxonomy":"product_cat","embeddable":true,"href":"https:\/\/mikeladzenailstore.com\/en\/wp-json\/wp\/v2\/product_cat?post=6956"},{"taxonomy":"product_tag","embeddable":true,"href":"https:\/\/mikeladzenailstore.com\/en\/wp-json\/wp\/v2\/product_tag?post=6956"},{"taxonomy":"berocket_brand","embeddable":true,"href":"https:\/\/mikeladzenailstore.com\/en\/wp-json\/wp\/v2\/berocket_brand?post=6956"}],"curies":[{"name":"wp","href":"https:\/\/api.w.org\/{rel}","templated":true}]}}