{"id":6974,"date":"2025-11-15T12:26:32","date_gmt":"2025-11-15T12:26:32","guid":{"rendered":"https:\/\/mikeladzenailstore.com\/p\/keratolytik-iq-podo-step-1\/"},"modified":"2025-11-15T12:26:32","modified_gmt":"2025-11-15T12:26:32","slug":"keratolytik-iq-podo-step-1","status":"publish","type":"product","link":"https:\/\/mikeladzenailstore.com\/en\/p\/keratolytik-iq-podo-step-1\/","title":{"rendered":"Keratolytik IQ Podo Step 1"},"content":{"rendered":"<p>Hlavn\u00edm a prvn\u00edm krokem p\u0159i pedik\u00fa\u0159e je hydratace a odlou\u010den\u00ed zrohovat\u011bl\u00e9 k\u016f\u017ee.<\/p>\n<p>D\u00edky 20% UREE, tedy karbamidu, vd\u011b\u010d\u00edme za nov\u00fd v\u00fdvojov\u00fd stupe\u0148 PODO kosmeceutiky.<\/p>\n<\/p>\n<p>Charakteristika:<\/p>\n<\/p>\n<p>  Pro v\u0161echny typy poko\u017eky<\/p>\n<p>  Nevy\u017eaduje neutralizaci<\/p>\n<p>  P\u016fsob\u00ed ve v\u0161ech vrstv\u00e1ch epidermis<\/p>\n<p>  Smart funkce aktivace pomoc\u00ed H\u2082O<\/p>\n<p>  Antioxida\u010dn\u00ed a antiseptick\u00e9 \u00fa\u010dinky po procedu\u0159e<\/p>\n<p>  Prodlou\u017een\u00e9 p\u016fsoben\u00ed v\u0161ech slo\u017eek s efektem \u201etady a te\u010f\u201c \u2013 poko\u017eka se bude zlep\u0161ovat je\u0161t\u011b n\u011bkolik dn\u00ed<\/p>\n<p>  Vhodn\u00fd pro diabetickou nohu<\/p>\n<p>  Nenaru\u0161uje pH poko\u017eky<\/p>\n<p>  Bez paraben\u016f a miner\u00e1ln\u00edch olej\u016f<\/p>\n<\/p>\n<p>Jak funguje keratolytikum IQ PODO:<\/p>\n<\/p>\n<p>Jeho hlavn\u00edm c\u00edlem je dodat \u00fa\u010dinn\u00e9 l\u00e1tky do v\u0161ech vrstev poko\u017eky. D\u00edky peptid\u016fm a Aloe Vera udr\u017euje hydrataci a spolu s provitam\u00ednem B5 zklid\u0148uje a uvol\u0148uje nap\u011bt\u00ed v po\u0161kozen\u00fdch oblastech.<\/p>\n<p>Je to prvn\u00ed keratolytikum, kter\u00e9 nen\u00ed t\u0159eba opakovan\u011b nan\u00e1\u0161et. Funguje jednodu\u0161e jako tla\u010d\u00edtko \u201eZAP\u201c \u2013 aktivuje se vodou.<\/p>\n<p>Jakmile uvid\u00edte, \u017ee poko\u017eka p\u0159\u00edpravek vst\u0159ebala \u2013 jednodu\u0161e ji znovu navlh\u010dete vlhkou ut\u011brkou. Jen \u010distou vodou, jen H\u2082O. A produkt se znovu aktivuje  <\/p>\n<\/p>\n<p>  Nevy\u017eaduje neutralizaci<\/p>\n<p>  Pouze pro profesion\u00e1ln\u00ed pou\u017eit\u00ed<\/p>\n<p>  Pou\u017e\u00edvat v nitrilov\u00fdch rukavic\u00edch<\/p>\n<p>  Pouze pro vn\u011bj\u0161\u00ed pou\u017eit\u00ed<\/p>\n<p>  Uchov\u00e1vejte mimo dosah d\u011bt\u00ed<\/p>\n<p>  Nepou\u017e\u00edvat na poko\u017eku s prasklinami nebo otev\u0159en\u00fdmi ranami<\/p>\n<p>  Zabra\u0148te kontaktu s o\u010dima, obli\u010dejem a rukama<\/p>\n<p>  Po pr\u00e1ci si umyjte ruce vodou a m\u00fddlem<\/p>\n<\/p>\n<p>N\u00e1vod k pou\u017eit\u00ed:<\/p>\n<\/p>\n<p>Naneste produkt na suchou poko\u017eku chodidel a udr\u017eujte ji vlhkou pomoc\u00ed vlhk\u00e9 ut\u011brky. Po 30 sekund\u00e1ch a\u017e 2 minut\u00e1ch ot\u0159ete poko\u017eku vlhkou ut\u011brkou nebo pap\u00edrov\u00fdm ru\u010dn\u00edkem a pot\u00e9 odstra\u0148te zm\u011bk\u010denou k\u016f\u017ei. Opl\u00e1chn\u011bte vodou.<\/p>\n<p>Na z\u00e1v\u011br procedury naneste hydrata\u010dn\u00ed a regenera\u010dn\u00ed kr\u00e9m IQ PODO step 2.<\/p>\n<\/p>\n<p>Nepou\u017e\u00edvejte \u010dast\u011bji ne\u017e jednou t\u00fddn\u011b.<\/p>\n<p>Trvanlivost: 24 m\u011bs\u00edc\u016f, 6 m\u011bs\u00edc\u016f po otev\u0159en\u00ed.<\/p>\n","protected":false},"excerpt":{"rendered":"<p>Hlavn\u00edm a prvn\u00edm krokem p\u0159i pedik\u00fa\u0159e je hydratace a odlou\u010den\u00ed zrohovat\u011bl\u00e9 k\u016f\u017ee. D\u00edky 20% UREE, tedy karbamidu, vd\u011b\u010d\u00edme za nov\u00fd v\u00fdvojov\u00fd stupe\u0148 PODO kosmeceutiky. Charakteristika: Pro v\u0161echny typy poko\u017eky Nevy\u017eaduje neutralizaci P\u016fsob\u00ed ve v\u0161ech vrstv\u00e1ch epidermis Smart funkce aktivace pomoc\u00ed H\u2082O Antioxida\u010dn\u00ed a antiseptick\u00e9 \u00fa\u010dinky po procedu\u0159e Prodlou\u017een\u00e9 p\u016fsoben\u00ed v\u0161ech slo\u017eek s efektem \u201etady a [&hellip;]<\/p>\n","protected":false},"featured_media":5416,"comment_status":"open","ping_status":"open","template":"","meta":[],"pwb-brand":[],"product_brand":[],"product_cat":[204],"product_tag":[],"berocket_brand":[556],"class_list":{"0":"post-6974","1":"product","2":"type-product","3":"status-publish","4":"has-post-thumbnail","6":"product_cat-pedikura","7":"berocket_brand-jz-nails-group","9":"first","10":"outofstock","11":"taxable","12":"shipping-taxable","13":"purchasable","14":"product-type-simple"},"acf":[],"brands":[],"_links":{"self":[{"href":"https:\/\/mikeladzenailstore.com\/en\/wp-json\/wp\/v2\/product\/6974","targetHints":{"allow":["GET"]}}],"collection":[{"href":"https:\/\/mikeladzenailstore.com\/en\/wp-json\/wp\/v2\/product"}],"about":[{"href":"https:\/\/mikeladzenailstore.com\/en\/wp-json\/wp\/v2\/types\/product"}],"replies":[{"embeddable":true,"href":"https:\/\/mikeladzenailstore.com\/en\/wp-json\/wp\/v2\/comments?post=6974"}],"version-history":[{"count":0,"href":"https:\/\/mikeladzenailstore.com\/en\/wp-json\/wp\/v2\/product\/6974\/revisions"}],"wp:featuredmedia":[{"embeddable":true,"href":"https:\/\/mikeladzenailstore.com\/en\/wp-json\/wp\/v2\/media\/5416"}],"wp:attachment":[{"href":"https:\/\/mikeladzenailstore.com\/en\/wp-json\/wp\/v2\/media?parent=6974"}],"wp:term":[{"taxonomy":"pwb-brand","embeddable":true,"href":"https:\/\/mikeladzenailstore.com\/en\/wp-json\/wp\/v2\/pwb-brand?post=6974"},{"taxonomy":"product_brand","embeddable":true,"href":"https:\/\/mikeladzenailstore.com\/en\/wp-json\/wp\/v2\/product_brand?post=6974"},{"taxonomy":"product_cat","embeddable":true,"href":"https:\/\/mikeladzenailstore.com\/en\/wp-json\/wp\/v2\/product_cat?post=6974"},{"taxonomy":"product_tag","embeddable":true,"href":"https:\/\/mikeladzenailstore.com\/en\/wp-json\/wp\/v2\/product_tag?post=6974"},{"taxonomy":"berocket_brand","embeddable":true,"href":"https:\/\/mikeladzenailstore.com\/en\/wp-json\/wp\/v2\/berocket_brand?post=6974"}],"curies":[{"name":"wp","href":"https:\/\/api.w.org\/{rel}","templated":true}]}}