{"id":7511,"date":"2025-11-15T12:12:25","date_gmt":"2025-11-15T12:12:25","guid":{"rendered":"https:\/\/mikeladzenailstore.com\/p\/luxusni-krem-na-ruce-enjoy-kosmeceutika100-ml\/"},"modified":"2026-02-11T06:27:06","modified_gmt":"2026-02-11T06:27:06","slug":"luxusni-krem-na-ruce-enjoy-kosmeceutika100-ml","status":"publish","type":"product","link":"https:\/\/mikeladzenailstore.com\/en\/p\/luxusni-krem-na-ruce-enjoy-kosmeceutika100-ml\/","title":{"rendered":"Luxusni krem na ruce \u201cEnjoy&#8221; (Kosmeceutika)100 ml"},"content":{"rendered":"<p>\u2728 Inovace v p\u00e9\u010di o poko\u017eku rukou a t\u011bla od JZ Nails Group \u2728<\/p>\n<p>Prvn\u00ed parf\u00e9movan\u00e1 komplexn\u00ed p\u00e9\u010de s hedv\u00e1bn\u00fdmi peptidy<\/p>\n<p>V\u00fd\u017eivn\u00fd &amp; hydrata\u010dn\u00ed lotion \u2013 nezbytn\u00fd krok pro zdravou, jemnou a dokonale upravenou poko\u017eku.<\/p>\n<p>D\u00edky proteinu z kokonu bource moru\u0161ov\u00e9ho z\u00edsk\u00e1v\u00e1 unik\u00e1tn\u00ed hedv\u00e1bn\u00e9 t\u00f3ny luxusn\u00edho parf\u00e9mu.<\/p>\n<p>\u2714\ufe0f Hloubkov\u011b vy\u017eivuje<\/p>\n<p>\u2714\ufe0f Udr\u017euje optim\u00e1ln\u00ed hydrataci<\/p>\n<p>\u2714\ufe0f Chr\u00e1n\u00ed poko\u017eku a zanech\u00e1v\u00e1 ji hebkou<\/p>\n<p>Z\u00e1\u0159iv\u00e1, hladk\u00e1 a smysln\u011b provon\u011bn\u00e1 poko\u017eka \u2013 to je nov\u00fd standard p\u00e9\u010de od JZ Nails Group.<\/p>\n","protected":false},"excerpt":{"rendered":"<p>\u2728 Inovace v p\u00e9\u010di o poko\u017eku rukou a t\u011bla od JZ Nails Group \u2728 Prvn\u00ed parf\u00e9movan\u00e1 komplexn\u00ed p\u00e9\u010de s hedv\u00e1bn\u00fdmi peptidy V\u00fd\u017eivn\u00fd &amp; hydrata\u010dn\u00ed lotion \u2013 nezbytn\u00fd krok pro zdravou, jemnou a dokonale upravenou poko\u017eku. D\u00edky proteinu z kokonu bource moru\u0161ov\u00e9ho z\u00edsk\u00e1v\u00e1 unik\u00e1tn\u00ed hedv\u00e1bn\u00e9 t\u00f3ny luxusn\u00edho parf\u00e9mu. \u2714\ufe0f Hloubkov\u011b vy\u017eivuje \u2714\ufe0f Udr\u017euje optim\u00e1ln\u00ed hydrataci \u2714\ufe0f [&hellip;]<\/p>\n","protected":false},"featured_media":5277,"comment_status":"open","ping_status":"closed","template":"","meta":[],"pwb-brand":[],"product_brand":[],"product_cat":[495],"product_tag":[],"berocket_brand":[],"class_list":{"0":"post-7511","1":"product","2":"type-product","3":"status-publish","4":"has-post-thumbnail","6":"product_cat-specialni-prostredky","8":"first","9":"outofstock","10":"taxable","11":"shipping-taxable","12":"purchasable","13":"product-type-simple"},"acf":[],"brands":[],"_links":{"self":[{"href":"https:\/\/mikeladzenailstore.com\/en\/wp-json\/wp\/v2\/product\/7511","targetHints":{"allow":["GET"]}}],"collection":[{"href":"https:\/\/mikeladzenailstore.com\/en\/wp-json\/wp\/v2\/product"}],"about":[{"href":"https:\/\/mikeladzenailstore.com\/en\/wp-json\/wp\/v2\/types\/product"}],"replies":[{"embeddable":true,"href":"https:\/\/mikeladzenailstore.com\/en\/wp-json\/wp\/v2\/comments?post=7511"}],"version-history":[{"count":0,"href":"https:\/\/mikeladzenailstore.com\/en\/wp-json\/wp\/v2\/product\/7511\/revisions"}],"wp:featuredmedia":[{"embeddable":true,"href":"https:\/\/mikeladzenailstore.com\/en\/wp-json\/wp\/v2\/media\/5277"}],"wp:attachment":[{"href":"https:\/\/mikeladzenailstore.com\/en\/wp-json\/wp\/v2\/media?parent=7511"}],"wp:term":[{"taxonomy":"pwb-brand","embeddable":true,"href":"https:\/\/mikeladzenailstore.com\/en\/wp-json\/wp\/v2\/pwb-brand?post=7511"},{"taxonomy":"product_brand","embeddable":true,"href":"https:\/\/mikeladzenailstore.com\/en\/wp-json\/wp\/v2\/product_brand?post=7511"},{"taxonomy":"product_cat","embeddable":true,"href":"https:\/\/mikeladzenailstore.com\/en\/wp-json\/wp\/v2\/product_cat?post=7511"},{"taxonomy":"product_tag","embeddable":true,"href":"https:\/\/mikeladzenailstore.com\/en\/wp-json\/wp\/v2\/product_tag?post=7511"},{"taxonomy":"berocket_brand","embeddable":true,"href":"https:\/\/mikeladzenailstore.com\/en\/wp-json\/wp\/v2\/berocket_brand?post=7511"}],"curies":[{"name":"wp","href":"https:\/\/api.w.org\/{rel}","templated":true}]}}