{"id":7574,"date":"2025-11-15T12:12:01","date_gmt":"2025-11-15T12:12:01","guid":{"rendered":"https:\/\/mikeladzenailstore.com\/p\/builder-gel-clear-podkladovy-no-tpo-no-hema-jz-nails-group-50-ml\/"},"modified":"2026-03-26T20:06:10","modified_gmt":"2026-03-26T20:06:10","slug":"builder-gel-clear-podkladovy-no-tpo-no-hema-jz-nails-group-50-ml","status":"publish","type":"product","link":"https:\/\/mikeladzenailstore.com\/en\/p\/builder-gel-clear-podkladovy-no-tpo-no-hema-jz-nails-group-50-ml\/","title":{"rendered":"Builder gel CLEAR (podkladovy) JZ Nails Group"},"content":{"rendered":"<p>Builder CLEAR gel \u2013 jednof\u00e1zov\u00fd modela\u010dn\u00ed gel, \u010dir\u00fd.<\/p>\n<p>M\u00e1 st\u0159edn\u00ed viskozitu, je tixotropn\u00ed a samonivela\u010dn\u00ed.<\/p>\n<p>Ide\u00e1ln\u00ed pro model\u00e1\u017e neht\u016f, zpevn\u011bn\u00ed p\u0159\u00edrodn\u00ed nehtov\u00e9 plot\u00e9nky a tak\u00e9 pro vytvo\u0159en\u00ed vrchn\u00ed vrstvy se sklen\u011bn\u00fdm efektem nebo designov\u00fdch \u0159e\u0161en\u00ed ve stylu \u201eakv\u00e1rium\u201c.<\/p>\n<p>Po vytvrzen\u00ed m\u00e1 vysokou odolnost proti opot\u0159eben\u00ed. Ne\u017eloutne a zachov\u00e1v\u00e1 si \u010dirost i po polymeraci.<\/p>\n<p>Vhodn\u00fd jak pro za\u010d\u00e1te\u010dn\u00edky, tak i pro zku\u0161en\u00e9 nehtov\u00e9 stylistky.<\/p>\n<p>Vy\u017eaduje pou\u017eit\u00ed ultrabondu.<\/p>\n<p>LED\/UV \u2013 60\u2013120 s<\/p>\n<p>395 nm<\/p>\n<p>Slo\u017een\u00ed:<\/p>\n<p>DI-HEMA TRIMETHYLHEXYL DICARBAMATE, ISOBORNYL METHACRYLATE, PEG-9 TRIMETHYLOLPROPANE TRIACRYLATE, HYDROXYCYCLOHEXYL PHENYL KETONE, SILICA, BENZOYL ISOPROPANOL, PEG9 DIMETHACRYLATE.<\/p>\n<p>+\/- (M\u016e\u017dE OBSAHOVAT): CI 77891 (TITANIUM DIOXIDE), CI 77491 (IRON OXIDES), CI 77492 (IRON OXIDES), CI 47005.<\/p>\n","protected":false},"excerpt":{"rendered":"<p>Builder CLEAR gel \u2013 jednof\u00e1zov\u00fd modela\u010dn\u00ed gel, \u010dir\u00fd. M\u00e1 st\u0159edn\u00ed viskozitu, je tixotropn\u00ed a samonivela\u010dn\u00ed. Ide\u00e1ln\u00ed pro model\u00e1\u017e neht\u016f, zpevn\u011bn\u00ed p\u0159\u00edrodn\u00ed nehtov\u00e9 plot\u00e9nky a tak\u00e9 pro vytvo\u0159en\u00ed vrchn\u00ed vrstvy se sklen\u011bn\u00fdm efektem nebo designov\u00fdch \u0159e\u0161en\u00ed ve stylu \u201eakv\u00e1rium\u201c. Po vytvrzen\u00ed m\u00e1 vysokou odolnost proti opot\u0159eben\u00ed. Ne\u017eloutne a zachov\u00e1v\u00e1 si \u010dirost i po polymeraci. Vhodn\u00fd jak [&hellip;]<\/p>\n","protected":false},"featured_media":5236,"comment_status":"open","ping_status":"closed","template":"","meta":[],"pwb-brand":[],"product_brand":[],"product_cat":[575],"product_tag":[],"berocket_brand":[556],"class_list":{"0":"post-7574","1":"product","2":"type-product","3":"status-publish","4":"has-post-thumbnail","6":"product_cat-builder-gel-jz-nails-group","7":"berocket_brand-jz-nails-group","9":"first","10":"outofstock","11":"taxable","12":"shipping-taxable","13":"purchasable","14":"product-type-variable"},"acf":[],"brands":[],"_links":{"self":[{"href":"https:\/\/mikeladzenailstore.com\/en\/wp-json\/wp\/v2\/product\/7574","targetHints":{"allow":["GET"]}}],"collection":[{"href":"https:\/\/mikeladzenailstore.com\/en\/wp-json\/wp\/v2\/product"}],"about":[{"href":"https:\/\/mikeladzenailstore.com\/en\/wp-json\/wp\/v2\/types\/product"}],"replies":[{"embeddable":true,"href":"https:\/\/mikeladzenailstore.com\/en\/wp-json\/wp\/v2\/comments?post=7574"}],"version-history":[{"count":0,"href":"https:\/\/mikeladzenailstore.com\/en\/wp-json\/wp\/v2\/product\/7574\/revisions"}],"wp:featuredmedia":[{"embeddable":true,"href":"https:\/\/mikeladzenailstore.com\/en\/wp-json\/wp\/v2\/media\/5236"}],"wp:attachment":[{"href":"https:\/\/mikeladzenailstore.com\/en\/wp-json\/wp\/v2\/media?parent=7574"}],"wp:term":[{"taxonomy":"pwb-brand","embeddable":true,"href":"https:\/\/mikeladzenailstore.com\/en\/wp-json\/wp\/v2\/pwb-brand?post=7574"},{"taxonomy":"product_brand","embeddable":true,"href":"https:\/\/mikeladzenailstore.com\/en\/wp-json\/wp\/v2\/product_brand?post=7574"},{"taxonomy":"product_cat","embeddable":true,"href":"https:\/\/mikeladzenailstore.com\/en\/wp-json\/wp\/v2\/product_cat?post=7574"},{"taxonomy":"product_tag","embeddable":true,"href":"https:\/\/mikeladzenailstore.com\/en\/wp-json\/wp\/v2\/product_tag?post=7574"},{"taxonomy":"berocket_brand","embeddable":true,"href":"https:\/\/mikeladzenailstore.com\/en\/wp-json\/wp\/v2\/berocket_brand?post=7574"}],"curies":[{"name":"wp","href":"https:\/\/api.w.org\/{rel}","templated":true}]}}