{"id":7631,"date":"2025-11-15T12:10:39","date_gmt":"2025-11-15T12:10:39","guid":{"rendered":"https:\/\/mikeladzenailstore.com\/p\/cover-base-opal-05-no-tpo-no-hema-jz-nails-group\/"},"modified":"2026-01-03T18:55:23","modified_gmt":"2026-01-03T18:55:23","slug":"cover-base-opal-05-no-tpo-no-hema-jz-nails-group","status":"publish","type":"product","link":"https:\/\/mikeladzenailstore.com\/en\/p\/cover-base-opal-05-no-tpo-no-hema-jz-nails-group\/","title":{"rendered":"Cover base  Opal 05 JZ Nails Group"},"content":{"rendered":"<p>KAMUFLA\u017dN\u00cd B\u00c1ZE \u2014 JZ NAILS GROUP<\/p>\n<p>Jsou v\u017edy aktu\u00e1ln\u00ed!<br \/>\nNez\u00e1le\u017e\u00ed na sez\u00f3n\u011b, nail trendech ani sv\u00e1tc\u00edch \u2014 ka\u017ed\u00fd odst\u00edn je samostatn\u011b kr\u00e1sn\u00fd a univerz\u00e1ln\u00ed \ud83d\udc85<br \/>\nObjem: 15 ml<\/p>\n<p>Slo\u017een\u00ed:<br \/>\nDi-HEMA Trimethylhexyl Dicarbamate, HEMA, Isobornyl Methacrylate, Cellulose Acetate Butyrate, Hydroxycyclohexyl Phenyl Ketone, Silica, HEMA Acrylate (Glycol), Calcium Aluminum Borosilicate, PEG-9 Dimethacrylate, Bis(Methacryloyloxyethyl) Phosphate.<br \/>\nM\u016f\u017ee obsahovat: CI 77891, CI 15850, CI 77007.<\/p>\n","protected":false},"excerpt":{"rendered":"<p>KAMUFLA\u017dN\u00cd B\u00c1ZE \u2014 JZ NAILS GROUP Jsou v\u017edy aktu\u00e1ln\u00ed! Nez\u00e1le\u017e\u00ed na sez\u00f3n\u011b, nail trendech ani sv\u00e1tc\u00edch \u2014 ka\u017ed\u00fd odst\u00edn je samostatn\u011b kr\u00e1sn\u00fd a univerz\u00e1ln\u00ed \ud83d\udc85 Objem: 15 ml Slo\u017een\u00ed: Di-HEMA Trimethylhexyl Dicarbamate, HEMA, Isobornyl Methacrylate, Cellulose Acetate Butyrate, Hydroxycyclohexyl Phenyl Ketone, Silica, HEMA Acrylate (Glycol), Calcium Aluminum Borosilicate, PEG-9 Dimethacrylate, Bis(Methacryloyloxyethyl) Phosphate. M\u016f\u017ee obsahovat: CI [&hellip;]<\/p>\n","protected":false},"featured_media":0,"comment_status":"open","ping_status":"closed","template":"","meta":[],"pwb-brand":[],"product_brand":[],"product_cat":[703],"product_tag":[],"berocket_brand":[],"class_list":{"0":"post-7631","1":"product","2":"type-product","3":"status-publish","5":"product_cat-slevy","7":"first","8":"instock","9":"taxable","10":"shipping-taxable","11":"purchasable","12":"product-type-simple"},"acf":[],"brands":[],"_links":{"self":[{"href":"https:\/\/mikeladzenailstore.com\/en\/wp-json\/wp\/v2\/product\/7631","targetHints":{"allow":["GET"]}}],"collection":[{"href":"https:\/\/mikeladzenailstore.com\/en\/wp-json\/wp\/v2\/product"}],"about":[{"href":"https:\/\/mikeladzenailstore.com\/en\/wp-json\/wp\/v2\/types\/product"}],"replies":[{"embeddable":true,"href":"https:\/\/mikeladzenailstore.com\/en\/wp-json\/wp\/v2\/comments?post=7631"}],"version-history":[{"count":0,"href":"https:\/\/mikeladzenailstore.com\/en\/wp-json\/wp\/v2\/product\/7631\/revisions"}],"wp:attachment":[{"href":"https:\/\/mikeladzenailstore.com\/en\/wp-json\/wp\/v2\/media?parent=7631"}],"wp:term":[{"taxonomy":"pwb-brand","embeddable":true,"href":"https:\/\/mikeladzenailstore.com\/en\/wp-json\/wp\/v2\/pwb-brand?post=7631"},{"taxonomy":"product_brand","embeddable":true,"href":"https:\/\/mikeladzenailstore.com\/en\/wp-json\/wp\/v2\/product_brand?post=7631"},{"taxonomy":"product_cat","embeddable":true,"href":"https:\/\/mikeladzenailstore.com\/en\/wp-json\/wp\/v2\/product_cat?post=7631"},{"taxonomy":"product_tag","embeddable":true,"href":"https:\/\/mikeladzenailstore.com\/en\/wp-json\/wp\/v2\/product_tag?post=7631"},{"taxonomy":"berocket_brand","embeddable":true,"href":"https:\/\/mikeladzenailstore.com\/en\/wp-json\/wp\/v2\/berocket_brand?post=7631"}],"curies":[{"name":"wp","href":"https:\/\/api.w.org\/{rel}","templated":true}]}}