{"id":7707,"date":"2025-11-15T12:10:21","date_gmt":"2025-11-15T12:10:21","guid":{"rendered":"https:\/\/mikeladzenailstore.com\/p\/nitrilove-rukavice-bile-s-100-ks\/"},"modified":"2026-03-30T11:48:42","modified_gmt":"2026-03-30T11:48:42","slug":"nitrilove-rukavice-bile-s-100-ks","status":"publish","type":"product","link":"https:\/\/mikeladzenailstore.com\/en\/p\/nitrilove-rukavice-bile-s-100-ks\/","title":{"rendered":"Nitrilov\u00e9 rukavice NITRIL COMFORT 100 ks, nepudrovan\u00e9, b\u00edl\u00e9, 3.8 g"},"content":{"rendered":"<ul>\n<li>\n<h3>Detailn\u00ed popis produktu<\/h3>\n<p>Rukavice nejsou vhodn\u00e9 pro kontakt s velmi hork\u00fdmi p\u0159edm\u011bty. P\u0159i pou\u017e\u00edv\u00e1n\u00ed rukavic zvy\u0161te opatrnost p\u0159i manipulaci s ostr\u00fdmi p\u0159edm\u011bty. Nitrilov\u00e9 rukavice maj\u00ed zv\u00fd\u0161enou odolnost proti chemick\u00fdm rizik\u016fm. Rukavice navl\u00e9kejte na such\u00e9 ruce. Po pou\u017eit\u00ed rukavic prove\u010fte hygienu rukou s pou\u017eit\u00edm alkoholov\u00e9ho dezinfek\u010dn\u00edho p\u0159\u00edpravku nebo si je umyjte m\u00fddlem a vodou.<\/li>\n<li>\n<div><strong>Popis produktu<\/strong><\/div>\n<div class=\"table-wrapper\">\n<table>\n<tbody>\n<tr class=\"su-even\">\n<td>Typ<\/td>\n<td>jednor\u00e1zov\u00e9 nesteriln\u00ed ochrann\u00e9 a vy\u0161et\u0159ovac\u00ed rukavice<\/td>\n<\/tr>\n<tr>\n<td>Materi\u00e1l<\/td>\n<td>100% syntetick\u00fd nitril<\/td>\n<\/tr>\n<tr class=\"su-even\">\n<td>Barva<\/td>\n<td>b\u00edl\u00e1<\/td>\n<\/tr>\n<tr>\n<td>Proveden\u00ed<\/td>\n<td>pravolev\u00e9, zdrsn\u011bn\u00e9 kone\u010dky prst\u016f, kor\u00e1lkov\u00e1 man\u017eeta<\/td>\n<\/tr>\n<tr class=\"su-even\">\n<td>Pudr<\/td>\n<td>nen\u00ed p\u0159id\u00e1n<\/td>\n<\/tr>\n<tr class=\"su-even\">\n<td>Kvalita<\/td>\n<td>3.8 g \u00b1 0.2 vel. M<\/td>\n<\/tr>\n<tr>\n<td>Skladov\u00e1n\u00ed<\/td>\n<td>rukavice neztr\u00e1cej\u00ed sv\u00e9 vlastnosti p\u0159i skladov\u00e1n\u00ed v suchu p\u0159i teplot\u011b od 10 do 30 \u00b0C<\/td>\n<\/tr>\n<tr class=\"su-even\">\n<td>\u017divotnost<\/td>\n<td>5 let od data v\u00fdroby p\u0159i dodr\u017een\u00ed podm\u00ednek skladov\u00e1n\u00ed<\/td>\n<\/tr>\n<tr>\n<td>Balen\u00ed<\/td>\n<td>100 ks v\u00a0krabi\u010dce, 10 krabi\u010dek v\u00a0kartonu<\/td>\n<\/tr>\n<tr>\n<td>Rozm\u011bry krabi\u010dky<\/td>\n<td>200\u00d7110\u00d760 mm<\/td>\n<\/tr>\n<\/tbody>\n<\/table>\n<\/div>\n<div><strong>Specifikace produktu<\/strong><\/div>\n<div class=\"table-wrapper\">\n<table>\n<tbody>\n<tr>\n<td>D\u00e9lka (mm)<\/td>\n<td>min. 240<\/td>\n<\/tr>\n<tr>\n<td>\u0160\u00ed\u0159ka (mm)<\/td>\n<td>XS \u2013 76 \u00b1 3<\/td>\n<\/tr>\n<tr>\n<td><\/td>\n<td>S \u2013 84 \u00b1 3<\/td>\n<\/tr>\n<tr>\n<td><\/td>\n<td>M \u2013 94 \u00b1 3<\/td>\n<\/tr>\n<tr>\n<td><\/td>\n<td>L \u2013 105 \u00b1 3<\/td>\n<\/tr>\n<tr>\n<td><\/td>\n<td>XL \u2013 113 \u00b1 3<\/td>\n<\/tr>\n<tr>\n<td>Tlou\u0161\u0165ka (mm)<\/td>\n<td>prsty: 0.10 \u00b1 0.02 (typick\u00e1 hodnota 0.08 \u2013 0.11)<\/td>\n<\/tr>\n<tr>\n<td><\/td>\n<td>dla\u0148: 0.07 \u00b1 0.02 (typick\u00e1 hodnota 0.06 \u2013 0.08)<\/td>\n<\/tr>\n<tr>\n<td>Prodlou\u017een\u00ed do p\u0159etr\u017een\u00ed (%)<\/td>\n<td>min. 500<\/td>\n<\/tr>\n<tr>\n<td>Pevnost v\u00a0tahu (MPa)<\/td>\n<td>min. 6<\/td>\n<\/tr>\n<tr>\n<td>AQL<\/td>\n<td>1.5<\/td>\n<\/tr>\n<\/tbody>\n<\/table>\n<\/div>\n<\/li>\n<\/ul>\n","protected":false},"excerpt":{"rendered":"<p>Detailn\u00ed popis produktu Rukavice nejsou vhodn\u00e9 pro kontakt s velmi hork\u00fdmi p\u0159edm\u011bty. P\u0159i pou\u017e\u00edv\u00e1n\u00ed rukavic zvy\u0161te opatrnost p\u0159i manipulaci s ostr\u00fdmi p\u0159edm\u011bty. Nitrilov\u00e9 rukavice maj\u00ed zv\u00fd\u0161enou odolnost proti chemick\u00fdm rizik\u016fm. Rukavice navl\u00e9kejte na such\u00e9 ruce. Po pou\u017eit\u00ed rukavic prove\u010fte hygienu rukou s pou\u017eit\u00edm alkoholov\u00e9ho dezinfek\u010dn\u00edho p\u0159\u00edpravku nebo si je umyjte m\u00fddlem a vodou. Popis produktu [&hellip;]<\/p>\n","protected":false},"featured_media":5211,"comment_status":"open","ping_status":"closed","template":"","meta":[],"pwb-brand":[],"product_brand":[],"product_cat":[723],"product_tag":[],"berocket_brand":[726],"class_list":{"0":"post-7707","1":"product","2":"type-product","3":"status-publish","4":"has-post-thumbnail","6":"product_cat-rukavice","7":"berocket_brand-esoeon","9":"first","10":"outofstock","11":"taxable","12":"shipping-taxable","13":"purchasable","14":"product-type-variable"},"acf":[],"brands":[],"_links":{"self":[{"href":"https:\/\/mikeladzenailstore.com\/en\/wp-json\/wp\/v2\/product\/7707","targetHints":{"allow":["GET"]}}],"collection":[{"href":"https:\/\/mikeladzenailstore.com\/en\/wp-json\/wp\/v2\/product"}],"about":[{"href":"https:\/\/mikeladzenailstore.com\/en\/wp-json\/wp\/v2\/types\/product"}],"replies":[{"embeddable":true,"href":"https:\/\/mikeladzenailstore.com\/en\/wp-json\/wp\/v2\/comments?post=7707"}],"version-history":[{"count":0,"href":"https:\/\/mikeladzenailstore.com\/en\/wp-json\/wp\/v2\/product\/7707\/revisions"}],"wp:featuredmedia":[{"embeddable":true,"href":"https:\/\/mikeladzenailstore.com\/en\/wp-json\/wp\/v2\/media\/5211"}],"wp:attachment":[{"href":"https:\/\/mikeladzenailstore.com\/en\/wp-json\/wp\/v2\/media?parent=7707"}],"wp:term":[{"taxonomy":"pwb-brand","embeddable":true,"href":"https:\/\/mikeladzenailstore.com\/en\/wp-json\/wp\/v2\/pwb-brand?post=7707"},{"taxonomy":"product_brand","embeddable":true,"href":"https:\/\/mikeladzenailstore.com\/en\/wp-json\/wp\/v2\/product_brand?post=7707"},{"taxonomy":"product_cat","embeddable":true,"href":"https:\/\/mikeladzenailstore.com\/en\/wp-json\/wp\/v2\/product_cat?post=7707"},{"taxonomy":"product_tag","embeddable":true,"href":"https:\/\/mikeladzenailstore.com\/en\/wp-json\/wp\/v2\/product_tag?post=7707"},{"taxonomy":"berocket_brand","embeddable":true,"href":"https:\/\/mikeladzenailstore.com\/en\/wp-json\/wp\/v2\/berocket_brand?post=7707"}],"curies":[{"name":"wp","href":"https:\/\/api.w.org\/{rel}","templated":true}]}}