{"id":7710,"date":"2025-11-15T12:10:12","date_gmt":"2025-11-15T12:10:12","guid":{"rendered":"https:\/\/mikeladzenailstore.com\/p\/vysoce-kvalitni-brusivo-240-grit-10-kusu\/"},"modified":"2025-11-15T12:10:12","modified_gmt":"2025-11-15T12:10:12","slug":"vysoce-kvalitni-brusivo-240-grit-10-kusu","status":"publish","type":"product","link":"https:\/\/mikeladzenailstore.com\/en\/p\/vysoce-kvalitni-brusivo-240-grit-10-kusu\/","title":{"rendered":"Vysoce kvalitn\u00ed brusivo 240 grit 10 kusu"},"content":{"rendered":"<p>Vysoce kvalitn\u00ed brusivo od japonsk\u00e9ho v\u00fdrobce JAPAN quality. Je m\u011bkk\u00e9 a z\u00e1rove\u0148 ur\u010deno pro dlouhou pr\u00e1ci.<\/p>\n<p>Je na p\u011bnov\u00e9m podkladu. Nezanech\u00e1v\u00e1 na podkladu lepiv\u00fd povlak.<\/p>\n<p>Abrazivitu 240 m\u00e1 ide\u00e1ln\u00ed brusivo, kter\u00e9 je ur\u010deno pro p\u0159\u00edpravu p\u0159\u00edrodn\u00ed nehtov\u00e9 plot\u00e9nky a pr\u00e1ci s m\u011bkk\u00fdmi polymery. Tak\u00e9 pro pilov\u00e1n\u00ed voln\u00e9ho okraje, pilov\u00e1n\u00ed &nbsp;sm\u00ed\u0161en\u00fdmi technikami (pro gelov\u00e9 tipy, horn\u00ed formy a zpevn\u011bn\u00ed neht\u016f)<\/p>\n","protected":false},"excerpt":{"rendered":"<p>Vysoce kvalitn\u00ed brusivo od japonsk\u00e9ho v\u00fdrobce JAPAN quality. Je m\u011bkk\u00e9 a z\u00e1rove\u0148 ur\u010deno pro dlouhou pr\u00e1ci. Je na p\u011bnov\u00e9m podkladu. Nezanech\u00e1v\u00e1 na podkladu lepiv\u00fd povlak. Abrazivitu 240 m\u00e1 ide\u00e1ln\u00ed brusivo, kter\u00e9 je ur\u010deno pro p\u0159\u00edpravu p\u0159\u00edrodn\u00ed nehtov\u00e9 plot\u00e9nky a pr\u00e1ci s m\u011bkk\u00fdmi polymery. Tak\u00e9 pro pilov\u00e1n\u00ed voln\u00e9ho okraje, pilov\u00e1n\u00ed &nbsp;sm\u00ed\u0161en\u00fdmi technikami (pro gelov\u00e9 tipy, horn\u00ed [&hellip;]<\/p>\n","protected":false},"featured_media":5186,"comment_status":"open","ping_status":"open","template":"","meta":[],"pwb-brand":[],"product_brand":[],"product_cat":[504],"product_tag":[],"berocket_brand":[],"class_list":{"0":"post-7710","1":"product","2":"type-product","3":"status-publish","4":"has-post-thumbnail","6":"product_cat-abrasives","8":"first","9":"outofstock","10":"taxable","11":"shipping-taxable","12":"purchasable","13":"product-type-simple"},"acf":[],"brands":[],"_links":{"self":[{"href":"https:\/\/mikeladzenailstore.com\/en\/wp-json\/wp\/v2\/product\/7710","targetHints":{"allow":["GET"]}}],"collection":[{"href":"https:\/\/mikeladzenailstore.com\/en\/wp-json\/wp\/v2\/product"}],"about":[{"href":"https:\/\/mikeladzenailstore.com\/en\/wp-json\/wp\/v2\/types\/product"}],"replies":[{"embeddable":true,"href":"https:\/\/mikeladzenailstore.com\/en\/wp-json\/wp\/v2\/comments?post=7710"}],"version-history":[{"count":0,"href":"https:\/\/mikeladzenailstore.com\/en\/wp-json\/wp\/v2\/product\/7710\/revisions"}],"wp:featuredmedia":[{"embeddable":true,"href":"https:\/\/mikeladzenailstore.com\/en\/wp-json\/wp\/v2\/media\/5186"}],"wp:attachment":[{"href":"https:\/\/mikeladzenailstore.com\/en\/wp-json\/wp\/v2\/media?parent=7710"}],"wp:term":[{"taxonomy":"pwb-brand","embeddable":true,"href":"https:\/\/mikeladzenailstore.com\/en\/wp-json\/wp\/v2\/pwb-brand?post=7710"},{"taxonomy":"product_brand","embeddable":true,"href":"https:\/\/mikeladzenailstore.com\/en\/wp-json\/wp\/v2\/product_brand?post=7710"},{"taxonomy":"product_cat","embeddable":true,"href":"https:\/\/mikeladzenailstore.com\/en\/wp-json\/wp\/v2\/product_cat?post=7710"},{"taxonomy":"product_tag","embeddable":true,"href":"https:\/\/mikeladzenailstore.com\/en\/wp-json\/wp\/v2\/product_tag?post=7710"},{"taxonomy":"berocket_brand","embeddable":true,"href":"https:\/\/mikeladzenailstore.com\/en\/wp-json\/wp\/v2\/berocket_brand?post=7710"}],"curies":[{"name":"wp","href":"https:\/\/api.w.org\/{rel}","templated":true}]}}