{"id":7719,"date":"2025-11-15T12:10:12","date_gmt":"2025-11-15T12:10:12","guid":{"rendered":"https:\/\/mikeladzenailstore.com\/p\/bila-plastova-zakladna-1-kus\/"},"modified":"2025-11-15T12:10:12","modified_gmt":"2025-11-15T12:10:12","slug":"bila-plastova-zakladna-1-kus","status":"publish","type":"product","link":"https:\/\/mikeladzenailstore.com\/en\/p\/bila-plastova-zakladna-1-kus\/","title":{"rendered":"B\u00edl\u00e1 plastov\u00e1 z\u00e1kladna 1 kus"},"content":{"rendered":"<p>B\u00edl\u00e1 plastov\u00e1 z\u00e1kladna s nov\u00fdm slo\u017een\u00edm FLEX: lehk\u00e1 a velmi elastick\u00e1. To v\u00e1m umo\u017en\u00ed uvolnit nap\u011bt\u00ed z ruky b\u011bhem cel\u00e9ho pracovn\u00edho dne. Charakteristick\u00fdm rysem je vysok\u00e1 flexibilita s jasn\u00fdm zachov\u00e1n\u00edm tvaru.<\/p>\n<p>&nbsp;<\/p>\n<p>Dezinfikuje se a sterilizuje se v autokl\u00e1vu.<br \/>&nbsp;<\/p>\n","protected":false},"excerpt":{"rendered":"<p>B\u00edl\u00e1 plastov\u00e1 z\u00e1kladna s nov\u00fdm slo\u017een\u00edm FLEX: lehk\u00e1 a velmi elastick\u00e1. To v\u00e1m umo\u017en\u00ed uvolnit nap\u011bt\u00ed z ruky b\u011bhem cel\u00e9ho pracovn\u00edho dne. Charakteristick\u00fdm rysem je vysok\u00e1 flexibilita s jasn\u00fdm zachov\u00e1n\u00edm tvaru. &nbsp; Dezinfikuje se a sterilizuje se v autokl\u00e1vu.&nbsp;<\/p>\n","protected":false},"featured_media":5189,"comment_status":"open","ping_status":"open","template":"","meta":[],"pwb-brand":[],"product_brand":[],"product_cat":[504],"product_tag":[],"berocket_brand":[],"class_list":{"0":"post-7719","1":"product","2":"type-product","3":"status-publish","4":"has-post-thumbnail","6":"product_cat-abrasives","8":"first","9":"instock","10":"taxable","11":"shipping-taxable","12":"purchasable","13":"product-type-simple"},"acf":[],"brands":[],"_links":{"self":[{"href":"https:\/\/mikeladzenailstore.com\/en\/wp-json\/wp\/v2\/product\/7719","targetHints":{"allow":["GET"]}}],"collection":[{"href":"https:\/\/mikeladzenailstore.com\/en\/wp-json\/wp\/v2\/product"}],"about":[{"href":"https:\/\/mikeladzenailstore.com\/en\/wp-json\/wp\/v2\/types\/product"}],"replies":[{"embeddable":true,"href":"https:\/\/mikeladzenailstore.com\/en\/wp-json\/wp\/v2\/comments?post=7719"}],"version-history":[{"count":0,"href":"https:\/\/mikeladzenailstore.com\/en\/wp-json\/wp\/v2\/product\/7719\/revisions"}],"wp:featuredmedia":[{"embeddable":true,"href":"https:\/\/mikeladzenailstore.com\/en\/wp-json\/wp\/v2\/media\/5189"}],"wp:attachment":[{"href":"https:\/\/mikeladzenailstore.com\/en\/wp-json\/wp\/v2\/media?parent=7719"}],"wp:term":[{"taxonomy":"pwb-brand","embeddable":true,"href":"https:\/\/mikeladzenailstore.com\/en\/wp-json\/wp\/v2\/pwb-brand?post=7719"},{"taxonomy":"product_brand","embeddable":true,"href":"https:\/\/mikeladzenailstore.com\/en\/wp-json\/wp\/v2\/product_brand?post=7719"},{"taxonomy":"product_cat","embeddable":true,"href":"https:\/\/mikeladzenailstore.com\/en\/wp-json\/wp\/v2\/product_cat?post=7719"},{"taxonomy":"product_tag","embeddable":true,"href":"https:\/\/mikeladzenailstore.com\/en\/wp-json\/wp\/v2\/product_tag?post=7719"},{"taxonomy":"berocket_brand","embeddable":true,"href":"https:\/\/mikeladzenailstore.com\/en\/wp-json\/wp\/v2\/berocket_brand?post=7719"}],"curies":[{"name":"wp","href":"https:\/\/api.w.org\/{rel}","templated":true}]}}