{"id":7827,"date":"2025-11-15T12:09:14","date_gmt":"2025-11-15T12:09:14","guid":{"rendered":"https:\/\/mikeladzenailstore.com\/p\/builder-gel-christal-shine-50-ml-jz-nails-group\/"},"modified":"2025-11-15T12:09:14","modified_gmt":"2025-11-15T12:09:14","slug":"builder-gel-christal-shine-50-ml-jz-nails-group","status":"publish","type":"product","link":"https:\/\/mikeladzenailstore.com\/en\/p\/builder-gel-christal-shine-50-ml-jz-nails-group\/","title":{"rendered":"Builder gel \u00abChristal shine\u201d 50 ml JZ Nails Group"},"content":{"rendered":"<p>Builder gely pro salonn\u00ed modelov\u00e1n\u00ed. Perfektn\u011b se hod\u00ed pro techniku bez pilov\u00e1n\u00ed, po polymerizaci nezp\u016fsobuj\u00ed \u017eloutnut\u00ed. N\u00edzkoteplotn\u00ed. \u00dapln\u00e1 polymerizace za 90 sekund v LED\/UV 365 nm.<\/p>\n<\/p>\n<p>Slo\u017een\u00ed:<\/p>\n<p>DI-HEMA TRIMETHYLHEXYL DICARBAMATE, ISOBORNYL METHACRYLATE, PEG-9 TRIMETHYLOLPROPANE TRIACRYLATE, HYDROXYCYCLO HEXYL PHENYL KETONE, SILICA, BENZOYL ISOPROPANOL, PEG9 DIMETHACRYLATE. +\/- (M\u016e\u017dE OBSAHOVAT): CI 77891 (TITANIUM DIOXIDE), CI 77491 (IRON OXIDES), CI 77492 (IRON OXIDES), CI 47005.<\/p>\n","protected":false},"excerpt":{"rendered":"<p>Builder gely pro salonn\u00ed modelov\u00e1n\u00ed. Perfektn\u011b se hod\u00ed pro techniku bez pilov\u00e1n\u00ed, po polymerizaci nezp\u016fsobuj\u00ed \u017eloutnut\u00ed. N\u00edzkoteplotn\u00ed. \u00dapln\u00e1 polymerizace za 90 sekund v LED\/UV 365 nm. Slo\u017een\u00ed: DI-HEMA TRIMETHYLHEXYL DICARBAMATE, ISOBORNYL METHACRYLATE, PEG-9 TRIMETHYLOLPROPANE TRIACRYLATE, HYDROXYCYCLO HEXYL PHENYL KETONE, SILICA, BENZOYL ISOPROPANOL, PEG9 DIMETHACRYLATE. +\/- (M\u016e\u017dE OBSAHOVAT): CI 77891 (TITANIUM DIOXIDE), CI 77491 (IRON OXIDES), [&hellip;]<\/p>\n","protected":false},"featured_media":0,"comment_status":"open","ping_status":"open","template":"","meta":[],"pwb-brand":[],"product_brand":[],"product_cat":[167],"product_tag":[],"berocket_brand":[],"class_list":{"0":"post-7827","1":"product","2":"type-product","3":"status-publish","5":"product_cat-baze-a-topy-pro-manikuru-pedikuru","7":"first","8":"outofstock","9":"taxable","10":"shipping-taxable","11":"purchasable","12":"product-type-simple"},"acf":[],"brands":[],"_links":{"self":[{"href":"https:\/\/mikeladzenailstore.com\/en\/wp-json\/wp\/v2\/product\/7827","targetHints":{"allow":["GET"]}}],"collection":[{"href":"https:\/\/mikeladzenailstore.com\/en\/wp-json\/wp\/v2\/product"}],"about":[{"href":"https:\/\/mikeladzenailstore.com\/en\/wp-json\/wp\/v2\/types\/product"}],"replies":[{"embeddable":true,"href":"https:\/\/mikeladzenailstore.com\/en\/wp-json\/wp\/v2\/comments?post=7827"}],"version-history":[{"count":0,"href":"https:\/\/mikeladzenailstore.com\/en\/wp-json\/wp\/v2\/product\/7827\/revisions"}],"wp:attachment":[{"href":"https:\/\/mikeladzenailstore.com\/en\/wp-json\/wp\/v2\/media?parent=7827"}],"wp:term":[{"taxonomy":"pwb-brand","embeddable":true,"href":"https:\/\/mikeladzenailstore.com\/en\/wp-json\/wp\/v2\/pwb-brand?post=7827"},{"taxonomy":"product_brand","embeddable":true,"href":"https:\/\/mikeladzenailstore.com\/en\/wp-json\/wp\/v2\/product_brand?post=7827"},{"taxonomy":"product_cat","embeddable":true,"href":"https:\/\/mikeladzenailstore.com\/en\/wp-json\/wp\/v2\/product_cat?post=7827"},{"taxonomy":"product_tag","embeddable":true,"href":"https:\/\/mikeladzenailstore.com\/en\/wp-json\/wp\/v2\/product_tag?post=7827"},{"taxonomy":"berocket_brand","embeddable":true,"href":"https:\/\/mikeladzenailstore.com\/en\/wp-json\/wp\/v2\/berocket_brand?post=7827"}],"curies":[{"name":"wp","href":"https:\/\/api.w.org\/{rel}","templated":true}]}}