{"id":7835,"date":"2025-11-15T12:09:14","date_gmt":"2025-11-15T12:09:14","guid":{"rendered":"https:\/\/mikeladzenailstore.com\/p\/builder-gel-barbi-pink-no-tpo-no-hema-50-ml-jz-nails-group\/"},"modified":"2025-11-15T12:09:14","modified_gmt":"2025-11-15T12:09:14","slug":"builder-gel-barbi-pink-no-tpo-no-hema-50-ml-jz-nails-group","status":"publish","type":"product","link":"https:\/\/mikeladzenailstore.com\/en\/p\/builder-gel-barbi-pink-no-tpo-no-hema-50-ml-jz-nails-group\/","title":{"rendered":"Builder gel \u201cBarbi pink\u201d no TPO\/no hema 50 ml JZ Nails Group"},"content":{"rendered":"<p>Builder COVER gel je struktur\u00e1ln\u00ed maskovac\u00ed gel s neutr\u00e1ln\u00edm pudrov\u00fdm odst\u00ednem. M\u00e1 st\u0159edn\u00ed viskozitu, je tixotropn\u00ed a m\u00e1 samonivela\u010dn\u00ed funkci. Vhodn\u00fd pro techniky bez pilov\u00e1n\u00ed a vytv\u00e1\u0159en\u00ed trval\u00e9 francouzsk\u00e9 manik\u00fary. S vysokou dovednost\u00ed v oblasti modelovac\u00edch technik je vhodn\u00fd pro prodlu\u017eov\u00e1n\u00ed z\u00e1kladny neht\u016f a francouzsk\u00e9 manik\u00fary. Ide\u00e1ln\u00ed pro pr\u00e1ci s horn\u00edmi formami, dob\u0159e dr\u017e\u00ed oblouk um\u011bl\u00e9ho nehtu. D\u00edky minim\u00e1ln\u00edmu nan\u00e1\u0161en\u00ed materi\u00e1lu nem\u00e1 ztr\u00e1ty pigmentace. M\u00e1 vysokou odolnost proti opot\u0159eben\u00ed po procesu polymerace. Doporu\u010dujeme pou\u017e\u00edvat s :<\/p>\n<p>ultrabond + pantenol a build it \/builder gel \u201cClear\u201d primer<\/p>\n<\/p>\n<p>LED\/UV 60 sec.\/2 min. Objem 50ml, 30ml<\/p>\n","protected":false},"excerpt":{"rendered":"<p>Builder COVER gel je struktur\u00e1ln\u00ed maskovac\u00ed gel s neutr\u00e1ln\u00edm pudrov\u00fdm odst\u00ednem. M\u00e1 st\u0159edn\u00ed viskozitu, je tixotropn\u00ed a m\u00e1 samonivela\u010dn\u00ed funkci. Vhodn\u00fd pro techniky bez pilov\u00e1n\u00ed a vytv\u00e1\u0159en\u00ed trval\u00e9 francouzsk\u00e9 manik\u00fary. S vysokou dovednost\u00ed v oblasti modelovac\u00edch technik je vhodn\u00fd pro prodlu\u017eov\u00e1n\u00ed z\u00e1kladny neht\u016f a francouzsk\u00e9 manik\u00fary. Ide\u00e1ln\u00ed pro pr\u00e1ci s horn\u00edmi formami, dob\u0159e dr\u017e\u00ed oblouk [&hellip;]<\/p>\n","protected":false},"featured_media":0,"comment_status":"open","ping_status":"open","template":"","meta":[],"pwb-brand":[],"product_brand":[],"product_cat":[167],"product_tag":[],"berocket_brand":[],"class_list":{"0":"post-7835","1":"product","2":"type-product","3":"status-publish","5":"product_cat-baze-a-topy-pro-manikuru-pedikuru","7":"first","8":"outofstock","9":"taxable","10":"shipping-taxable","11":"purchasable","12":"product-type-simple"},"acf":[],"brands":[],"_links":{"self":[{"href":"https:\/\/mikeladzenailstore.com\/en\/wp-json\/wp\/v2\/product\/7835","targetHints":{"allow":["GET"]}}],"collection":[{"href":"https:\/\/mikeladzenailstore.com\/en\/wp-json\/wp\/v2\/product"}],"about":[{"href":"https:\/\/mikeladzenailstore.com\/en\/wp-json\/wp\/v2\/types\/product"}],"replies":[{"embeddable":true,"href":"https:\/\/mikeladzenailstore.com\/en\/wp-json\/wp\/v2\/comments?post=7835"}],"version-history":[{"count":0,"href":"https:\/\/mikeladzenailstore.com\/en\/wp-json\/wp\/v2\/product\/7835\/revisions"}],"wp:attachment":[{"href":"https:\/\/mikeladzenailstore.com\/en\/wp-json\/wp\/v2\/media?parent=7835"}],"wp:term":[{"taxonomy":"pwb-brand","embeddable":true,"href":"https:\/\/mikeladzenailstore.com\/en\/wp-json\/wp\/v2\/pwb-brand?post=7835"},{"taxonomy":"product_brand","embeddable":true,"href":"https:\/\/mikeladzenailstore.com\/en\/wp-json\/wp\/v2\/product_brand?post=7835"},{"taxonomy":"product_cat","embeddable":true,"href":"https:\/\/mikeladzenailstore.com\/en\/wp-json\/wp\/v2\/product_cat?post=7835"},{"taxonomy":"product_tag","embeddable":true,"href":"https:\/\/mikeladzenailstore.com\/en\/wp-json\/wp\/v2\/product_tag?post=7835"},{"taxonomy":"berocket_brand","embeddable":true,"href":"https:\/\/mikeladzenailstore.com\/en\/wp-json\/wp\/v2\/berocket_brand?post=7835"}],"curies":[{"name":"wp","href":"https:\/\/api.w.org\/{rel}","templated":true}]}}