{"id":7896,"date":"2025-11-15T12:08:54","date_gmt":"2025-11-15T12:08:54","guid":{"rendered":"https:\/\/mikeladzenailstore.com\/p\/gel-jelly-perfect-white-no-tpo-no-hema-15-ml-jz-nails-group\/"},"modified":"2025-11-15T12:08:54","modified_gmt":"2025-11-15T12:08:54","slug":"gel-jelly-perfect-white-no-tpo-no-hema-15-ml-jz-nails-group","status":"publish","type":"product","link":"https:\/\/mikeladzenailstore.com\/en\/p\/gel-jelly-perfect-white-no-tpo-no-hema-15-ml-jz-nails-group\/","title":{"rendered":"Gel jelly \u201cPerfect white\u201d no TPO\/no hema 15 ml JZ Nails Group"},"content":{"rendered":"<p>\u017del\u00e9 gel od Yulie Zvarich, tv\u016frce zna\u010dky pro ty nejlep\u0161\u00ed!  JZ Nails Group.  <\/p>\n<p>Prvn\u00ed gel \u017eel\u00e9 s plnou tixotropn\u00ed kontrolou.  Je n\u00edzkoteplotn\u00ed , ide\u00e1ln\u00ed konzistence umo\u017e\u0148uje pracovat s vysokou architekturou a tak\u00e9 ji snadno obnovovat.  D\u00edky dokonal\u00e9 receptu\u0159e trv\u00e1 \u00fapln\u00e1 polymerizace v lamp\u011b 60 sekund.  Univerz\u00e1ln\u00ed, pln\u011b p\u0159izp\u016fsobiv\u00e1 barva, harmonick\u00e1 pro ka\u017ed\u00fd typ pleti.  Kompetentn\u00ed produkt zv\u00fd\u0161\u00ed va\u0161i \u00farove\u0148 profesionality a zd\u016frazn\u00ed odbornost.<\/p>\n","protected":false},"excerpt":{"rendered":"<p>\u017del\u00e9 gel od Yulie Zvarich, tv\u016frce zna\u010dky pro ty nejlep\u0161\u00ed! JZ Nails Group. Prvn\u00ed gel \u017eel\u00e9 s plnou tixotropn\u00ed kontrolou. Je n\u00edzkoteplotn\u00ed , ide\u00e1ln\u00ed konzistence umo\u017e\u0148uje pracovat s vysokou architekturou a tak\u00e9 ji snadno obnovovat. D\u00edky dokonal\u00e9 receptu\u0159e trv\u00e1 \u00fapln\u00e1 polymerizace v lamp\u011b 60 sekund. Univerz\u00e1ln\u00ed, pln\u011b p\u0159izp\u016fsobiv\u00e1 barva, harmonick\u00e1 pro ka\u017ed\u00fd typ pleti. Kompetentn\u00ed [&hellip;]<\/p>\n","protected":false},"featured_media":0,"comment_status":"open","ping_status":"closed","template":"","meta":[],"pwb-brand":[],"product_brand":[],"product_cat":[167],"product_tag":[],"berocket_brand":[],"class_list":{"0":"post-7896","1":"product","2":"type-product","3":"status-publish","5":"product_cat-baze-a-topy-pro-manikuru-pedikuru","7":"first","8":"instock","9":"taxable","10":"shipping-taxable","11":"purchasable","12":"product-type-simple"},"acf":[],"brands":[],"_links":{"self":[{"href":"https:\/\/mikeladzenailstore.com\/en\/wp-json\/wp\/v2\/product\/7896","targetHints":{"allow":["GET"]}}],"collection":[{"href":"https:\/\/mikeladzenailstore.com\/en\/wp-json\/wp\/v2\/product"}],"about":[{"href":"https:\/\/mikeladzenailstore.com\/en\/wp-json\/wp\/v2\/types\/product"}],"replies":[{"embeddable":true,"href":"https:\/\/mikeladzenailstore.com\/en\/wp-json\/wp\/v2\/comments?post=7896"}],"version-history":[{"count":0,"href":"https:\/\/mikeladzenailstore.com\/en\/wp-json\/wp\/v2\/product\/7896\/revisions"}],"wp:attachment":[{"href":"https:\/\/mikeladzenailstore.com\/en\/wp-json\/wp\/v2\/media?parent=7896"}],"wp:term":[{"taxonomy":"pwb-brand","embeddable":true,"href":"https:\/\/mikeladzenailstore.com\/en\/wp-json\/wp\/v2\/pwb-brand?post=7896"},{"taxonomy":"product_brand","embeddable":true,"href":"https:\/\/mikeladzenailstore.com\/en\/wp-json\/wp\/v2\/product_brand?post=7896"},{"taxonomy":"product_cat","embeddable":true,"href":"https:\/\/mikeladzenailstore.com\/en\/wp-json\/wp\/v2\/product_cat?post=7896"},{"taxonomy":"product_tag","embeddable":true,"href":"https:\/\/mikeladzenailstore.com\/en\/wp-json\/wp\/v2\/product_tag?post=7896"},{"taxonomy":"berocket_brand","embeddable":true,"href":"https:\/\/mikeladzenailstore.com\/en\/wp-json\/wp\/v2\/berocket_brand?post=7896"}],"curies":[{"name":"wp","href":"https:\/\/api.w.org\/{rel}","templated":true}]}}