{"id":7952,"date":"2025-11-15T12:08:07","date_gmt":"2025-11-15T12:08:07","guid":{"rendered":"https:\/\/mikeladzenailstore.com\/p\/freza-diamantova-o-40-kulicka-jemna\/"},"modified":"2026-01-11T12:38:16","modified_gmt":"2026-01-11T12:38:16","slug":"freza-diamantova-o-40-kulicka-jemna","status":"publish","type":"product","link":"https:\/\/mikeladzenailstore.com\/en\/p\/freza-diamantova-o-40-kulicka-jemna\/","title":{"rendered":"FR\u00c9ZA DIAMANTOV\u00c1 \u00d8 4,0 \u2014 KULI\u010cKA (JEMN\u00c1)"},"content":{"rendered":"<p>V manik\u00fa\u0159e:<\/p>\n<p>Odstran\u011bn\u00ed k\u016f\u017ei\u010dky<\/p>\n<p>O\u0161et\u0159en\u00ed bo\u010dn\u00edho v\u00e1lce<\/p>\n<p>V pedik\u00fa\u0159e\/podologii:<\/p>\n<p>Odstran\u011bn\u00ed ty\u010dov\u00fdch mozol\u016f<\/p>\n<p>O\u0161et\u0159en\u00ed trhlin<\/p>\n<p>O\u0161et\u0159en\u00ed ku\u0159\u00edch ok a k\u016f\u017ee mezi prsty<\/p>\n","protected":false},"excerpt":{"rendered":"<p>V manik\u00fa\u0159e: Odstran\u011bn\u00ed k\u016f\u017ei\u010dky O\u0161et\u0159en\u00ed bo\u010dn\u00edho v\u00e1lce V pedik\u00fa\u0159e\/podologii: Odstran\u011bn\u00ed ty\u010dov\u00fdch mozol\u016f O\u0161et\u0159en\u00ed trhlin O\u0161et\u0159en\u00ed ku\u0159\u00edch ok a k\u016f\u017ee mezi prsty<\/p>\n","protected":false},"featured_media":5038,"comment_status":"open","ping_status":"closed","template":"","meta":[],"pwb-brand":[],"product_brand":[],"product_cat":[689],"product_tag":[],"berocket_brand":[418],"class_list":{"0":"post-7952","1":"product","2":"type-product","3":"status-publish","4":"has-post-thumbnail","6":"product_cat-diamantove-frezy","7":"berocket_brand-staleks","9":"first","10":"outofstock","11":"taxable","12":"shipping-taxable","13":"purchasable","14":"product-type-simple"},"acf":[],"brands":[],"_links":{"self":[{"href":"https:\/\/mikeladzenailstore.com\/en\/wp-json\/wp\/v2\/product\/7952","targetHints":{"allow":["GET"]}}],"collection":[{"href":"https:\/\/mikeladzenailstore.com\/en\/wp-json\/wp\/v2\/product"}],"about":[{"href":"https:\/\/mikeladzenailstore.com\/en\/wp-json\/wp\/v2\/types\/product"}],"replies":[{"embeddable":true,"href":"https:\/\/mikeladzenailstore.com\/en\/wp-json\/wp\/v2\/comments?post=7952"}],"version-history":[{"count":0,"href":"https:\/\/mikeladzenailstore.com\/en\/wp-json\/wp\/v2\/product\/7952\/revisions"}],"wp:featuredmedia":[{"embeddable":true,"href":"https:\/\/mikeladzenailstore.com\/en\/wp-json\/wp\/v2\/media\/5038"}],"wp:attachment":[{"href":"https:\/\/mikeladzenailstore.com\/en\/wp-json\/wp\/v2\/media?parent=7952"}],"wp:term":[{"taxonomy":"pwb-brand","embeddable":true,"href":"https:\/\/mikeladzenailstore.com\/en\/wp-json\/wp\/v2\/pwb-brand?post=7952"},{"taxonomy":"product_brand","embeddable":true,"href":"https:\/\/mikeladzenailstore.com\/en\/wp-json\/wp\/v2\/product_brand?post=7952"},{"taxonomy":"product_cat","embeddable":true,"href":"https:\/\/mikeladzenailstore.com\/en\/wp-json\/wp\/v2\/product_cat?post=7952"},{"taxonomy":"product_tag","embeddable":true,"href":"https:\/\/mikeladzenailstore.com\/en\/wp-json\/wp\/v2\/product_tag?post=7952"},{"taxonomy":"berocket_brand","embeddable":true,"href":"https:\/\/mikeladzenailstore.com\/en\/wp-json\/wp\/v2\/berocket_brand?post=7952"}],"curies":[{"name":"wp","href":"https:\/\/api.w.org\/{rel}","templated":true}]}}