{"id":7964,"date":"2025-11-15T12:08:07","date_gmt":"2025-11-15T12:08:07","guid":{"rendered":"https:\/\/mikeladzenailstore.com\/p\/tvrdokovova-freza-o-23-stredni\/"},"modified":"2026-01-11T12:37:17","modified_gmt":"2026-01-11T12:37:17","slug":"tvrdokovova-freza-o-23-stredni","status":"publish","type":"product","link":"https:\/\/mikeladzenailstore.com\/en\/p\/tvrdokovova-freza-o-23-stredni\/","title":{"rendered":"TVRDOKOVOV\u00c1 FR\u00c9ZA \u00d8 2,3 (ST\u0158EDN\u00cd) \u2013"},"content":{"rendered":"<p>Standardn\u00ed p\u0159\u00ed\u010dn\u00fd \u0159ez.<\/p>\n<p>Vysoce kvalitn\u00ed materi\u00e1ly.<\/p>\n<p>Vysok\u00e1 pevnost a odolnost v\u016f\u010di vn\u011bj\u0161\u00edm vliv\u016fm b\u011bhem provozu.<\/p>\n<p>Nezah\u0159\u00edvejte st\u0159ed ot\u00e1\u010den\u00ed se p\u0159i vysok\u00fdch rychlostech neposouv\u00e1.<\/p>\n<p>Odol\u00e1v\u00e1 v\u0161em typ\u016fm sterilizace a dezinfekce.<\/p>\n<p>Tvdokovov\u00e9 fr\u00e9zy pou\u017eivam\u00e9 p\u0159\u00ed kombinovan\u00e9 a p\u0159istrojov\u00e9 manikure a pedikure pro sundan\u00ed jak\u00e9hokoli druhu kryt\u00ed \u2013 gel-lak\u016f, UV\/LED gel\u016f, akryl\u016f, akrygel\u016f \u2013 a tak\u00e9 p\u0159\u00ed dopln\u011bn\u00ed um\u011blych neht\u016f a zten\u010dovan\u00ed keratozn\u00fdch neht\u016f.<\/p>\n<p>D\u016eLE\u017dIT\u011a:<\/p>\n<p>P\u0159i pou\u017eit\u00ed fr\u00e9z pro odstran\u011bn\u00ed materi\u00e1lu, p\u0159e\u010dt\u011bte od v\u00fdrobce brusky doporu\u010den\u00ed o mno\u017estv\u00ed obratu. Je d\u016fle\u017eit\u00e9 zvolit rychlost, kter\u00e1 bude odpov\u00eddat diametru fr\u00e9zy. Toto v\u00e1m umo\u017en\u00ed prov\u00e9st postup bezpe\u010dn\u011b, rychle a kvalitativn\u011b a tak\u00e9 zachran\u00edt v\u00e1\u0161 p\u0159\u00edstroj p\u0159ed nadm\u011brn\u00fdm p\u0159et\u00ed\u017een\u00edm.<\/p>\n<p>Spr\u00e1vn\u011b proveden\u00e1 dezinfekce a sterilizace nem\u00e1 vliv na funk\u010dn\u00ed vlastnosti tvdokovov\u00e9 fr\u00e9zy<\/p>\n","protected":false},"excerpt":{"rendered":"<p>Standardn\u00ed p\u0159\u00ed\u010dn\u00fd \u0159ez. Vysoce kvalitn\u00ed materi\u00e1ly. Vysok\u00e1 pevnost a odolnost v\u016f\u010di vn\u011bj\u0161\u00edm vliv\u016fm b\u011bhem provozu. Nezah\u0159\u00edvejte st\u0159ed ot\u00e1\u010den\u00ed se p\u0159i vysok\u00fdch rychlostech neposouv\u00e1. Odol\u00e1v\u00e1 v\u0161em typ\u016fm sterilizace a dezinfekce. Tvdokovov\u00e9 fr\u00e9zy pou\u017eivam\u00e9 p\u0159\u00ed kombinovan\u00e9 a p\u0159istrojov\u00e9 manikure a pedikure pro sundan\u00ed jak\u00e9hokoli druhu kryt\u00ed \u2013 gel-lak\u016f, UV\/LED gel\u016f, akryl\u016f, akrygel\u016f \u2013 a tak\u00e9 p\u0159\u00ed dopln\u011bn\u00ed [&hellip;]<\/p>\n","protected":false},"featured_media":0,"comment_status":"open","ping_status":"closed","template":"","meta":[],"pwb-brand":[],"product_brand":[],"product_cat":[703],"product_tag":[],"berocket_brand":[],"class_list":{"0":"post-7964","1":"product","2":"type-product","3":"status-publish","5":"product_cat-slevy","7":"first","8":"outofstock","9":"taxable","10":"shipping-taxable","11":"purchasable","12":"product-type-simple"},"acf":[],"brands":[],"_links":{"self":[{"href":"https:\/\/mikeladzenailstore.com\/en\/wp-json\/wp\/v2\/product\/7964","targetHints":{"allow":["GET"]}}],"collection":[{"href":"https:\/\/mikeladzenailstore.com\/en\/wp-json\/wp\/v2\/product"}],"about":[{"href":"https:\/\/mikeladzenailstore.com\/en\/wp-json\/wp\/v2\/types\/product"}],"replies":[{"embeddable":true,"href":"https:\/\/mikeladzenailstore.com\/en\/wp-json\/wp\/v2\/comments?post=7964"}],"version-history":[{"count":0,"href":"https:\/\/mikeladzenailstore.com\/en\/wp-json\/wp\/v2\/product\/7964\/revisions"}],"wp:attachment":[{"href":"https:\/\/mikeladzenailstore.com\/en\/wp-json\/wp\/v2\/media?parent=7964"}],"wp:term":[{"taxonomy":"pwb-brand","embeddable":true,"href":"https:\/\/mikeladzenailstore.com\/en\/wp-json\/wp\/v2\/pwb-brand?post=7964"},{"taxonomy":"product_brand","embeddable":true,"href":"https:\/\/mikeladzenailstore.com\/en\/wp-json\/wp\/v2\/product_brand?post=7964"},{"taxonomy":"product_cat","embeddable":true,"href":"https:\/\/mikeladzenailstore.com\/en\/wp-json\/wp\/v2\/product_cat?post=7964"},{"taxonomy":"product_tag","embeddable":true,"href":"https:\/\/mikeladzenailstore.com\/en\/wp-json\/wp\/v2\/product_tag?post=7964"},{"taxonomy":"berocket_brand","embeddable":true,"href":"https:\/\/mikeladzenailstore.com\/en\/wp-json\/wp\/v2\/berocket_brand?post=7964"}],"curies":[{"name":"wp","href":"https:\/\/api.w.org\/{rel}","templated":true}]}}