{"id":7967,"date":"2025-11-15T12:08:07","date_gmt":"2025-11-15T12:08:07","guid":{"rendered":"https:\/\/mikeladzenailstore.com\/p\/nail-molds-silicone-jz-nails-group\/"},"modified":"2025-12-04T14:09:23","modified_gmt":"2025-12-04T14:09:23","slug":"nail-molds-silicone-jz-nails-group","status":"publish","type":"product","link":"https:\/\/mikeladzenailstore.com\/en\/p\/nail-molds-silicone-jz-nails-group\/","title":{"rendered":"Nail molds silicone JZ Nails Group"},"content":{"rendered":"<p>Horn\u00ed formy od JZ NAILS GROUP<\/p>\n<p>&nbsp;<\/p>\n<p>\u2705 Molds #jznailsgroup na horn\u00ed formy jsou silikonov\u00e9 \u0161ablony pro vytvo\u0159en\u00ed rovnom\u011brn\u00e9 a dokonal\u00e9 linie \u201c\u00fasm\u011bv\u016f v technice pr\u00e1ce s horn\u00edmi formami. Skute\u010dn\u00e1 revoluce v syst\u00e9mu Dual Form!<\/p>\n<p>\u0158\u00edk\u00e1te n\u011bkdy \u201ene\u201c z\u00e1kazn\u00edk\u016fm, kte\u0159\u00ed sn\u00ed o francouzsk\u00e9 manik\u00fa\u0159e ? Nebo jste to mo\u017en\u00e1 sami zkusili a bohu\u017eel to nedopadlo tak, jak jste cht\u011bli? M\u00e1me pro v\u00e1s \u0159e\u0161en\u00ed! S na\u0161imi silikonov\u00fdmi formami pro francouzskou manik\u00faru bude va\u0161e linie \u201c\u00fasm\u011bvu\u201d v\u017edy dokonal\u00e1.<\/p>\n<p>Formy maj\u00ed 5 velikost\u00ed, abyste si mohli linii \u00fasm\u011bvu p\u0159izp\u016fsobit libovoln\u00e9mu tvaru a d\u00e9lce neht\u016f. V\u0161e, co mus\u00edte ud\u011blat, to je vlo\u017eit na\u0161i Mold do Dual Form, um\u00edstit produkty, kter\u00e9 chcete pou\u017e\u00edt pro modelov\u00e1n\u00ed neht\u016f do voln\u00e9ho prostoru a za\u010d\u00edt polymerovat.<\/p>\n<p>&nbsp;<\/p>\n<p>\u2757\ufe0f\u010cistit formy od zbytk\u016f hmoty\u00a0 m\u016f\u017eete p\u00e1skou nebo v\u00e1le\u010dkem pro stemping.<\/p>\n<p>&nbsp;<\/p>\n<p>Tyto tvary Mold\u016f jsou k dispozici :<\/p>\n<p>&nbsp;<\/p>\n<p>Mandle a kr\u00e1tk\u00e1 mandle &#8211; jsou v\u011bnov\u00e1ny neht\u016fm, jejich\u017e voln\u00fd okraj je z\u00fa\u017een\u00fd, nap\u0159\u00edklad tvar mandle nebo baler\u00edna.<\/p>\n<p>* Mandle &#8211; ur\u010den\u00e9 pro dlouh\u00e9 nehty<\/p>\n<p>* Mandle kr\u00e1tk\u00e1 &#8211; ur\u010den\u00e9 pro kr\u00e1tk\u00e9 nehty<\/p>\n<p>Ov\u00e1ln\u00fd a kr\u00e1tk\u00fd ov\u00e1l jsou ur\u010deny pro nehty, jejich\u017e voln\u00fd okraj je rovnob\u011b\u017en\u00fd, nap\u0159\u00edklad \u010dtvercov\u00fd.<\/p>\n","protected":false},"excerpt":{"rendered":"<p>Horn\u00ed formy od JZ NAILS GROUP &nbsp; \u2705 Molds #jznailsgroup na horn\u00ed formy jsou silikonov\u00e9 \u0161ablony pro vytvo\u0159en\u00ed rovnom\u011brn\u00e9 a dokonal\u00e9 linie \u201c\u00fasm\u011bv\u016f v technice pr\u00e1ce s horn\u00edmi formami. Skute\u010dn\u00e1 revoluce v syst\u00e9mu Dual Form! \u0158\u00edk\u00e1te n\u011bkdy \u201ene\u201c z\u00e1kazn\u00edk\u016fm, kte\u0159\u00ed sn\u00ed o francouzsk\u00e9 manik\u00fa\u0159e ? Nebo jste to mo\u017en\u00e1 sami zkusili a bohu\u017eel to nedopadlo [&hellip;]<\/p>\n","protected":false},"featured_media":5046,"comment_status":"open","ping_status":"closed","template":"","meta":[],"pwb-brand":[],"product_brand":[],"product_cat":[195,647],"product_tag":[],"berocket_brand":[],"class_list":{"0":"post-7967","1":"product","2":"type-product","3":"status-publish","4":"has-post-thumbnail","6":"product_cat-modelaznehtu","7":"product_cat-upper-forms","9":"first","10":"instock","11":"taxable","12":"shipping-taxable","13":"purchasable","14":"product-type-simple"},"acf":[],"brands":[],"_links":{"self":[{"href":"https:\/\/mikeladzenailstore.com\/en\/wp-json\/wp\/v2\/product\/7967","targetHints":{"allow":["GET"]}}],"collection":[{"href":"https:\/\/mikeladzenailstore.com\/en\/wp-json\/wp\/v2\/product"}],"about":[{"href":"https:\/\/mikeladzenailstore.com\/en\/wp-json\/wp\/v2\/types\/product"}],"replies":[{"embeddable":true,"href":"https:\/\/mikeladzenailstore.com\/en\/wp-json\/wp\/v2\/comments?post=7967"}],"version-history":[{"count":0,"href":"https:\/\/mikeladzenailstore.com\/en\/wp-json\/wp\/v2\/product\/7967\/revisions"}],"wp:featuredmedia":[{"embeddable":true,"href":"https:\/\/mikeladzenailstore.com\/en\/wp-json\/wp\/v2\/media\/5046"}],"wp:attachment":[{"href":"https:\/\/mikeladzenailstore.com\/en\/wp-json\/wp\/v2\/media?parent=7967"}],"wp:term":[{"taxonomy":"pwb-brand","embeddable":true,"href":"https:\/\/mikeladzenailstore.com\/en\/wp-json\/wp\/v2\/pwb-brand?post=7967"},{"taxonomy":"product_brand","embeddable":true,"href":"https:\/\/mikeladzenailstore.com\/en\/wp-json\/wp\/v2\/product_brand?post=7967"},{"taxonomy":"product_cat","embeddable":true,"href":"https:\/\/mikeladzenailstore.com\/en\/wp-json\/wp\/v2\/product_cat?post=7967"},{"taxonomy":"product_tag","embeddable":true,"href":"https:\/\/mikeladzenailstore.com\/en\/wp-json\/wp\/v2\/product_tag?post=7967"},{"taxonomy":"berocket_brand","embeddable":true,"href":"https:\/\/mikeladzenailstore.com\/en\/wp-json\/wp\/v2\/berocket_brand?post=7967"}],"curies":[{"name":"wp","href":"https:\/\/api.w.org\/{rel}","templated":true}]}}