{"id":7976,"date":"2025-11-15T12:07:56","date_gmt":"2025-11-15T12:07:56","guid":{"rendered":"https:\/\/mikeladzenailstore.com\/p\/dry-cuticle-jojoba-jz-nails-group\/"},"modified":"2026-03-06T10:28:59","modified_gmt":"2026-03-06T10:28:59","slug":"dry-cuticle-jojoba-jz-nails-group","status":"publish","type":"product","link":"https:\/\/mikeladzenailstore.com\/en\/p\/dry-cuticle-jojoba-jz-nails-group\/","title":{"rendered":"Dry cuticle  \u201cJojoba\u201d JZ Nails Group"},"content":{"rendered":"<p>L\u00e1ska a p\u00e9\u010de o ple\u0165 \u2013 Care &amp; Love<\/p>\n<p>\ud83c\udf31 JOJOBA olej \ud83c\udf31 by JZ<\/p>\n<p>\ud83c\udf40 pronik\u00e1 hluboko do ko\u017en\u00edch bun\u011bk a na povrchu poko\u017eky vytv\u00e1\u0159\u00ed neviditelnou, prody\u0161nou vrstvu, kter\u00e1 pom\u00e1h\u00e1 udr\u017eet vlhkost uvnit\u0159 a zabra\u0148uje vysu\u0161ov\u00e1n\u00ed epidermis i dermis. D\u00edky tomu poko\u017eka vypad\u00e1 upraven\u00e1 a hydratovan\u00e1, bez mastn\u00e9ho lesku. Jojobov\u00fd olej lze pou\u017e\u00edvat v \u010dist\u00e9 form\u011b i jako p\u0159\u00edsadu do produkt\u016f p\u00e9\u010de o poko\u017eku \u2013 nejen rukou, ale i cel\u00e9ho t\u011bla.<\/p>\n<p>\ud83c\udf40 d\u00edky sv\u00e9 stabiln\u00ed molekul\u00e1rn\u00ed struktu\u0159e m\u00e1 dlouhou dobu trvanlivosti.<\/p>\n<p>\ud83c\udf40 je zcela hypoalergenn\u00ed, vhodn\u00fd p\u0159i atopick\u00e9 dermatitid\u011b, lup\u00e9nce i pop\u00e1lenin\u00e1ch.<\/p>\n<p>\u2618\ufe0f Jojobov\u00fd olej je skute\u010dn\u011b v\u00fdjime\u010dn\u00fd produkt, kter\u00fd obsahuje p\u0159\u00edrodn\u00ed protein s vlastnostmi podobn\u00fdmi kolagenu. D\u00edky mal\u00e9 velikosti molekul protein pronik\u00e1 do hlub\u0161\u00edch vrstev poko\u017eky a podporuje tvorbu vlastn\u00edho kolagenu, \u010d\u00edm\u017e pom\u00e1h\u00e1 vytv\u00e1\u0159et podko\u017en\u00ed \u201ekostru\u201c a zachovat mladistvost, pevnost a elasticitu pleti.<\/p>\n<p>\ud83c\udf40 obsahuje vysokou koncentraci vitam\u00ednu E \u2013 siln\u00e9ho antioxidantu, kter\u00fd pom\u00e1h\u00e1 p\u0159edch\u00e1zet st\u00e1rnut\u00ed bun\u011bk a neutralizuje toxiny \u0161kodliv\u00e9 pro poko\u017eku.<\/p>\n<p>\ud83c\udf40 na molekul\u00e1rn\u00ed \u00farovni nen\u00ed jojobov\u00fd olej olejem, ale voskem \ud83d\udc51. P\u0159esto\u017ee se velmi dob\u0159e vst\u0159eb\u00e1v\u00e1, jeho voskovit\u00e1 konzistence vytv\u00e1\u0159\u00ed na poko\u017ece uklid\u0148uj\u00edc\u00ed ochrannou vrstvu. Nedr\u00e1\u017ed\u00ed poko\u017eku.<\/p>\n<p>\ud83c\udf40 podporuje regeneraci poko\u017eky, m\u00e1 antibakteri\u00e1ln\u00ed a protipl\u00eds\u0148ov\u00e9 \u00fa\u010dinky.<\/p>\n<p>\ud83c\udf40 obsahuje tak\u00e9 miner\u00e1ln\u00ed olej, kter\u00fd pom\u00e1h\u00e1 exfoliovat zrohovat\u011blou vrstvu poko\u017eky.<\/p>\n<p>Slo\u017een\u00ed: jojobov\u00fd olej, vitam\u00edn E, miner\u00e1ln\u00ed olej<br \/>\nDoba pou\u017eitelnosti: 24 m\u011bs\u00edc\u016f<br \/>\n17\u201325<\/p>\n","protected":false},"excerpt":{"rendered":"<p>L\u00e1ska a p\u00e9\u010de o ple\u0165 \u2013 Care &amp; Love \ud83c\udf31 JOJOBA olej \ud83c\udf31 by JZ \ud83c\udf40 pronik\u00e1 hluboko do ko\u017en\u00edch bun\u011bk a na povrchu poko\u017eky vytv\u00e1\u0159\u00ed neviditelnou, prody\u0161nou vrstvu, kter\u00e1 pom\u00e1h\u00e1 udr\u017eet vlhkost uvnit\u0159 a zabra\u0148uje vysu\u0161ov\u00e1n\u00ed epidermis i dermis. D\u00edky tomu poko\u017eka vypad\u00e1 upraven\u00e1 a hydratovan\u00e1, bez mastn\u00e9ho lesku. Jojobov\u00fd olej lze pou\u017e\u00edvat v [&hellip;]<\/p>\n","protected":false},"featured_media":5025,"comment_status":"open","ping_status":"closed","template":"","meta":[],"pwb-brand":[],"product_brand":[],"product_cat":[703],"product_tag":[],"berocket_brand":[556],"class_list":{"0":"post-7976","1":"product","2":"type-product","3":"status-publish","4":"has-post-thumbnail","6":"product_cat-slevy","7":"berocket_brand-jz-nails-group","9":"first","10":"instock","11":"taxable","12":"shipping-taxable","13":"purchasable","14":"product-type-simple"},"acf":[],"brands":[],"_links":{"self":[{"href":"https:\/\/mikeladzenailstore.com\/en\/wp-json\/wp\/v2\/product\/7976","targetHints":{"allow":["GET"]}}],"collection":[{"href":"https:\/\/mikeladzenailstore.com\/en\/wp-json\/wp\/v2\/product"}],"about":[{"href":"https:\/\/mikeladzenailstore.com\/en\/wp-json\/wp\/v2\/types\/product"}],"replies":[{"embeddable":true,"href":"https:\/\/mikeladzenailstore.com\/en\/wp-json\/wp\/v2\/comments?post=7976"}],"version-history":[{"count":0,"href":"https:\/\/mikeladzenailstore.com\/en\/wp-json\/wp\/v2\/product\/7976\/revisions"}],"wp:featuredmedia":[{"embeddable":true,"href":"https:\/\/mikeladzenailstore.com\/en\/wp-json\/wp\/v2\/media\/5025"}],"wp:attachment":[{"href":"https:\/\/mikeladzenailstore.com\/en\/wp-json\/wp\/v2\/media?parent=7976"}],"wp:term":[{"taxonomy":"pwb-brand","embeddable":true,"href":"https:\/\/mikeladzenailstore.com\/en\/wp-json\/wp\/v2\/pwb-brand?post=7976"},{"taxonomy":"product_brand","embeddable":true,"href":"https:\/\/mikeladzenailstore.com\/en\/wp-json\/wp\/v2\/product_brand?post=7976"},{"taxonomy":"product_cat","embeddable":true,"href":"https:\/\/mikeladzenailstore.com\/en\/wp-json\/wp\/v2\/product_cat?post=7976"},{"taxonomy":"product_tag","embeddable":true,"href":"https:\/\/mikeladzenailstore.com\/en\/wp-json\/wp\/v2\/product_tag?post=7976"},{"taxonomy":"berocket_brand","embeddable":true,"href":"https:\/\/mikeladzenailstore.com\/en\/wp-json\/wp\/v2\/berocket_brand?post=7976"}],"curies":[{"name":"wp","href":"https:\/\/api.w.org\/{rel}","templated":true}]}}