{"id":8024,"date":"2025-11-15T12:07:23","date_gmt":"2025-11-15T12:07:23","guid":{"rendered":"https:\/\/mikeladzenailstore.com\/p\/191-alma-jz-nails-group-8-ml\/"},"modified":"2026-03-10T10:21:46","modified_gmt":"2026-03-10T10:21:46","slug":"191-alma-jz-nails-group-8-ml","status":"publish","type":"product","link":"https:\/\/mikeladzenailstore.com\/en\/p\/191-alma-jz-nails-group-8-ml\/","title":{"rendered":"191 Alma JZ Nails Group"},"content":{"rendered":"<p>Barevn\u00e9 gel laky JZ Nails Group jsou evropsk\u00e9 kvality a nejlep\u0161\u00edch barviv.  Vysoce pigmentovan\u00e9 gel laky st\u0159edn\u00ed viskozity jsou hybridem gelov\u00e9 barvy a gel laku.  Vrstvi se do jedn\u00e9 bezchybn\u00e9 vrstvy.<\/p>\n","protected":false},"excerpt":{"rendered":"<p>Barevn\u00e9 gel laky JZ Nails Group jsou evropsk\u00e9 kvality a nejlep\u0161\u00edch barviv. Vysoce pigmentovan\u00e9 gel laky st\u0159edn\u00ed viskozity jsou hybridem gelov\u00e9 barvy a gel laku. Vrstvi se do jedn\u00e9 bezchybn\u00e9 vrstvy.<\/p>\n","protected":false},"featured_media":4988,"comment_status":"open","ping_status":"closed","template":"","meta":[],"pwb-brand":[],"product_brand":[],"product_cat":[675,703],"product_tag":[],"berocket_brand":[556],"class_list":{"0":"post-8024","1":"product","2":"type-product","3":"status-publish","4":"has-post-thumbnail","6":"product_cat-gel-polish-jz-nails-group","7":"product_cat-slevy","8":"berocket_brand-jz-nails-group","10":"first","11":"instock","12":"sale","13":"taxable","14":"shipping-taxable","15":"purchasable","16":"product-type-simple"},"acf":[],"brands":[],"_links":{"self":[{"href":"https:\/\/mikeladzenailstore.com\/en\/wp-json\/wp\/v2\/product\/8024","targetHints":{"allow":["GET"]}}],"collection":[{"href":"https:\/\/mikeladzenailstore.com\/en\/wp-json\/wp\/v2\/product"}],"about":[{"href":"https:\/\/mikeladzenailstore.com\/en\/wp-json\/wp\/v2\/types\/product"}],"replies":[{"embeddable":true,"href":"https:\/\/mikeladzenailstore.com\/en\/wp-json\/wp\/v2\/comments?post=8024"}],"version-history":[{"count":0,"href":"https:\/\/mikeladzenailstore.com\/en\/wp-json\/wp\/v2\/product\/8024\/revisions"}],"wp:featuredmedia":[{"embeddable":true,"href":"https:\/\/mikeladzenailstore.com\/en\/wp-json\/wp\/v2\/media\/4988"}],"wp:attachment":[{"href":"https:\/\/mikeladzenailstore.com\/en\/wp-json\/wp\/v2\/media?parent=8024"}],"wp:term":[{"taxonomy":"pwb-brand","embeddable":true,"href":"https:\/\/mikeladzenailstore.com\/en\/wp-json\/wp\/v2\/pwb-brand?post=8024"},{"taxonomy":"product_brand","embeddable":true,"href":"https:\/\/mikeladzenailstore.com\/en\/wp-json\/wp\/v2\/product_brand?post=8024"},{"taxonomy":"product_cat","embeddable":true,"href":"https:\/\/mikeladzenailstore.com\/en\/wp-json\/wp\/v2\/product_cat?post=8024"},{"taxonomy":"product_tag","embeddable":true,"href":"https:\/\/mikeladzenailstore.com\/en\/wp-json\/wp\/v2\/product_tag?post=8024"},{"taxonomy":"berocket_brand","embeddable":true,"href":"https:\/\/mikeladzenailstore.com\/en\/wp-json\/wp\/v2\/berocket_brand?post=8024"}],"curies":[{"name":"wp","href":"https:\/\/api.w.org\/{rel}","templated":true}]}}