{"id":8060,"date":"2025-11-15T12:07:13","date_gmt":"2025-11-15T12:07:13","guid":{"rendered":"https:\/\/mikeladzenailstore.com\/p\/led-uv-lamp-sun-one-white-original-kremen-diod\/"},"modified":"2026-01-27T10:40:49","modified_gmt":"2026-01-27T10:40:49","slug":"led-uv-lamp-sun-one-white-original-kremen-diod","status":"publish","type":"product","link":"https:\/\/mikeladzenailstore.com\/en\/p\/led-uv-lamp-sun-one-white-original-kremen-diod\/","title":{"rendered":"Led + UV lamp Sun One White Original k\u0159emen diod"},"content":{"rendered":"<p>\u25aa Lampa SUNUV SUN One WHITE 48W \u2013 ur\u010dena pro polymerizaci gel lak\u016f, prodlu\u017eov\u00e1n\u00ed neht\u016f a jak\u00fdchkoli povrch\u016f, kter\u00e9 obsahuj\u00ed gel:<\/p>\n<p>\u25aa v\u00fdkon: 48 W;<\/p>\n<p>\u25aa po\u010det LED diod: 30 ks;<\/p>\n<p>\u25aa pracovn\u00ed re\u017eimy: 120 sekund ve v\u00fdchoz\u00edm nastaven\u00ed a \u010dasova\u010d na 5, 30, 60 sekund.<\/p>\n","protected":false},"excerpt":{"rendered":"<p>\u25aa Lampa SUNUV SUN One WHITE 48W \u2013 ur\u010dena pro polymerizaci gel lak\u016f, prodlu\u017eov\u00e1n\u00ed neht\u016f a jak\u00fdchkoli povrch\u016f, kter\u00e9 obsahuj\u00ed gel: \u25aa v\u00fdkon: 48 W; \u25aa po\u010det LED diod: 30 ks; \u25aa pracovn\u00ed re\u017eimy: 120 sekund ve v\u00fdchoz\u00edm nastaven\u00ed a \u010dasova\u010d na 5, 30, 60 sekund.<\/p>\n","protected":false},"featured_media":4974,"comment_status":"open","ping_status":"closed","template":"","meta":[],"pwb-brand":[],"product_brand":[],"product_cat":[699],"product_tag":[],"berocket_brand":[],"class_list":{"0":"post-8060","1":"product","2":"type-product","3":"status-publish","4":"has-post-thumbnail","6":"product_cat-vybaveni-pro-manikkuru","8":"first","9":"outofstock","10":"taxable","11":"shipping-taxable","12":"purchasable","13":"product-type-simple"},"acf":[],"brands":[],"_links":{"self":[{"href":"https:\/\/mikeladzenailstore.com\/en\/wp-json\/wp\/v2\/product\/8060","targetHints":{"allow":["GET"]}}],"collection":[{"href":"https:\/\/mikeladzenailstore.com\/en\/wp-json\/wp\/v2\/product"}],"about":[{"href":"https:\/\/mikeladzenailstore.com\/en\/wp-json\/wp\/v2\/types\/product"}],"replies":[{"embeddable":true,"href":"https:\/\/mikeladzenailstore.com\/en\/wp-json\/wp\/v2\/comments?post=8060"}],"version-history":[{"count":0,"href":"https:\/\/mikeladzenailstore.com\/en\/wp-json\/wp\/v2\/product\/8060\/revisions"}],"wp:featuredmedia":[{"embeddable":true,"href":"https:\/\/mikeladzenailstore.com\/en\/wp-json\/wp\/v2\/media\/4974"}],"wp:attachment":[{"href":"https:\/\/mikeladzenailstore.com\/en\/wp-json\/wp\/v2\/media?parent=8060"}],"wp:term":[{"taxonomy":"pwb-brand","embeddable":true,"href":"https:\/\/mikeladzenailstore.com\/en\/wp-json\/wp\/v2\/pwb-brand?post=8060"},{"taxonomy":"product_brand","embeddable":true,"href":"https:\/\/mikeladzenailstore.com\/en\/wp-json\/wp\/v2\/product_brand?post=8060"},{"taxonomy":"product_cat","embeddable":true,"href":"https:\/\/mikeladzenailstore.com\/en\/wp-json\/wp\/v2\/product_cat?post=8060"},{"taxonomy":"product_tag","embeddable":true,"href":"https:\/\/mikeladzenailstore.com\/en\/wp-json\/wp\/v2\/product_tag?post=8060"},{"taxonomy":"berocket_brand","embeddable":true,"href":"https:\/\/mikeladzenailstore.com\/en\/wp-json\/wp\/v2\/berocket_brand?post=8060"}],"curies":[{"name":"wp","href":"https:\/\/api.w.org\/{rel}","templated":true}]}}