{"id":8063,"date":"2025-11-15T12:07:13","date_gmt":"2025-11-15T12:07:13","guid":{"rendered":"https:\/\/mikeladzenailstore.com\/p\/leduv-lamp-sun-2c-original-kremen-diod\/"},"modified":"2026-01-27T10:40:04","modified_gmt":"2026-01-27T10:40:04","slug":"leduv-lamp-sun-2c-original-kremen-diod","status":"publish","type":"product","link":"https:\/\/mikeladzenailstore.com\/en\/p\/leduv-lamp-sun-2c-original-kremen-diod\/","title":{"rendered":"Led+UV lamp Sun 2C ORIGINAL k\u0159emen diod"},"content":{"rendered":"<p>Jedn\u00e1 se o hybridn\u00ed UV a LED lampu nov\u00e9 generace s k\u0159em\u00edkov\u00fdmi diodami 2. generace.<\/p>\n<p>Lampa SUN 2C 48W White (origin\u00e1l) je ur\u010dena k polymerizaci gel lak\u016f (shellac), prodlu\u017eov\u00e1n\u00ed neht\u016f a jak\u00fdchkoli povrch\u016f obsahuj\u00edc\u00edch gel (nap\u0159\u00edklad biogel).<\/p>\n<p>UV LED lampa je skv\u011bl\u00e1 nejen pro dom\u00e1c\u00ed pou\u017eit\u00ed, ale i pro kosmetick\u00e9 salony. SUN 2C 48W White (origin\u00e1l) m\u00e1 n\u011bkolik nastaven\u00ed \u010dasu, co\u017e ji \u010din\u00ed velmi pohodlnou p\u0159i pou\u017e\u00edv\u00e1n\u00ed a nepostradateln\u00fdm pomocn\u00edkem pro nehtov\u00e9 stylisty. U\u017e nemus\u00edte sledovat dobu vytvrzov\u00e1n\u00ed laku. UV LED lampa SUN 2 m\u00e1 \u017eivotnost a\u017e 50 000 hodin.<\/p>\n<p>Lampa m\u00e1 odn\u00edmateln\u00e9 dno na magnetech, co\u017e je praktick\u00e9 p\u0159i prov\u00e1d\u011bn\u00ed pedik\u00fary.<\/p>\n<p>Vlastnosti:<\/p>\n<p>\u2022 Vysok\u00fd v\u00fdkon umo\u017e\u0148uje rychl\u00e9 a rovnom\u011brn\u00e9 vytvrzov\u00e1n\u00ed neht\u016f.<\/p>\n<p>\u2022 Diodov\u00e1 lampa 48 W funguje na nap\u011bt\u00ed 180\u2013240 V a nen\u00ed ovlivn\u011bna v\u00fdkyvy nap\u011bt\u00ed.<\/p>\n<p>\u2022 LED diody nejsou citliv\u00e9 na kol\u00eds\u00e1n\u00ed nap\u011bt\u00ed.<\/p>\n<p>\u2022 Reflektory zesiluj\u00ed sv\u011btlo a pom\u00e1haj\u00ed ho soust\u0159edit na nehtovou plochu.<\/p>\n<p>\u2022 Infra\u010derven\u00fd senzor umo\u017e\u0148uje automatick\u00e9 zapnut\u00ed a vypnut\u00ed lampy bez pou\u017eit\u00ed tla\u010d\u00edtek. Lampa za\u010dne pracovat, kdy\u017e vlo\u017e\u00edte ruku, a vypne se, kdy\u017e ji vyjmete. Maxim\u00e1ln\u00ed doba \u010dasova\u010de p\u0159i senzorov\u00e9m zapnut\u00ed je 120 sekund.<\/p>\n<p>V\u00fdhody t\u00e9to lampy:<\/p>\n<p>\u2714 Rychlost polymerizace<\/p>\n<p>\u2714 Mo\u017enost vytvrzovat jak\u00e9koli tvrd\u00e9 gely a gel laky<\/p>\n<p>\u2714 N\u00edzk\u00e1 spot\u0159eba energie<\/p>\n<p>\u2714 Dlouh\u00e1 \u017eivotnost (50 000 a\u017e 100 000 hodin)<\/p>\n<p>\u2714 Nen\u00ed nutn\u00e1 pravideln\u00e1 v\u00fdm\u011bna \u017e\u00e1rovek<\/p>\n<p>\u2714 Vym\u011bniteln\u00e9 silikonov\u00e9 podlo\u017eky na lokty<\/p>\n<p>\u2714 Kompaktn\u00ed rozm\u011bry a n\u00edzk\u00e1 hmotnost<\/p>\n<p>\u2714 Bezpe\u010dnost pro poko\u017eku<\/p>\n<p>Technick\u00e9 specifikace:<\/p>\n<p>\u2022 Typ lampy: LED<\/p>\n<p>\u2022 Po\u010det diod: 33 ks (48 W)<\/p>\n<p>\u2022 \u010casova\u010d: 10, 30, 60, 90 s<\/p>\n<p>\u2022 Hmotnost: 477 g<\/p>\n<p>\u2022 \u017divotnost: 50 000 hodin<\/p>\n<p>\u2022 Materi\u00e1l: plast<\/p>\n<p>\u2022 Rozm\u011bry (d\/\u0161\/v): 170 \u00d7 200 \u00d7 85 mm<\/p>\n<p>\u2022 Barva: Fuchsiov\u00e1, s reflektorem<\/p>\n<p>\u2022 Nap\u00e1jen\u00ed: 220 V, 50\/60 Hz<\/p>\n<p>\u2022 Obsah balen\u00ed: 3 vym\u011bniteln\u00e9 silikonov\u00e9 podlo\u017eky (r\u016f\u017eov\u00e1, \u0161ed\u00e1, b\u00edl\u00e1)<\/p>\n<p>Dal\u0161\u00ed informace:<\/p>\n<p>\u2022 Odn\u00edmateln\u00e9 dno na magnetech<\/p>\n<p>\u2022 Unik\u00e1tn\u00ed patent \u2013 dvojit\u00fd sv\u011bteln\u00fd zdroj 365+405 nm<\/p>\n<p>Na spodn\u00ed stran\u011b v\u0161ech origin\u00e1ln\u00edch lamp je plomba s \u010d\u00e1rov\u00fdm k\u00f3dem, kter\u00e1 odpov\u00edd\u00e1 \u010d\u00e1rov\u00e9mu k\u00f3du na obalu lampy. Je d\u016fle\u017eit\u00e9 \u010d\u00e1rov\u00fd k\u00f3d uchovat po celou dobu z\u00e1ru\u010dn\u00ed lh\u016fty. Z\u00e1ruka je poskytov\u00e1na pouze v p\u0159\u00edpad\u011b, \u017ee plomba s \u010d\u00e1rov\u00fdm k\u00f3dem nen\u00ed po\u0161kozen\u00e1 nebo p\u0159elepen\u00e1.<\/p>\n","protected":false},"excerpt":{"rendered":"<p>Jedn\u00e1 se o hybridn\u00ed UV a LED lampu nov\u00e9 generace s k\u0159em\u00edkov\u00fdmi diodami 2. generace. Lampa SUN 2C 48W White (origin\u00e1l) je ur\u010dena k polymerizaci gel lak\u016f (shellac), prodlu\u017eov\u00e1n\u00ed neht\u016f a jak\u00fdchkoli povrch\u016f obsahuj\u00edc\u00edch gel (nap\u0159\u00edklad biogel). UV LED lampa je skv\u011bl\u00e1 nejen pro dom\u00e1c\u00ed pou\u017eit\u00ed, ale i pro kosmetick\u00e9 salony. SUN 2C 48W White [&hellip;]<\/p>\n","protected":false},"featured_media":4976,"comment_status":"open","ping_status":"closed","template":"","meta":[],"pwb-brand":[],"product_brand":[],"product_cat":[699],"product_tag":[],"berocket_brand":[],"class_list":{"0":"post-8063","1":"product","2":"type-product","3":"status-publish","4":"has-post-thumbnail","6":"product_cat-vybaveni-pro-manikkuru","8":"first","9":"outofstock","10":"taxable","11":"shipping-taxable","12":"purchasable","13":"product-type-simple"},"acf":[],"brands":[],"_links":{"self":[{"href":"https:\/\/mikeladzenailstore.com\/en\/wp-json\/wp\/v2\/product\/8063","targetHints":{"allow":["GET"]}}],"collection":[{"href":"https:\/\/mikeladzenailstore.com\/en\/wp-json\/wp\/v2\/product"}],"about":[{"href":"https:\/\/mikeladzenailstore.com\/en\/wp-json\/wp\/v2\/types\/product"}],"replies":[{"embeddable":true,"href":"https:\/\/mikeladzenailstore.com\/en\/wp-json\/wp\/v2\/comments?post=8063"}],"version-history":[{"count":0,"href":"https:\/\/mikeladzenailstore.com\/en\/wp-json\/wp\/v2\/product\/8063\/revisions"}],"wp:featuredmedia":[{"embeddable":true,"href":"https:\/\/mikeladzenailstore.com\/en\/wp-json\/wp\/v2\/media\/4976"}],"wp:attachment":[{"href":"https:\/\/mikeladzenailstore.com\/en\/wp-json\/wp\/v2\/media?parent=8063"}],"wp:term":[{"taxonomy":"pwb-brand","embeddable":true,"href":"https:\/\/mikeladzenailstore.com\/en\/wp-json\/wp\/v2\/pwb-brand?post=8063"},{"taxonomy":"product_brand","embeddable":true,"href":"https:\/\/mikeladzenailstore.com\/en\/wp-json\/wp\/v2\/product_brand?post=8063"},{"taxonomy":"product_cat","embeddable":true,"href":"https:\/\/mikeladzenailstore.com\/en\/wp-json\/wp\/v2\/product_cat?post=8063"},{"taxonomy":"product_tag","embeddable":true,"href":"https:\/\/mikeladzenailstore.com\/en\/wp-json\/wp\/v2\/product_tag?post=8063"},{"taxonomy":"berocket_brand","embeddable":true,"href":"https:\/\/mikeladzenailstore.com\/en\/wp-json\/wp\/v2\/berocket_brand?post=8063"}],"curies":[{"name":"wp","href":"https:\/\/api.w.org\/{rel}","templated":true}]}}