{"id":8072,"date":"2025-11-15T12:07:03","date_gmt":"2025-11-15T12:07:03","guid":{"rendered":"https:\/\/mikeladzenailstore.com\/p\/pilnik-pulmesic-240-grit-10-kusu\/"},"modified":"2025-11-15T12:07:03","modified_gmt":"2025-11-15T12:07:03","slug":"pilnik-pulmesic-240-grit-10-kusu","status":"publish","type":"product","link":"https:\/\/mikeladzenailstore.com\/en\/p\/pilnik-pulmesic-240-grit-10-kusu\/","title":{"rendered":"Pilnik p\u016flm\u011bs\u00edc 240 grit 10 kus\u016f"},"content":{"rendered":"<p>P\u0159edstavujeme v\u00e1m novinku mezi nepostradateln\u00fdmi pom\u016fckami \u2013 plastovou z\u00e1kladnou s vym\u011bniteln\u00fdmi pr\u00e9miov\u00fdmi brusn\u00fdmi piln\u00edky od Pink. Jedn\u00e1 se o r\u016f\u017eovou plastovou z\u00e1kladnu, na kter\u00e9 jsou nalepeny vym\u011bniteln\u00e9 piln\u00edky. V\u00fdhodou plastov\u00e9 z\u00e1kladny oproti kovov\u00e9 je to, \u017ee je leh\u010d\u00ed a m\u011bk\u010d\u00ed, co\u017e umo\u017e\u0148uje piln\u00edku \u201echodit\u201c po povrchu nehtu, ani\u017e by do\u0161lo k poru\u0161en\u00ed jeho architektury. Lze jej snadno a rychle dezinfikovat dezinfek\u010dn\u00edmi roztoky. Prvot\u0159\u00eddn\u00ed brusivo vydr\u017e\u00ed extr\u00e9mn\u011b dlouho. Cena dovoluje m\u00edt takov\u00fd piln\u00edk pro ka\u017ed\u00e9ho z\u00e1kazn\u00edka zvl\u00e1\u0161\u0165, a podle pot\u0159eby je m\u016f\u017eete m\u011bnit. Tento typ piln\u00edku umo\u017e\u0148uje specialistovi sestavit piln\u00edk pro ka\u017ed\u00e9ho klienta individu\u00e1ln\u011b . Nap\u0159\u00edklad: Na jedn\u00e9 stran\u011b \u0161ed\u00fd piln\u00edk pro \u0159ez\u00e1n\u00ed konce nehtu a stran, na druh\u00e9 stran\u011b &#8211; b\u00edl\u00fd m\u011bkk\u00fd piln\u00edk pro jemn\u011bj\u0161\u00ed povrch. <\/p>\n<p>\u0160ed\u00e9 vym\u011bniteln\u00e9 piln\u00edky jsou pr\u00e9miov\u00e9 kvality, kter\u00e9 maj\u00ed extr\u00e9mn\u00ed v\u00fddr\u017e. Hrubost: 150, 180, 240. <\/p>\n<\/p>\n<p>B\u00edl\u00e9 vym\u011bniteln\u00e9 piln\u00edky jsou m\u011bk\u010d\u00ed ne\u017e \u0161ed\u00e9, ide\u00e1ln\u00ed pro pe\u010dliv\u00e9 pilov\u00e1n\u00ed, pro p\u0159\u00edrodn\u00ed nehty, pro pedik\u00faru. Hrubost: 150, 180, 240.<\/p>\n","protected":false},"excerpt":{"rendered":"<p>P\u0159edstavujeme v\u00e1m novinku mezi nepostradateln\u00fdmi pom\u016fckami \u2013 plastovou z\u00e1kladnou s vym\u011bniteln\u00fdmi pr\u00e9miov\u00fdmi brusn\u00fdmi piln\u00edky od Pink. Jedn\u00e1 se o r\u016f\u017eovou plastovou z\u00e1kladnu, na kter\u00e9 jsou nalepeny vym\u011bniteln\u00e9 piln\u00edky. V\u00fdhodou plastov\u00e9 z\u00e1kladny oproti kovov\u00e9 je to, \u017ee je leh\u010d\u00ed a m\u011bk\u010d\u00ed, co\u017e umo\u017e\u0148uje piln\u00edku \u201echodit\u201c po povrchu nehtu, ani\u017e by do\u0161lo k poru\u0161en\u00ed jeho architektury. Lze [&hellip;]<\/p>\n","protected":false},"featured_media":0,"comment_status":"open","ping_status":"open","template":"","meta":[],"pwb-brand":[],"product_brand":[],"product_cat":[167],"product_tag":[],"berocket_brand":[],"class_list":{"0":"post-8072","1":"product","2":"type-product","3":"status-publish","5":"product_cat-baze-a-topy-pro-manikuru-pedikuru","7":"first","8":"outofstock","9":"taxable","10":"shipping-taxable","11":"purchasable","12":"product-type-simple"},"acf":[],"brands":[],"_links":{"self":[{"href":"https:\/\/mikeladzenailstore.com\/en\/wp-json\/wp\/v2\/product\/8072","targetHints":{"allow":["GET"]}}],"collection":[{"href":"https:\/\/mikeladzenailstore.com\/en\/wp-json\/wp\/v2\/product"}],"about":[{"href":"https:\/\/mikeladzenailstore.com\/en\/wp-json\/wp\/v2\/types\/product"}],"replies":[{"embeddable":true,"href":"https:\/\/mikeladzenailstore.com\/en\/wp-json\/wp\/v2\/comments?post=8072"}],"version-history":[{"count":0,"href":"https:\/\/mikeladzenailstore.com\/en\/wp-json\/wp\/v2\/product\/8072\/revisions"}],"wp:attachment":[{"href":"https:\/\/mikeladzenailstore.com\/en\/wp-json\/wp\/v2\/media?parent=8072"}],"wp:term":[{"taxonomy":"pwb-brand","embeddable":true,"href":"https:\/\/mikeladzenailstore.com\/en\/wp-json\/wp\/v2\/pwb-brand?post=8072"},{"taxonomy":"product_brand","embeddable":true,"href":"https:\/\/mikeladzenailstore.com\/en\/wp-json\/wp\/v2\/product_brand?post=8072"},{"taxonomy":"product_cat","embeddable":true,"href":"https:\/\/mikeladzenailstore.com\/en\/wp-json\/wp\/v2\/product_cat?post=8072"},{"taxonomy":"product_tag","embeddable":true,"href":"https:\/\/mikeladzenailstore.com\/en\/wp-json\/wp\/v2\/product_tag?post=8072"},{"taxonomy":"berocket_brand","embeddable":true,"href":"https:\/\/mikeladzenailstore.com\/en\/wp-json\/wp\/v2\/berocket_brand?post=8072"}],"curies":[{"name":"wp","href":"https:\/\/api.w.org\/{rel}","templated":true}]}}