{"id":8093,"date":"2025-11-15T12:07:03","date_gmt":"2025-11-15T12:07:03","guid":{"rendered":"https:\/\/mikeladzenailstore.com\/p\/gel-jelly-no-tpo-no-hema-lip-gloss-15-ml-jz-nails-group\/"},"modified":"2026-03-11T16:53:32","modified_gmt":"2026-03-11T16:53:32","slug":"gel-jelly-no-tpo-no-hema-lip-gloss-15-ml-jz-nails-group","status":"publish","type":"product","link":"https:\/\/mikeladzenailstore.com\/en\/p\/gel-jelly-no-tpo-no-hema-lip-gloss-15-ml-jz-nails-group\/","title":{"rendered":"Gel jelly LIP GLOSS JZ Nails Group"},"content":{"rendered":"<p>Gelov\u00e9 \u017eel\u00e9 THIXOTROPY<\/p>\n<p>Jedn\u00e1 se o siln\u00fd gel s hustou viskozitou, kter\u00fd je ide\u00e1ln\u00ed pro modelaci, rekonstrukci tvar\u016f a korekci jak\u00fdchkoli neht\u016f.<\/p>\n<p>7 barev v\u010detn\u011b pr\u016fhledn\u00fdch bude ide\u00e1ln\u00edmi z\u00e1kladn\u00edmi pomocn\u00edky na stole ka\u017ed\u00e9ho nail artista.<\/p>\n<p>N\u00e1vod k pou\u017eit\u00ed:<\/p>\n<p>Po mechanick\u00e9 p\u0159\u00edprav\u011b neht\u016f nehtovou plot\u00e9nku odmast\u011bte, naneste ultrabond (JZ NAILS GROUP a 20 sec nechte polymerozivat v lamp\u011b), pot\u00e9 naneste primer (substr\u00e1t) na nehty z transparentn\u00edho jednof\u00e1zov\u00e9ho gelu, nebo jak\u00e9hokoli z\u00e1kladn\u00edho p\u0159\u00edpravku se zv\u00fd\u0161enou p\u0159ilnavost\u00ed . Vysu\u0161te podle pokyn\u016f.<\/p>\n<p>Rozlo\u017ete po\u017eadovan\u00e9 mno\u017estv\u00ed GEL JELLY ticsotropic podle speci\u00e1ln\u00ed techniky.<\/p>\n<p>Prove\u010fte pilov\u00e1n\u00ed neht\u016f a pot\u00e9 pokryjte topem.<\/p>\n<p>Polymerace: 60-120 sekund (v z\u00e1vislosti na mno\u017estv\u00ed materi\u00e1lu) v LED UV lamp\u011b 395-415 nm.<\/p>\n<p>Lisov\u00e1n\u00ed materi\u00e1lu se prov\u00e1d\u00ed po dobu 10-12 sekund. Nebo od za\u010d\u00e1tku tepeln\u00e9 reakce. M\u00edrn\u00e1 teplota.<\/p>\n","protected":false},"excerpt":{"rendered":"<p>Gelov\u00e9 \u017eel\u00e9 THIXOTROPY Jedn\u00e1 se o siln\u00fd gel s hustou viskozitou, kter\u00fd je ide\u00e1ln\u00ed pro modelaci, rekonstrukci tvar\u016f a korekci jak\u00fdchkoli neht\u016f. 7 barev v\u010detn\u011b pr\u016fhledn\u00fdch bude ide\u00e1ln\u00edmi z\u00e1kladn\u00edmi pomocn\u00edky na stole ka\u017ed\u00e9ho nail artista. N\u00e1vod k pou\u017eit\u00ed: Po mechanick\u00e9 p\u0159\u00edprav\u011b neht\u016f nehtovou plot\u00e9nku odmast\u011bte, naneste ultrabond (JZ NAILS GROUP a 20 sec nechte polymerozivat [&hellip;]<\/p>\n","protected":false},"featured_media":4970,"comment_status":"open","ping_status":"closed","template":"","meta":[],"pwb-brand":[],"product_brand":[],"product_cat":[625],"product_tag":[],"berocket_brand":[556],"class_list":{"0":"post-8093","1":"product","2":"type-product","3":"status-publish","4":"has-post-thumbnail","6":"product_cat-gel-jelly-jz-nails-group","7":"berocket_brand-jz-nails-group","9":"first","10":"instock","11":"taxable","12":"shipping-taxable","13":"purchasable","14":"product-type-variable"},"acf":[],"brands":[],"_links":{"self":[{"href":"https:\/\/mikeladzenailstore.com\/en\/wp-json\/wp\/v2\/product\/8093","targetHints":{"allow":["GET"]}}],"collection":[{"href":"https:\/\/mikeladzenailstore.com\/en\/wp-json\/wp\/v2\/product"}],"about":[{"href":"https:\/\/mikeladzenailstore.com\/en\/wp-json\/wp\/v2\/types\/product"}],"replies":[{"embeddable":true,"href":"https:\/\/mikeladzenailstore.com\/en\/wp-json\/wp\/v2\/comments?post=8093"}],"version-history":[{"count":0,"href":"https:\/\/mikeladzenailstore.com\/en\/wp-json\/wp\/v2\/product\/8093\/revisions"}],"wp:featuredmedia":[{"embeddable":true,"href":"https:\/\/mikeladzenailstore.com\/en\/wp-json\/wp\/v2\/media\/4970"}],"wp:attachment":[{"href":"https:\/\/mikeladzenailstore.com\/en\/wp-json\/wp\/v2\/media?parent=8093"}],"wp:term":[{"taxonomy":"pwb-brand","embeddable":true,"href":"https:\/\/mikeladzenailstore.com\/en\/wp-json\/wp\/v2\/pwb-brand?post=8093"},{"taxonomy":"product_brand","embeddable":true,"href":"https:\/\/mikeladzenailstore.com\/en\/wp-json\/wp\/v2\/product_brand?post=8093"},{"taxonomy":"product_cat","embeddable":true,"href":"https:\/\/mikeladzenailstore.com\/en\/wp-json\/wp\/v2\/product_cat?post=8093"},{"taxonomy":"product_tag","embeddable":true,"href":"https:\/\/mikeladzenailstore.com\/en\/wp-json\/wp\/v2\/product_tag?post=8093"},{"taxonomy":"berocket_brand","embeddable":true,"href":"https:\/\/mikeladzenailstore.com\/en\/wp-json\/wp\/v2\/berocket_brand?post=8093"}],"curies":[{"name":"wp","href":"https:\/\/api.w.org\/{rel}","templated":true}]}}