{"id":8108,"date":"2025-11-15T12:06:54","date_gmt":"2025-11-15T12:06:54","guid":{"rendered":"https:\/\/mikeladzenailstore.com\/p\/staleks-freza-diamantovy-kuzel-hruska-fa100r040-12\/"},"modified":"2026-01-12T11:37:48","modified_gmt":"2026-01-12T11:37:48","slug":"staleks-freza-diamantovy-kuzel-hruska-fa100r040-12","status":"publish","type":"product","link":"https:\/\/mikeladzenailstore.com\/en\/p\/staleks-freza-diamantovy-kuzel-hruska-fa100r040-12\/","title":{"rendered":"Staleks fr\u00e9za diamantovy ku\u017eel Hru\u0161ka FA100R040\/12"},"content":{"rendered":"<p>Staleks Diamantov\u00fd brusn\u00fd n\u00e1stavec-&#8220;pointed pear&#8221; red &#8211; FA100R040\/12 je diamantov\u00fd n\u00e1stavec s jemnou zrnitost\u00ed ve tvaru ostr\u00e9 hru\u0161ky pro jemn\u00e9 zpracov\u00e1n\u00ed poko\u017eky. Vyrobeno z vysokokvalit\u00e9 nerezav\u011bj\u00edc\u00ed oceli.<\/p>\n<p>diamantov\u00fd n\u00e1stavec s jemnou zrnitost\u00ed ve tvaru ostr\u00e9 hru\u0161ky<\/p>\n<p>pou\u017e\u00edv\u00e1 se ke zpracov\u00e1n\u00ed kutikuly a bo\u010dn\u00edch z\u00e1hyb\u016f neht\u016f, jako\u017e ik \u010di\u0161t\u011bn\u00ed nehtov\u00e9 plot\u00e9nky od epidermy<\/p>\n<p>vysoce kvalitn\u00ed diamantov\u00fd povlak<\/p>\n<p>V manik\u00fa\u0159e:<\/p>\n<p>&#8211; zved\u00e1n\u00ed a odstra\u0148ov\u00e1n\u00ed kutikuly.<\/p>\n<p>&#8211; zpracov\u00e1n\u00ed bo\u010dn\u00edch z\u00e1hyb\u016f neht\u016f.<\/p>\n<p>&#8211; odstran\u011bn\u00ed pterygie.<\/p>\n<p>&#8211; otev\u00edr\u00e1n\u00ed dutin.<\/p>\n<p>&#8211; zpracov\u00e1n\u00ed periungv\u00e1ln\u00edch dutin.<\/p>\n<p>&#8211; le\u0161t\u011bn\u00ed nehtov\u00e9 plot\u00e9nky<\/p>\n<p>V pedik\u00fa\u0159e:<\/p>\n<p>-o tv\u00e1\u0159en\u00ed a le\u0161t\u011bn\u00ed trhlin.<\/p>\n<p>&#8211; zpracov\u00e1n\u00ed a odstran\u011bn\u00ed mozol\u016f.<\/p>\n<p>Technick\u00e9 parametry:<\/p>\n<p>&#8211; \u00fa\u010del: pro manik\u00faru a pedik\u00faru<\/p>\n<p>&#8211; typ pracovn\u00ed \u010d\u00e1sti: ostr\u00e1 hru\u0161ka<\/p>\n<p>&#8211; barva pruhu: \u010derven\u00e1<\/p>\n<p>&#8211; zrnitost: jemn\u00e1<\/p>\n<p>&#8211; materi\u00e1l: nerezav\u011bj\u00edc\u00ed ocel<\/p>\n","protected":false},"excerpt":{"rendered":"<p>Staleks Diamantov\u00fd brusn\u00fd n\u00e1stavec-&#8220;pointed pear&#8221; red &#8211; FA100R040\/12 je diamantov\u00fd n\u00e1stavec s jemnou zrnitost\u00ed ve tvaru ostr\u00e9 hru\u0161ky pro jemn\u00e9 zpracov\u00e1n\u00ed poko\u017eky. Vyrobeno z vysokokvalit\u00e9 nerezav\u011bj\u00edc\u00ed oceli. diamantov\u00fd n\u00e1stavec s jemnou zrnitost\u00ed ve tvaru ostr\u00e9 hru\u0161ky pou\u017e\u00edv\u00e1 se ke zpracov\u00e1n\u00ed kutikuly a bo\u010dn\u00edch z\u00e1hyb\u016f neht\u016f, jako\u017e ik \u010di\u0161t\u011bn\u00ed nehtov\u00e9 plot\u00e9nky od epidermy vysoce kvalitn\u00ed diamantov\u00fd [&hellip;]<\/p>\n","protected":false},"featured_media":4955,"comment_status":"open","ping_status":"closed","template":"","meta":[],"pwb-brand":[],"product_brand":[],"product_cat":[689],"product_tag":[],"berocket_brand":[418],"class_list":{"0":"post-8108","1":"product","2":"type-product","3":"status-publish","4":"has-post-thumbnail","6":"product_cat-diamantove-frezy","7":"berocket_brand-staleks","9":"first","10":"outofstock","11":"taxable","12":"shipping-taxable","13":"purchasable","14":"product-type-simple"},"acf":[],"brands":[],"_links":{"self":[{"href":"https:\/\/mikeladzenailstore.com\/en\/wp-json\/wp\/v2\/product\/8108","targetHints":{"allow":["GET"]}}],"collection":[{"href":"https:\/\/mikeladzenailstore.com\/en\/wp-json\/wp\/v2\/product"}],"about":[{"href":"https:\/\/mikeladzenailstore.com\/en\/wp-json\/wp\/v2\/types\/product"}],"replies":[{"embeddable":true,"href":"https:\/\/mikeladzenailstore.com\/en\/wp-json\/wp\/v2\/comments?post=8108"}],"version-history":[{"count":0,"href":"https:\/\/mikeladzenailstore.com\/en\/wp-json\/wp\/v2\/product\/8108\/revisions"}],"wp:featuredmedia":[{"embeddable":true,"href":"https:\/\/mikeladzenailstore.com\/en\/wp-json\/wp\/v2\/media\/4955"}],"wp:attachment":[{"href":"https:\/\/mikeladzenailstore.com\/en\/wp-json\/wp\/v2\/media?parent=8108"}],"wp:term":[{"taxonomy":"pwb-brand","embeddable":true,"href":"https:\/\/mikeladzenailstore.com\/en\/wp-json\/wp\/v2\/pwb-brand?post=8108"},{"taxonomy":"product_brand","embeddable":true,"href":"https:\/\/mikeladzenailstore.com\/en\/wp-json\/wp\/v2\/product_brand?post=8108"},{"taxonomy":"product_cat","embeddable":true,"href":"https:\/\/mikeladzenailstore.com\/en\/wp-json\/wp\/v2\/product_cat?post=8108"},{"taxonomy":"product_tag","embeddable":true,"href":"https:\/\/mikeladzenailstore.com\/en\/wp-json\/wp\/v2\/product_tag?post=8108"},{"taxonomy":"berocket_brand","embeddable":true,"href":"https:\/\/mikeladzenailstore.com\/en\/wp-json\/wp\/v2\/berocket_brand?post=8108"}],"curies":[{"name":"wp","href":"https:\/\/api.w.org\/{rel}","templated":true}]}}