{"id":8199,"date":"2025-11-15T12:04:15","date_gmt":"2025-11-15T12:04:15","guid":{"rendered":"https:\/\/mikeladzenailstore.com\/p\/builder-gel-in-bottle-blossom-no-tpo-trendy-nails-15-ml\/"},"modified":"2026-04-15T17:41:04","modified_gmt":"2026-04-15T17:41:04","slug":"builder-gel-in-bottle-blossom-no-tpo-trendy-nails-15-ml","status":"publish","type":"product","link":"https:\/\/mikeladzenailstore.com\/en\/p\/builder-gel-in-bottle-blossom-no-tpo-trendy-nails-15-ml\/","title":{"rendered":"Builder gel in bottle BLOSSOM Trendy nails"},"content":{"rendered":"<div style=\"width: 464px;\" class=\"wp-video\"><video class=\"wp-video-shortcode\" id=\"video-8199-1\" width=\"464\" height=\"848\" preload=\"metadata\" controls=\"controls\"><source type=\"video\/mp4\" src=\"https:\/\/mikeladzenailstore.com\/wp-content\/uploads\/2025\/11\/video_2026-02-23_17-31-22.mp4?_=1\" \/><a href=\"https:\/\/mikeladzenailstore.com\/wp-content\/uploads\/2025\/11\/video_2026-02-23_17-31-22.mp4\">https:\/\/mikeladzenailstore.com\/wp-content\/uploads\/2025\/11\/video_2026-02-23_17-31-22.mp4<\/a><\/video><\/div>\n<p data-start=\"133\" data-end=\"283\"><strong data-start=\"133\" data-end=\"184\">Inovativn\u00ed Builder Gel in a Bottle (tekut\u00fd gel)<\/strong> od zna\u010dky <strong data-start=\"195\" data-end=\"211\">Trendy Nails<\/strong> pat\u0159\u00ed mezi <strong data-start=\"223\" data-end=\"236\">tuh\u00e9 gely<\/strong> a p\u0159edstavuje <strong data-start=\"251\" data-end=\"282\">plnohodnotn\u00fd 3f\u00e1zov\u00fd syst\u00e9m<\/strong>.<\/p>\n<p data-start=\"285\" data-end=\"321\">D\u00edky sv\u00fdm vlastnostem je vhodn\u00fd pro:<\/p>\n<p data-start=\"323\" data-end=\"494\">\u2022 zpevn\u011bn\u00ed p\u0159\u00edrodn\u00edch neht\u016f<br data-start=\"350\" data-end=\"353\" \/>\u2022 prodlu\u017eov\u00e1n\u00ed pomoc\u00ed forem<br data-start=\"380\" data-end=\"383\" \/>\u2022 opravu prasklin a po\u0161kozen\u00ed<br data-start=\"412\" data-end=\"415\" \/>\u2022 pou\u017eit\u00ed jako barevn\u00fd podklad pro french manik\u00faru nebo jako samostatn\u00fd n\u00e1t\u011br<\/p>\n<p data-start=\"496\" data-end=\"626\">Pokud chcete po gelov\u00e9 modelaci vytvo\u0159it design nebo aplikovat barevn\u00fd n\u00e1t\u011br, sta\u010d\u00ed <strong data-start=\"580\" data-end=\"625\">odstranit lepivou vrstvu pomoc\u00ed Cleanseru<\/strong>.<\/p>\n<p data-start=\"628\" data-end=\"896\">Gel m\u00e1 <strong data-start=\"635\" data-end=\"655\">konzistenci b\u00e1ze<\/strong> a velmi pohodln\u011b se nan\u00e1\u0161\u00ed <strong data-start=\"683\" data-end=\"713\">\u0161t\u011bte\u010dkem p\u0159\u00edmo z lahvi\u010dky<\/strong>. Na povrchu nehtu se v\u00fdborn\u011b samovyrovn\u00e1v\u00e1, co\u017e z n\u011bj \u010din\u00ed ide\u00e1ln\u00ed materi\u00e1l pro pr\u00e1ci <strong data-start=\"800\" data-end=\"826\">technikou bez pilov\u00e1n\u00ed<\/strong>. V\u00fdrazn\u011b \u0161et\u0159\u00ed \u010das i n\u00e1mahu nehtov\u00e9 stylistky p\u0159i pr\u00e1ci s klientkami.<\/p>\n<h3 data-start=\"898\" data-end=\"918\">Doba polymerace:<\/h3>\n<p data-start=\"919\" data-end=\"964\">\u2022 <strong data-start=\"921\" data-end=\"935\">LED lampa:<\/strong> 60 s<br data-start=\"940\" data-end=\"943\" \/>\u2022 <strong data-start=\"945\" data-end=\"958\">UV lampa:<\/strong> 120 s<\/p>\n","protected":false},"excerpt":{"rendered":"<p>Inovativn\u00ed Builder Gel in a Bottle (tekut\u00fd gel) od zna\u010dky Trendy Nails pat\u0159\u00ed mezi tuh\u00e9 gely a p\u0159edstavuje plnohodnotn\u00fd 3f\u00e1zov\u00fd syst\u00e9m. D\u00edky sv\u00fdm vlastnostem je vhodn\u00fd pro: \u2022 zpevn\u011bn\u00ed p\u0159\u00edrodn\u00edch neht\u016f\u2022 prodlu\u017eov\u00e1n\u00ed pomoc\u00ed forem\u2022 opravu prasklin a po\u0161kozen\u00ed\u2022 pou\u017eit\u00ed jako barevn\u00fd podklad pro french manik\u00faru nebo jako samostatn\u00fd n\u00e1t\u011br Pokud chcete po gelov\u00e9 modelaci vytvo\u0159it [&hellip;]<\/p>\n","protected":false},"featured_media":4748,"comment_status":"open","ping_status":"closed","template":"","meta":[],"pwb-brand":[],"product_brand":[],"product_cat":[620,553],"product_tag":[],"berocket_brand":[419],"class_list":{"0":"post-8199","1":"product","2":"type-product","3":"status-publish","4":"has-post-thumbnail","6":"product_cat-builer-gel-trendy-nails","7":"product_cat-gel-in-a-bottle","8":"berocket_brand-trendy-nails","10":"first","11":"instock","12":"taxable","13":"shipping-taxable","14":"purchasable","15":"product-type-simple"},"acf":[],"brands":[],"_links":{"self":[{"href":"https:\/\/mikeladzenailstore.com\/en\/wp-json\/wp\/v2\/product\/8199","targetHints":{"allow":["GET"]}}],"collection":[{"href":"https:\/\/mikeladzenailstore.com\/en\/wp-json\/wp\/v2\/product"}],"about":[{"href":"https:\/\/mikeladzenailstore.com\/en\/wp-json\/wp\/v2\/types\/product"}],"replies":[{"embeddable":true,"href":"https:\/\/mikeladzenailstore.com\/en\/wp-json\/wp\/v2\/comments?post=8199"}],"version-history":[{"count":1,"href":"https:\/\/mikeladzenailstore.com\/en\/wp-json\/wp\/v2\/product\/8199\/revisions"}],"predecessor-version":[{"id":20937,"href":"https:\/\/mikeladzenailstore.com\/en\/wp-json\/wp\/v2\/product\/8199\/revisions\/20937"}],"wp:featuredmedia":[{"embeddable":true,"href":"https:\/\/mikeladzenailstore.com\/en\/wp-json\/wp\/v2\/media\/4748"}],"wp:attachment":[{"href":"https:\/\/mikeladzenailstore.com\/en\/wp-json\/wp\/v2\/media?parent=8199"}],"wp:term":[{"taxonomy":"pwb-brand","embeddable":true,"href":"https:\/\/mikeladzenailstore.com\/en\/wp-json\/wp\/v2\/pwb-brand?post=8199"},{"taxonomy":"product_brand","embeddable":true,"href":"https:\/\/mikeladzenailstore.com\/en\/wp-json\/wp\/v2\/product_brand?post=8199"},{"taxonomy":"product_cat","embeddable":true,"href":"https:\/\/mikeladzenailstore.com\/en\/wp-json\/wp\/v2\/product_cat?post=8199"},{"taxonomy":"product_tag","embeddable":true,"href":"https:\/\/mikeladzenailstore.com\/en\/wp-json\/wp\/v2\/product_tag?post=8199"},{"taxonomy":"berocket_brand","embeddable":true,"href":"https:\/\/mikeladzenailstore.com\/en\/wp-json\/wp\/v2\/berocket_brand?post=8199"}],"curies":[{"name":"wp","href":"https:\/\/api.w.org\/{rel}","templated":true}]}}