{"id":8221,"date":"2025-11-15T12:04:03","date_gmt":"2025-11-15T12:04:03","guid":{"rendered":"https:\/\/mikeladzenailstore.com\/p\/multibond-primer-bez-kyselin\/"},"modified":"2025-11-27T22:21:49","modified_gmt":"2025-11-27T22:21:49","slug":"multibond-primer-bez-kyselin","status":"publish","type":"product","link":"https:\/\/mikeladzenailstore.com\/en\/p\/multibond-primer-bez-kyselin\/","title":{"rendered":"Multibond &#8211; primer bez kyselin"},"content":{"rendered":"<p>Multibond &#8211; primer bez kyselin. Jedine\u010dn\u00e1 technologie TM Trendy Nails, ur\u010den\u00e1 pro bezpe\u010dn\u00e9 a spolehliv\u00e9 lepen\u00ed p\u0159\u00edrodn\u00edch neht\u016f s gelem, gel lakem a akrylem. Obsahuje patentovan\u00fd polymer, kter\u00fd zaji\u0161\u0165uje silnou p\u0159ilnavost materi\u00e1l\u016f, chr\u00e1n\u00ed design p\u0159ed od\u0161t\u00edpnut\u00edm a odlupov\u00e1n\u00edm<\/p>\n","protected":false},"excerpt":{"rendered":"<p>Multibond &#8211; primer bez kyselin. Jedine\u010dn\u00e1 technologie TM Trendy Nails, ur\u010den\u00e1 pro bezpe\u010dn\u00e9 a spolehliv\u00e9 lepen\u00ed p\u0159\u00edrodn\u00edch neht\u016f s gelem, gel lakem a akrylem. Obsahuje patentovan\u00fd polymer, kter\u00fd zaji\u0161\u0165uje silnou p\u0159ilnavost materi\u00e1l\u016f, chr\u00e1n\u00ed design p\u0159ed od\u0161t\u00edpnut\u00edm a odlupov\u00e1n\u00edm<\/p>\n","protected":false},"featured_media":4727,"comment_status":"open","ping_status":"closed","template":"","meta":[],"pwb-brand":[],"product_brand":[],"product_cat":[495],"product_tag":[],"berocket_brand":[419],"class_list":{"0":"post-8221","1":"product","2":"type-product","3":"status-publish","4":"has-post-thumbnail","6":"product_cat-specialni-prostredky","7":"berocket_brand-trendy-nails","9":"first","10":"outofstock","11":"taxable","12":"shipping-taxable","13":"purchasable","14":"product-type-simple"},"acf":[],"brands":[],"_links":{"self":[{"href":"https:\/\/mikeladzenailstore.com\/en\/wp-json\/wp\/v2\/product\/8221","targetHints":{"allow":["GET"]}}],"collection":[{"href":"https:\/\/mikeladzenailstore.com\/en\/wp-json\/wp\/v2\/product"}],"about":[{"href":"https:\/\/mikeladzenailstore.com\/en\/wp-json\/wp\/v2\/types\/product"}],"replies":[{"embeddable":true,"href":"https:\/\/mikeladzenailstore.com\/en\/wp-json\/wp\/v2\/comments?post=8221"}],"version-history":[{"count":0,"href":"https:\/\/mikeladzenailstore.com\/en\/wp-json\/wp\/v2\/product\/8221\/revisions"}],"wp:featuredmedia":[{"embeddable":true,"href":"https:\/\/mikeladzenailstore.com\/en\/wp-json\/wp\/v2\/media\/4727"}],"wp:attachment":[{"href":"https:\/\/mikeladzenailstore.com\/en\/wp-json\/wp\/v2\/media?parent=8221"}],"wp:term":[{"taxonomy":"pwb-brand","embeddable":true,"href":"https:\/\/mikeladzenailstore.com\/en\/wp-json\/wp\/v2\/pwb-brand?post=8221"},{"taxonomy":"product_brand","embeddable":true,"href":"https:\/\/mikeladzenailstore.com\/en\/wp-json\/wp\/v2\/product_brand?post=8221"},{"taxonomy":"product_cat","embeddable":true,"href":"https:\/\/mikeladzenailstore.com\/en\/wp-json\/wp\/v2\/product_cat?post=8221"},{"taxonomy":"product_tag","embeddable":true,"href":"https:\/\/mikeladzenailstore.com\/en\/wp-json\/wp\/v2\/product_tag?post=8221"},{"taxonomy":"berocket_brand","embeddable":true,"href":"https:\/\/mikeladzenailstore.com\/en\/wp-json\/wp\/v2\/berocket_brand?post=8221"}],"curies":[{"name":"wp","href":"https:\/\/api.w.org\/{rel}","templated":true}]}}