{"id":8263,"date":"2025-11-15T12:03:42","date_gmt":"2025-11-15T12:03:42","guid":{"rendered":"https:\/\/mikeladzenailstore.com\/p\/nail-brush-11-mm-trendy-nails\/"},"modified":"2025-11-15T12:03:42","modified_gmt":"2025-11-15T12:03:42","slug":"nail-brush-11-mm-trendy-nails","status":"publish","type":"product","link":"https:\/\/mikeladzenailstore.com\/en\/p\/nail-brush-11-mm-trendy-nails\/","title":{"rendered":"Nail brush 11 mm Trendy nails"},"content":{"rendered":"<p>\u0160t\u011btec Pure Art 11 mm \u2013 syntetick\u00e9 \u0161t\u011btiny, slou\u017e\u00ed k nan\u00e1\u0161en\u00ed \u010dist\u00fdch linek, pruh\u016f a geometrick\u00fdch tvar\u016f r\u016fzn\u00e9 tlou\u0161\u0165ky.<\/p>\n","protected":false},"excerpt":{"rendered":"<p>\u0160t\u011btec Pure Art 11 mm \u2013 syntetick\u00e9 \u0161t\u011btiny, slou\u017e\u00ed k nan\u00e1\u0161en\u00ed \u010dist\u00fdch linek, pruh\u016f a geometrick\u00fdch tvar\u016f r\u016fzn\u00e9 tlou\u0161\u0165ky.<\/p>\n","protected":false},"featured_media":4708,"comment_status":"open","ping_status":"open","template":"","meta":[],"pwb-brand":[],"product_brand":[],"product_cat":[525],"product_tag":[],"berocket_brand":[419],"class_list":{"0":"post-8263","1":"product","2":"type-product","3":"status-publish","4":"has-post-thumbnail","6":"product_cat-nail-brushes","7":"berocket_brand-trendy-nails","9":"first","10":"outofstock","11":"taxable","12":"shipping-taxable","13":"purchasable","14":"product-type-simple"},"acf":[],"brands":[],"_links":{"self":[{"href":"https:\/\/mikeladzenailstore.com\/en\/wp-json\/wp\/v2\/product\/8263","targetHints":{"allow":["GET"]}}],"collection":[{"href":"https:\/\/mikeladzenailstore.com\/en\/wp-json\/wp\/v2\/product"}],"about":[{"href":"https:\/\/mikeladzenailstore.com\/en\/wp-json\/wp\/v2\/types\/product"}],"replies":[{"embeddable":true,"href":"https:\/\/mikeladzenailstore.com\/en\/wp-json\/wp\/v2\/comments?post=8263"}],"version-history":[{"count":0,"href":"https:\/\/mikeladzenailstore.com\/en\/wp-json\/wp\/v2\/product\/8263\/revisions"}],"wp:featuredmedia":[{"embeddable":true,"href":"https:\/\/mikeladzenailstore.com\/en\/wp-json\/wp\/v2\/media\/4708"}],"wp:attachment":[{"href":"https:\/\/mikeladzenailstore.com\/en\/wp-json\/wp\/v2\/media?parent=8263"}],"wp:term":[{"taxonomy":"pwb-brand","embeddable":true,"href":"https:\/\/mikeladzenailstore.com\/en\/wp-json\/wp\/v2\/pwb-brand?post=8263"},{"taxonomy":"product_brand","embeddable":true,"href":"https:\/\/mikeladzenailstore.com\/en\/wp-json\/wp\/v2\/product_brand?post=8263"},{"taxonomy":"product_cat","embeddable":true,"href":"https:\/\/mikeladzenailstore.com\/en\/wp-json\/wp\/v2\/product_cat?post=8263"},{"taxonomy":"product_tag","embeddable":true,"href":"https:\/\/mikeladzenailstore.com\/en\/wp-json\/wp\/v2\/product_tag?post=8263"},{"taxonomy":"berocket_brand","embeddable":true,"href":"https:\/\/mikeladzenailstore.com\/en\/wp-json\/wp\/v2\/berocket_brand?post=8263"}],"curies":[{"name":"wp","href":"https:\/\/api.w.org\/{rel}","templated":true}]}}