{"id":8422,"date":"2025-11-15T12:02:29","date_gmt":"2025-11-15T12:02:29","guid":{"rendered":"https:\/\/mikeladzenailstore.com\/p\/salonni-ctverec-4-generace-your-brand-140-kusu\/"},"modified":"2025-11-15T12:02:29","modified_gmt":"2025-11-15T12:02:29","slug":"salonni-ctverec-4-generace-your-brand-140-kusu","status":"publish","type":"product","link":"https:\/\/mikeladzenailstore.com\/en\/p\/salonni-ctverec-4-generace-your-brand-140-kusu\/","title":{"rendered":"Salonn\u00ed \u010dtverec 4. generace \u201cYour brand\u201d 140 kus\u016f"},"content":{"rendered":"<\/p>\n<p>\u2022 Velikost \u2013 nyn\u00ed jich je 14 d\u00edky dv\u011bma zv\u011bt\u0161en\u00fdm velikostem pro \u0161irok\u00e9 nehty.<\/p>\n<p>\u2022 Zna\u010den\u00ed \u2013 nyn\u00ed ho skute\u010dn\u011b vyu\u017eijete, proto\u017ee to nejsou jen \u010d\u00e1ry, ale vod\u00edtka pro d\u00e9lku a tvar budouc\u00edho voln\u00e9ho okraje, s centr\u00e1ln\u00ed osou od prvn\u00ed kontaktn\u00ed k\u0159ivky, co\u017e zaji\u0161\u0165uje rovnom\u011brn\u00e9 upevn\u011bn\u00ed a nastaven\u00ed.<\/p>\n<p>\u2022 \u010c\u00edslov\u00e1n\u00ed \u2013 je viditeln\u00e9, na ka\u017ed\u00e9 form\u011b je 4,5 mm.<\/p>\n<p>\u2022 Elasticita \u2013 v oblasti prvn\u00edho kontaktu a upevn\u011bn\u00ed na nehtov\u00e9 l\u016f\u017eko. To zaji\u0161\u0165uje \u010distou pr\u00e1ci bez p\u0159ete\u010den\u00ed materi\u00e1lu.<\/p>\n<p>\u2022 Kvalita \u2013 dokonale pr\u016fhledn\u00fd plast.<\/p>\n<p>\u2022 Mno\u017estv\u00ed \u2013 144 ks + 48 ks (zv\u011bt\u0161en\u00fdch velikost\u00ed).<\/p>\n<p>\u2022 Architektura \u2013 zaji\u0161\u0165uje absenci dal\u0161\u00edch manipulac\u00ed: zbyte\u010dn\u00e9 pilov\u00e1n\u00ed nebo dopl\u0148ov\u00e1n\u00ed materi\u00e1lem.<\/p>\n<p>\u2022 Funk\u010dnost \u2013 roz\u0161\u00ed\u0159en\u00e9 mo\u017enosti pou\u017eit\u00ed na kr\u00e1tk\u00e9 i dlouh\u00e9 nehty.<\/p><\/p>\n","protected":false},"excerpt":{"rendered":"<p>\u2022 Velikost \u2013 nyn\u00ed jich je 14 d\u00edky dv\u011bma zv\u011bt\u0161en\u00fdm velikostem pro \u0161irok\u00e9 nehty. \u2022 Zna\u010den\u00ed \u2013 nyn\u00ed ho skute\u010dn\u011b vyu\u017eijete, proto\u017ee to nejsou jen \u010d\u00e1ry, ale vod\u00edtka pro d\u00e9lku a tvar budouc\u00edho voln\u00e9ho okraje, s centr\u00e1ln\u00ed osou od prvn\u00ed kontaktn\u00ed k\u0159ivky, co\u017e zaji\u0161\u0165uje rovnom\u011brn\u00e9 upevn\u011bn\u00ed a nastaven\u00ed. \u2022 \u010c\u00edslov\u00e1n\u00ed \u2013 je viditeln\u00e9, na ka\u017ed\u00e9 [&hellip;]<\/p>\n","protected":false},"featured_media":0,"comment_status":"open","ping_status":"open","template":"","meta":[],"pwb-brand":[],"product_brand":[],"product_cat":[167],"product_tag":[],"berocket_brand":[],"class_list":{"0":"post-8422","1":"product","2":"type-product","3":"status-publish","5":"product_cat-baze-a-topy-pro-manikuru-pedikuru","7":"first","8":"outofstock","9":"taxable","10":"shipping-taxable","11":"purchasable","12":"product-type-simple"},"acf":[],"brands":[],"_links":{"self":[{"href":"https:\/\/mikeladzenailstore.com\/en\/wp-json\/wp\/v2\/product\/8422","targetHints":{"allow":["GET"]}}],"collection":[{"href":"https:\/\/mikeladzenailstore.com\/en\/wp-json\/wp\/v2\/product"}],"about":[{"href":"https:\/\/mikeladzenailstore.com\/en\/wp-json\/wp\/v2\/types\/product"}],"replies":[{"embeddable":true,"href":"https:\/\/mikeladzenailstore.com\/en\/wp-json\/wp\/v2\/comments?post=8422"}],"version-history":[{"count":0,"href":"https:\/\/mikeladzenailstore.com\/en\/wp-json\/wp\/v2\/product\/8422\/revisions"}],"wp:attachment":[{"href":"https:\/\/mikeladzenailstore.com\/en\/wp-json\/wp\/v2\/media?parent=8422"}],"wp:term":[{"taxonomy":"pwb-brand","embeddable":true,"href":"https:\/\/mikeladzenailstore.com\/en\/wp-json\/wp\/v2\/pwb-brand?post=8422"},{"taxonomy":"product_brand","embeddable":true,"href":"https:\/\/mikeladzenailstore.com\/en\/wp-json\/wp\/v2\/product_brand?post=8422"},{"taxonomy":"product_cat","embeddable":true,"href":"https:\/\/mikeladzenailstore.com\/en\/wp-json\/wp\/v2\/product_cat?post=8422"},{"taxonomy":"product_tag","embeddable":true,"href":"https:\/\/mikeladzenailstore.com\/en\/wp-json\/wp\/v2\/product_tag?post=8422"},{"taxonomy":"berocket_brand","embeddable":true,"href":"https:\/\/mikeladzenailstore.com\/en\/wp-json\/wp\/v2\/berocket_brand?post=8422"}],"curies":[{"name":"wp","href":"https:\/\/api.w.org\/{rel}","templated":true}]}}