{"id":8506,"date":"2025-11-15T12:00:27","date_gmt":"2025-11-15T12:00:27","guid":{"rendered":"https:\/\/mikeladzenailstore.com\/p\/gel-souffle-ganache-15-ml\/"},"modified":"2026-03-04T13:50:27","modified_gmt":"2026-03-04T13:50:27","slug":"gel-souffle-ganache-15-ml","status":"publish","type":"product","link":"https:\/\/mikeladzenailstore.com\/en\/p\/gel-souffle-ganache-15-ml\/","title":{"rendered":"Gel souffle GANACHE Trendy nails15 ml"},"content":{"rendered":"<h2 data-start=\"127\" data-end=\"172\"><strong data-start=\"130\" data-end=\"172\">SOUFFL\u00c9 GEL \u2013 Evoluce modela\u010dn\u00edho gelu<\/strong><\/h2>\n<p data-start=\"174\" data-end=\"351\">Souffl\u00e9 Gel je <strong data-start=\"189\" data-end=\"212\">pokro\u010dil\u00fd hust\u00fd gel<\/strong> pro modelov\u00e1n\u00ed neht\u016f. Ide\u00e1ln\u00ed pro <strong data-start=\"247\" data-end=\"295\">odoln\u00e9, trvanliv\u00e9 a esteticky dokonal\u00e9 nehty<\/strong>, vhodn\u00fd pro r\u016fzn\u00e9 d\u00e9lky a profesion\u00e1ln\u00ed techniky pr\u00e1ce.<\/p>\n<h3 data-start=\"353\" data-end=\"378\"><strong data-start=\"357\" data-end=\"378\">Hlavn\u00ed vlastnosti<\/strong><\/h3>\n<ul data-start=\"379\" data-end=\"1322\">\n<li data-start=\"379\" data-end=\"531\">\n<p data-start=\"381\" data-end=\"531\"><strong data-start=\"381\" data-end=\"401\">Dokonal\u00e1 fixace:<\/strong> D\u00edky hust\u00e9 konzistenci dr\u017e\u00ed tvar bez rozlit\u00ed, umo\u017e\u0148uje vytvo\u0159it precizn\u00ed hrany pro prodlou\u017een\u00ed, zpevn\u011bn\u00ed nebo dlouh\u00e9 struktury.<\/p>\n<\/li>\n<li data-start=\"532\" data-end=\"618\">\n<p data-start=\"534\" data-end=\"618\"><strong data-start=\"534\" data-end=\"554\">Samovyrovn\u00e1vac\u00ed:<\/strong> I p\u0159i hust\u00e9 struktu\u0159e se m\u00edrn\u011b srovn\u00e1v\u00e1, usnad\u0148uje tak pr\u00e1ci.<\/p>\n<\/li>\n<li data-start=\"619\" data-end=\"768\">\n<p data-start=\"621\" data-end=\"643\"><strong data-start=\"621\" data-end=\"641\">Vysok\u00e1 odolnost:<\/strong><\/p>\n<ul data-start=\"646\" data-end=\"768\">\n<li data-start=\"646\" data-end=\"690\">\n<p data-start=\"648\" data-end=\"690\">Odoln\u00fd proti n\u00e1raz\u016fm p\u0159i tlou\u0161\u0165ce 1,5 mm<\/p>\n<\/li>\n<li data-start=\"693\" data-end=\"768\">\n<p data-start=\"695\" data-end=\"768\">Zachov\u00e1v\u00e1 pru\u017enost p\u0159i tlou\u0161\u0165ce 0,5\u20130,7 mm a udr\u017euje pevnost pod tlakem<\/p>\n<\/li>\n<\/ul>\n<\/li>\n<li data-start=\"769\" data-end=\"854\">\n<p data-start=\"771\" data-end=\"854\"><strong data-start=\"771\" data-end=\"797\">Lehk\u00e1 a jemn\u00e1 textura:<\/strong> Snadno se aplikuje \u0161t\u011btcem, pr\u00e1ce je plynul\u00e1 a p\u0159esn\u00e1.<\/p>\n<\/li>\n<li data-start=\"855\" data-end=\"932\">\n<p data-start=\"857\" data-end=\"932\"><strong data-start=\"857\" data-end=\"887\">Perfektn\u00ed a trval\u00fd oblouk:<\/strong> Udr\u017euje k\u0159ivku nehtu po celou dobu no\u0161en\u00ed.<\/p>\n<\/li>\n<li data-start=\"933\" data-end=\"1111\">\n<p data-start=\"935\" data-end=\"1078\"><strong data-start=\"935\" data-end=\"953\">Barevn\u00e1 \u0161k\u00e1la:<\/strong> Nov\u00e9 odst\u00edny Souffl\u00e9 Gel odpov\u00eddaj\u00ed t\u00f3n\u016fm <strong data-start=\"996\" data-end=\"1024\">Builder Gel Trendy Nails<\/strong>, co\u017e zaji\u0161\u0165uje harmonii a kontinuitu ve va\u0161\u00ed pr\u00e1ci.<\/p>\n<ul data-start=\"1081\" data-end=\"1111\">\n<li data-start=\"1081\" data-end=\"1111\">\n<p data-start=\"1083\" data-end=\"1111\">Nap\u0159. <strong data-start=\"1089\" data-end=\"1109\">Ganache = Pretty<\/strong><\/p>\n<\/li>\n<\/ul>\n<\/li>\n<li data-start=\"1112\" data-end=\"1249\">\n<p data-start=\"1114\" data-end=\"1249\"><strong data-start=\"1114\" data-end=\"1146\">Univerz\u00e1ln\u00ed a profesion\u00e1ln\u00ed:<\/strong> Ide\u00e1ln\u00ed pro <strong data-start=\"1159\" data-end=\"1194\">modelov\u00e1n\u00ed s \u0161ablonou (cartina)<\/strong>, <strong data-start=\"1196\" data-end=\"1209\">dual form<\/strong>, korekce a zpevn\u011bn\u00ed p\u0159\u00edrodn\u00edch neht\u016f.<\/p>\n<\/li>\n<li data-start=\"1250\" data-end=\"1322\">\n<p data-start=\"1252\" data-end=\"1322\"><strong data-start=\"1252\" data-end=\"1273\">Bezpe\u010dn\u00e9 slo\u017een\u00ed:<\/strong> <strong data-start=\"1274\" data-end=\"1293\">HEMA &amp; TPO FREE<\/strong>, vhodn\u00e9 i pro citliv\u00e9 nehty.<\/p>\n<\/li>\n<\/ul>\n<h3 data-start=\"1324\" data-end=\"1350\"><strong data-start=\"1328\" data-end=\"1350\">Pou\u017eit\u00ed a techniky<\/strong><\/h3>\n<ul data-start=\"1351\" data-end=\"1736\">\n<li data-start=\"1351\" data-end=\"1448\">\n<p data-start=\"1353\" data-end=\"1448\"><strong data-start=\"1353\" data-end=\"1391\">Rekonstrukce na \u0161ablon\u011b (cartina):<\/strong> Pro jednobarevn\u00e9 struktury nebo francouzskou manik\u00faru.<\/p>\n<\/li>\n<li data-start=\"1449\" data-end=\"1506\">\n<p data-start=\"1451\" data-end=\"1506\"><strong data-start=\"1451\" data-end=\"1465\">Dual form:<\/strong> Zkracuje \u010das pot\u0159ebn\u00fd na rekonstrukci.<\/p>\n<\/li>\n<li data-start=\"1507\" data-end=\"1605\">\n<p data-start=\"1509\" data-end=\"1605\"><strong data-start=\"1509\" data-end=\"1530\">Technika \u201eBordo\u201c:<\/strong> Pro prodlou\u017een\u00ed bez podpory, opravu bo\u010dn\u00edch hran, roh\u016f a voln\u00e9ho okraje.<\/p>\n<\/li>\n<li data-start=\"1606\" data-end=\"1672\">\n<p data-start=\"1608\" data-end=\"1672\"><strong data-start=\"1608\" data-end=\"1640\">Korekce a dopln\u011bn\u00ed (refill):<\/strong> Snadn\u00e1 a rychl\u00e1 \u00fadr\u017eba neht\u016f.<\/p>\n<\/li>\n<li data-start=\"1673\" data-end=\"1736\">\n<p data-start=\"1675\" data-end=\"1736\"><strong data-start=\"1675\" data-end=\"1691\">3D Nail Art:<\/strong> Ide\u00e1ln\u00ed pro dekorace ve zv\u00fdrazn\u011bn\u00e9m reli\u00e9fu.<\/p>\n<\/li>\n<\/ul>\n<h3 data-start=\"1738\" data-end=\"1759\"><strong data-start=\"1742\" data-end=\"1759\">Jak aplikovat<\/strong><\/h3>\n<ol data-start=\"1760\" data-end=\"2250\">\n<li data-start=\"1760\" data-end=\"1891\">\n<p data-start=\"1763\" data-end=\"1891\"><strong data-start=\"1763\" data-end=\"1782\">P\u0159\u00edprava nehtu:<\/strong> Mechanick\u00e1 a chemick\u00e1 \u00faprava, nanesen\u00ed <strong data-start=\"1822\" data-end=\"1835\">Nail Prep<\/strong>. U obt\u00ed\u017en\u00fdch neht\u016f doporu\u010dujeme <strong data-start=\"1868\" data-end=\"1888\">Multibond Primer<\/strong>.<\/p>\n<\/li>\n<li data-start=\"1892\" data-end=\"1983\">\n<p data-start=\"1895\" data-end=\"1983\"><strong data-start=\"1895\" data-end=\"1918\">Transparentn\u00ed b\u00e1ze:<\/strong> Naneste tenkou vrstvu <strong data-start=\"1941\" data-end=\"1955\">Base Light<\/strong> nebo <strong data-start=\"1961\" data-end=\"1980\">Dream Base Elsa<\/strong>.<\/p>\n<\/li>\n<li data-start=\"1984\" data-end=\"2145\">\n<p data-start=\"1987\" data-end=\"2145\"><strong data-start=\"1987\" data-end=\"2012\">Aplikace Souffl\u00e9 Gel:<\/strong> Naneste perli\u010dku gelu na nehet a jemn\u00fdmi tahy rozet\u0159ete od kutikuly ke \u0161pi\u010dce. S dual form lze pracovat na v\u0161ech nehtech najednou.<\/p>\n<\/li>\n<li data-start=\"2146\" data-end=\"2200\">\n<p data-start=\"2149\" data-end=\"2200\"><strong data-start=\"2149\" data-end=\"2173\">Dokon\u010den\u00ed struktury:<\/strong> Upraven\u00ed tvaru piln\u00edkem.<\/p>\n<\/li>\n<li data-start=\"2201\" data-end=\"2250\">\n<p data-start=\"2204\" data-end=\"2250\"><strong data-start=\"2204\" data-end=\"2217\">Top coat:<\/strong> Naneste obl\u00edben\u00fd <strong data-start=\"2235\" data-end=\"2249\">Top Trendy<\/strong>.<\/p>\n<\/li>\n<\/ol>\n<h3 data-start=\"2252\" data-end=\"2274\"><strong data-start=\"2256\" data-end=\"2274\">Doba vytvrzen\u00ed<\/strong><\/h3>\n<ul data-start=\"2275\" data-end=\"2440\">\n<li data-start=\"2275\" data-end=\"2323\">\n<p data-start=\"2277\" data-end=\"2323\"><strong data-start=\"2277\" data-end=\"2299\">Rychl\u00e9 zafixov\u00e1n\u00ed:<\/strong> 3 sekundy s LED Flash<\/p>\n<\/li>\n<li data-start=\"2324\" data-end=\"2401\">\n<p data-start=\"2326\" data-end=\"2401\"><strong data-start=\"2326\" data-end=\"2348\">Formov\u00e1n\u00ed oblouku:<\/strong> 15\u201320 sekund (z\u00e1vis\u00ed na v\u00fdkonu lampy a pigmentaci)<\/p>\n<\/li>\n<li data-start=\"2402\" data-end=\"2440\">\n<p data-start=\"2404\" data-end=\"2440\"><strong data-start=\"2404\" data-end=\"2424\">\u00dapln\u00e9 vytvrzen\u00ed:<\/strong> 60\u2013120 sekund<\/p>\n<\/li>\n<\/ul>\n","protected":false},"excerpt":{"rendered":"<p>SOUFFL\u00c9 GEL \u2013 Evoluce modela\u010dn\u00edho gelu Souffl\u00e9 Gel je pokro\u010dil\u00fd hust\u00fd gel pro modelov\u00e1n\u00ed neht\u016f. Ide\u00e1ln\u00ed pro odoln\u00e9, trvanliv\u00e9 a esteticky dokonal\u00e9 nehty, vhodn\u00fd pro r\u016fzn\u00e9 d\u00e9lky a profesion\u00e1ln\u00ed techniky pr\u00e1ce. Hlavn\u00ed vlastnosti Dokonal\u00e1 fixace: D\u00edky hust\u00e9 konzistenci dr\u017e\u00ed tvar bez rozlit\u00ed, umo\u017e\u0148uje vytvo\u0159it precizn\u00ed hrany pro prodlou\u017een\u00ed, zpevn\u011bn\u00ed nebo dlouh\u00e9 struktury. Samovyrovn\u00e1vac\u00ed: I p\u0159i [&hellip;]<\/p>\n","protected":false},"featured_media":4386,"comment_status":"open","ping_status":"closed","template":"","meta":[],"pwb-brand":[],"product_brand":[],"product_cat":[578],"product_tag":[],"berocket_brand":[419],"class_list":{"0":"post-8506","1":"product","2":"type-product","3":"status-publish","4":"has-post-thumbnail","6":"product_cat-gel-souffle-trendy-nails","7":"berocket_brand-trendy-nails","9":"first","10":"instock","11":"taxable","12":"shipping-taxable","13":"purchasable","14":"product-type-simple"},"acf":[],"brands":[],"_links":{"self":[{"href":"https:\/\/mikeladzenailstore.com\/en\/wp-json\/wp\/v2\/product\/8506","targetHints":{"allow":["GET"]}}],"collection":[{"href":"https:\/\/mikeladzenailstore.com\/en\/wp-json\/wp\/v2\/product"}],"about":[{"href":"https:\/\/mikeladzenailstore.com\/en\/wp-json\/wp\/v2\/types\/product"}],"replies":[{"embeddable":true,"href":"https:\/\/mikeladzenailstore.com\/en\/wp-json\/wp\/v2\/comments?post=8506"}],"version-history":[{"count":0,"href":"https:\/\/mikeladzenailstore.com\/en\/wp-json\/wp\/v2\/product\/8506\/revisions"}],"wp:featuredmedia":[{"embeddable":true,"href":"https:\/\/mikeladzenailstore.com\/en\/wp-json\/wp\/v2\/media\/4386"}],"wp:attachment":[{"href":"https:\/\/mikeladzenailstore.com\/en\/wp-json\/wp\/v2\/media?parent=8506"}],"wp:term":[{"taxonomy":"pwb-brand","embeddable":true,"href":"https:\/\/mikeladzenailstore.com\/en\/wp-json\/wp\/v2\/pwb-brand?post=8506"},{"taxonomy":"product_brand","embeddable":true,"href":"https:\/\/mikeladzenailstore.com\/en\/wp-json\/wp\/v2\/product_brand?post=8506"},{"taxonomy":"product_cat","embeddable":true,"href":"https:\/\/mikeladzenailstore.com\/en\/wp-json\/wp\/v2\/product_cat?post=8506"},{"taxonomy":"product_tag","embeddable":true,"href":"https:\/\/mikeladzenailstore.com\/en\/wp-json\/wp\/v2\/product_tag?post=8506"},{"taxonomy":"berocket_brand","embeddable":true,"href":"https:\/\/mikeladzenailstore.com\/en\/wp-json\/wp\/v2\/berocket_brand?post=8506"}],"curies":[{"name":"wp","href":"https:\/\/api.w.org\/{rel}","templated":true}]}}