{"id":8557,"date":"2025-11-15T12:00:17","date_gmt":"2025-11-15T12:00:17","guid":{"rendered":"https:\/\/mikeladzenailstore.com\/p\/gel-souufle-butter-tpo-free-15-ml\/"},"modified":"2026-04-15T17:27:28","modified_gmt":"2026-04-15T17:27:28","slug":"gel-souufle-butter-tpo-free-15-ml","status":"publish","type":"product","link":"https:\/\/mikeladzenailstore.com\/en\/p\/gel-souufle-butter-tpo-free-15-ml\/","title":{"rendered":"Gel souffle BUTTER Trendy nails"},"content":{"rendered":"<h2 data-start=\"129\" data-end=\"174\"><strong data-start=\"132\" data-end=\"174\">SOUFFL\u00c9 GEL \u2013 Evoluce modela\u010dn\u00edho gelu<\/strong><\/h2>\n<p data-start=\"176\" data-end=\"357\">Souffl\u00e9 Gel je <strong data-start=\"191\" data-end=\"214\">pokro\u010dil\u00fd hust\u00fd gel<\/strong> pro modelov\u00e1n\u00ed neht\u016f. Perfektn\u00ed pro vytvo\u0159en\u00ed <strong data-start=\"261\" data-end=\"315\">odoln\u00fdch, trvanliv\u00fdch a esteticky dokonal\u00fdch neht\u016f<\/strong>, vhodn\u00fd pro r\u016fzn\u00e9 d\u00e9lky a techniky pr\u00e1ce.<\/p>\n<h3 data-start=\"359\" data-end=\"384\"><strong data-start=\"363\" data-end=\"384\">Hlavn\u00ed vlastnosti<\/strong><\/h3>\n<ul data-start=\"385\" data-end=\"1327\">\n<li data-start=\"385\" data-end=\"537\">\n<p data-start=\"387\" data-end=\"537\"><strong data-start=\"387\" data-end=\"407\">Dokonal\u00e1 fixace:<\/strong> D\u00edky hust\u00e9 konzistenci dr\u017e\u00ed tvar bez rozlit\u00ed, umo\u017e\u0148uje vytvo\u0159it precizn\u00ed hrany pro prodlou\u017een\u00ed, zpevn\u011bn\u00ed nebo dlouh\u00e9 struktury.<\/p>\n<\/li>\n<li data-start=\"538\" data-end=\"624\">\n<p data-start=\"540\" data-end=\"624\"><strong data-start=\"540\" data-end=\"560\">Samovyrovn\u00e1vac\u00ed:<\/strong> I p\u0159i hust\u00e9 struktu\u0159e se m\u00edrn\u011b srovn\u00e1v\u00e1, co\u017e usnad\u0148uje pr\u00e1ci.<\/p>\n<\/li>\n<li data-start=\"625\" data-end=\"775\">\n<p data-start=\"627\" data-end=\"649\"><strong data-start=\"627\" data-end=\"647\">Vysok\u00e1 odolnost:<\/strong><\/p>\n<ul data-start=\"652\" data-end=\"775\">\n<li data-start=\"652\" data-end=\"696\">\n<p data-start=\"654\" data-end=\"696\">Odoln\u00fd proti n\u00e1raz\u016fm p\u0159i tlou\u0161\u0165ce 1,5 mm<\/p>\n<\/li>\n<li data-start=\"699\" data-end=\"775\">\n<p data-start=\"701\" data-end=\"775\">Zachov\u00e1v\u00e1 pru\u017enost p\u0159i tlou\u0161\u0165ce 0,5\u20130,7 mm, udr\u017euje pevnost i pod tlakem<\/p>\n<\/li>\n<\/ul>\n<\/li>\n<li data-start=\"776\" data-end=\"861\">\n<p data-start=\"778\" data-end=\"861\"><strong data-start=\"778\" data-end=\"804\">Jemn\u00e1 a lehk\u00e1 textura:<\/strong> Snadno se aplikuje \u0161t\u011btcem, pr\u00e1ce je plynul\u00e1 a p\u0159esn\u00e1.<\/p>\n<\/li>\n<li data-start=\"862\" data-end=\"939\">\n<p data-start=\"864\" data-end=\"939\"><strong data-start=\"864\" data-end=\"894\">Perfektn\u00ed a trval\u00fd oblouk:<\/strong> Udr\u017euje k\u0159ivku nehtu po celou dobu no\u0161en\u00ed.<\/p>\n<\/li>\n<li data-start=\"940\" data-end=\"1116\">\n<p data-start=\"942\" data-end=\"1085\"><strong data-start=\"942\" data-end=\"960\">Barevn\u00e1 \u0161k\u00e1la:<\/strong> Nov\u00e9 odst\u00edny Souffl\u00e9 Gel odpov\u00eddaj\u00ed t\u00f3n\u016fm <strong data-start=\"1003\" data-end=\"1031\">Builder Gel Trendy Nails<\/strong>, co\u017e zaji\u0161\u0165uje harmonii a kontinuitu ve va\u0161\u00ed pr\u00e1ci.<\/p>\n<ul data-start=\"1088\" data-end=\"1116\">\n<li data-start=\"1088\" data-end=\"1116\">\n<p data-start=\"1090\" data-end=\"1116\">Nap\u0159. <strong data-start=\"1096\" data-end=\"1114\">Butter = Sweet<\/strong><\/p>\n<\/li>\n<\/ul>\n<\/li>\n<li data-start=\"1117\" data-end=\"1254\">\n<p data-start=\"1119\" data-end=\"1254\"><strong data-start=\"1119\" data-end=\"1151\">Univerz\u00e1ln\u00ed a profesion\u00e1ln\u00ed:<\/strong> Ide\u00e1ln\u00ed pro <strong data-start=\"1164\" data-end=\"1199\">modelov\u00e1n\u00ed s \u0161ablonou (cartina)<\/strong>, <strong data-start=\"1201\" data-end=\"1214\">dual form<\/strong>, korekce a zpevn\u011bn\u00ed p\u0159\u00edrodn\u00edch neht\u016f.<\/p>\n<\/li>\n<li data-start=\"1255\" data-end=\"1327\">\n<p data-start=\"1257\" data-end=\"1327\"><strong data-start=\"1257\" data-end=\"1278\">Bezpe\u010dn\u00e9 slo\u017een\u00ed:<\/strong> <strong data-start=\"1279\" data-end=\"1298\">HEMA &amp; TPO FREE<\/strong>, vhodn\u00e9 i pro citliv\u00e9 nehty.<\/p>\n<\/li>\n<\/ul>\n<h3 data-start=\"1329\" data-end=\"1355\"><strong data-start=\"1333\" data-end=\"1355\">Pou\u017eit\u00ed a techniky<\/strong><\/h3>\n<ul data-start=\"1356\" data-end=\"1741\">\n<li data-start=\"1356\" data-end=\"1453\">\n<p data-start=\"1358\" data-end=\"1453\"><strong data-start=\"1358\" data-end=\"1396\">Rekonstrukce na \u0161ablon\u011b (cartina):<\/strong> Pro jednobarevn\u00e9 struktury nebo francouzskou manik\u00faru.<\/p>\n<\/li>\n<li data-start=\"1454\" data-end=\"1511\">\n<p data-start=\"1456\" data-end=\"1511\"><strong data-start=\"1456\" data-end=\"1470\">Dual form:<\/strong> Zkracuje \u010das pot\u0159ebn\u00fd na rekonstrukci.<\/p>\n<\/li>\n<li data-start=\"1512\" data-end=\"1610\">\n<p data-start=\"1514\" data-end=\"1610\"><strong data-start=\"1514\" data-end=\"1535\">Technika \u201eBordo\u201c:<\/strong> Pro prodlou\u017een\u00ed bez podpory, opravu bo\u010dn\u00edch hran, roh\u016f a voln\u00e9ho okraje.<\/p>\n<\/li>\n<li data-start=\"1611\" data-end=\"1677\">\n<p data-start=\"1613\" data-end=\"1677\"><strong data-start=\"1613\" data-end=\"1645\">Korekce a dopln\u011bn\u00ed (refill):<\/strong> Snadn\u00e1 a rychl\u00e1 \u00fadr\u017eba neht\u016f.<\/p>\n<\/li>\n<li data-start=\"1678\" data-end=\"1741\">\n<p data-start=\"1680\" data-end=\"1741\"><strong data-start=\"1680\" data-end=\"1696\">3D Nail Art:<\/strong> Ide\u00e1ln\u00ed pro dekorace ve zv\u00fdrazn\u011bn\u00e9m reli\u00e9fu.<\/p>\n<\/li>\n<\/ul>\n<h3 data-start=\"1743\" data-end=\"1764\"><strong data-start=\"1747\" data-end=\"1764\">Jak aplikovat<\/strong><\/h3>\n<ol data-start=\"1765\" data-end=\"2288\">\n<li data-start=\"1765\" data-end=\"1896\">\n<p data-start=\"1768\" data-end=\"1896\"><strong data-start=\"1768\" data-end=\"1787\">P\u0159\u00edprava nehtu:<\/strong> Mechanick\u00e1 a chemick\u00e1 \u00faprava, nanesen\u00ed <strong data-start=\"1827\" data-end=\"1840\">Nail Prep<\/strong>. U obt\u00ed\u017en\u00fdch neht\u016f doporu\u010dujeme <strong data-start=\"1873\" data-end=\"1893\">Multibond Primer<\/strong>.<\/p>\n<\/li>\n<li data-start=\"1897\" data-end=\"1988\">\n<p data-start=\"1900\" data-end=\"1988\"><strong data-start=\"1900\" data-end=\"1923\">Transparentn\u00ed b\u00e1ze:<\/strong> Naneste tenkou vrstvu <strong data-start=\"1946\" data-end=\"1960\">Base Light<\/strong> nebo <strong data-start=\"1966\" data-end=\"1985\">Dream Base Elsa<\/strong>.<\/p>\n<\/li>\n<li data-start=\"1989\" data-end=\"2183\">\n<p data-start=\"1992\" data-end=\"2183\"><strong data-start=\"1992\" data-end=\"2017\">Aplikace Souffl\u00e9 Gel:<\/strong> Naneste perli\u010dku gelu na nehet a jemn\u00fdmi tahy rozet\u0159ete od kutikuly ke \u0161pi\u010dce, aby vznikla homogenn\u00ed struktura. S dual form lze pracovat na v\u0161ech nehtech najednou.<\/p>\n<\/li>\n<li data-start=\"2184\" data-end=\"2238\">\n<p data-start=\"2187\" data-end=\"2238\"><strong data-start=\"2187\" data-end=\"2211\">Dokon\u010den\u00ed struktury:<\/strong> Upraven\u00ed tvaru piln\u00edkem.<\/p>\n<\/li>\n<li data-start=\"2239\" data-end=\"2288\">\n<p data-start=\"2242\" data-end=\"2288\"><strong data-start=\"2242\" data-end=\"2255\">Top coat:<\/strong> Naneste obl\u00edben\u00fd <strong data-start=\"2273\" data-end=\"2287\">Top Trendy<\/strong>.<\/p>\n<\/li>\n<\/ol>\n<h3 data-start=\"2290\" data-end=\"2312\"><strong data-start=\"2294\" data-end=\"2312\">Doba vytvrzen\u00ed<\/strong><\/h3>\n<ul data-start=\"2313\" data-end=\"2478\">\n<li data-start=\"2313\" data-end=\"2361\">\n<p data-start=\"2315\" data-end=\"2361\"><strong data-start=\"2315\" data-end=\"2337\">Rychl\u00e9 zafixov\u00e1n\u00ed:<\/strong> 3 sekundy s LED Flash<\/p>\n<\/li>\n<li data-start=\"2362\" data-end=\"2439\">\n<p data-start=\"2364\" data-end=\"2439\"><strong data-start=\"2364\" data-end=\"2386\">Formov\u00e1n\u00ed oblouku:<\/strong> 15\u201320 sekund (z\u00e1vis\u00ed na v\u00fdkonu lampy a pigmentaci)<\/p>\n<\/li>\n<li data-start=\"2440\" data-end=\"2478\">\n<p data-start=\"2442\" data-end=\"2478\"><strong data-start=\"2442\" data-end=\"2462\">\u00dapln\u00e9 vytvrzen\u00ed:<\/strong> 60\u2013120 sekund<\/p>\n<\/li>\n<\/ul>\n","protected":false},"excerpt":{"rendered":"<p>SOUFFL\u00c9 GEL \u2013 Evoluce modela\u010dn\u00edho gelu Souffl\u00e9 Gel je pokro\u010dil\u00fd hust\u00fd gel pro modelov\u00e1n\u00ed neht\u016f. Perfektn\u00ed pro vytvo\u0159en\u00ed odoln\u00fdch, trvanliv\u00fdch a esteticky dokonal\u00fdch neht\u016f, vhodn\u00fd pro r\u016fzn\u00e9 d\u00e9lky a techniky pr\u00e1ce. Hlavn\u00ed vlastnosti Dokonal\u00e1 fixace: D\u00edky hust\u00e9 konzistenci dr\u017e\u00ed tvar bez rozlit\u00ed, umo\u017e\u0148uje vytvo\u0159it precizn\u00ed hrany pro prodlou\u017een\u00ed, zpevn\u011bn\u00ed nebo dlouh\u00e9 struktury. Samovyrovn\u00e1vac\u00ed: I p\u0159i [&hellip;]<\/p>\n","protected":false},"featured_media":4377,"comment_status":"open","ping_status":"closed","template":"","meta":[],"pwb-brand":[],"product_brand":[],"product_cat":[494,578],"product_tag":[],"berocket_brand":[419],"class_list":{"0":"post-8557","1":"product","2":"type-product","3":"status-publish","4":"has-post-thumbnail","6":"product_cat-bestseller","7":"product_cat-gel-souffle-trendy-nails","8":"berocket_brand-trendy-nails","10":"first","11":"outofstock","12":"taxable","13":"shipping-taxable","14":"purchasable","15":"product-type-variable"},"acf":[],"brands":[],"_links":{"self":[{"href":"https:\/\/mikeladzenailstore.com\/en\/wp-json\/wp\/v2\/product\/8557","targetHints":{"allow":["GET"]}}],"collection":[{"href":"https:\/\/mikeladzenailstore.com\/en\/wp-json\/wp\/v2\/product"}],"about":[{"href":"https:\/\/mikeladzenailstore.com\/en\/wp-json\/wp\/v2\/types\/product"}],"replies":[{"embeddable":true,"href":"https:\/\/mikeladzenailstore.com\/en\/wp-json\/wp\/v2\/comments?post=8557"}],"version-history":[{"count":1,"href":"https:\/\/mikeladzenailstore.com\/en\/wp-json\/wp\/v2\/product\/8557\/revisions"}],"predecessor-version":[{"id":20768,"href":"https:\/\/mikeladzenailstore.com\/en\/wp-json\/wp\/v2\/product\/8557\/revisions\/20768"}],"wp:featuredmedia":[{"embeddable":true,"href":"https:\/\/mikeladzenailstore.com\/en\/wp-json\/wp\/v2\/media\/4377"}],"wp:attachment":[{"href":"https:\/\/mikeladzenailstore.com\/en\/wp-json\/wp\/v2\/media?parent=8557"}],"wp:term":[{"taxonomy":"pwb-brand","embeddable":true,"href":"https:\/\/mikeladzenailstore.com\/en\/wp-json\/wp\/v2\/pwb-brand?post=8557"},{"taxonomy":"product_brand","embeddable":true,"href":"https:\/\/mikeladzenailstore.com\/en\/wp-json\/wp\/v2\/product_brand?post=8557"},{"taxonomy":"product_cat","embeddable":true,"href":"https:\/\/mikeladzenailstore.com\/en\/wp-json\/wp\/v2\/product_cat?post=8557"},{"taxonomy":"product_tag","embeddable":true,"href":"https:\/\/mikeladzenailstore.com\/en\/wp-json\/wp\/v2\/product_tag?post=8557"},{"taxonomy":"berocket_brand","embeddable":true,"href":"https:\/\/mikeladzenailstore.com\/en\/wp-json\/wp\/v2\/berocket_brand?post=8557"}],"curies":[{"name":"wp","href":"https:\/\/api.w.org\/{rel}","templated":true}]}}