{"id":8566,"date":"2025-11-15T12:00:17","date_gmt":"2025-11-15T12:00:17","guid":{"rendered":"https:\/\/mikeladzenailstore.com\/p\/gel-souffle-caramel-no-tpo-no-hema-15-ml\/"},"modified":"2026-03-04T13:54:17","modified_gmt":"2026-03-04T13:54:17","slug":"gel-souffle-caramel-no-tpo-no-hema-15-ml","status":"publish","type":"product","link":"https:\/\/mikeladzenailstore.com\/en\/p\/gel-souffle-caramel-no-tpo-no-hema-15-ml\/","title":{"rendered":"Gel souffle CARAMEL Trendy nails"},"content":{"rendered":"<h2 data-start=\"151\" data-end=\"196\"><strong data-start=\"154\" data-end=\"196\">SOUFFL\u00c9 GEL \u2013 Evoluce modela\u010dn\u00edho gelu<\/strong><\/h2>\n<p data-start=\"198\" data-end=\"379\">Souffl\u00e9 Gel je <strong data-start=\"213\" data-end=\"236\">pokro\u010dil\u00fd hust\u00fd gel<\/strong> pro modelov\u00e1n\u00ed neht\u016f. Perfektn\u00ed pro vytvo\u0159en\u00ed <strong data-start=\"283\" data-end=\"337\">odoln\u00fdch, trvanliv\u00fdch a esteticky dokonal\u00fdch neht\u016f<\/strong>, vhodn\u00fd pro r\u016fzn\u00e9 d\u00e9lky a techniky pr\u00e1ce.<\/p>\n<h3 data-start=\"381\" data-end=\"406\"><strong data-start=\"385\" data-end=\"406\">Hlavn\u00ed vlastnosti<\/strong><\/h3>\n<ul data-start=\"407\" data-end=\"1349\">\n<li data-start=\"407\" data-end=\"559\">\n<p data-start=\"409\" data-end=\"559\"><strong data-start=\"409\" data-end=\"429\">Dokonal\u00e1 fixace:<\/strong> D\u00edky hust\u00e9 konzistenci dr\u017e\u00ed tvar bez rozlit\u00ed, umo\u017e\u0148uje vytvo\u0159it precizn\u00ed hrany pro prodlou\u017een\u00ed, zpevn\u011bn\u00ed nebo dlouh\u00e9 struktury.<\/p>\n<\/li>\n<li data-start=\"560\" data-end=\"646\">\n<p data-start=\"562\" data-end=\"646\"><strong data-start=\"562\" data-end=\"582\">Samovyrovn\u00e1vac\u00ed:<\/strong> I p\u0159i hust\u00e9 struktu\u0159e se m\u00edrn\u011b srovn\u00e1v\u00e1, co\u017e usnad\u0148uje pr\u00e1ci.<\/p>\n<\/li>\n<li data-start=\"647\" data-end=\"797\">\n<p data-start=\"649\" data-end=\"671\"><strong data-start=\"649\" data-end=\"669\">Vysok\u00e1 odolnost:<\/strong><\/p>\n<ul data-start=\"674\" data-end=\"797\">\n<li data-start=\"674\" data-end=\"718\">\n<p data-start=\"676\" data-end=\"718\">Odoln\u00fd proti n\u00e1raz\u016fm p\u0159i tlou\u0161\u0165ce 1,5 mm<\/p>\n<\/li>\n<li data-start=\"721\" data-end=\"797\">\n<p data-start=\"723\" data-end=\"797\">Zachov\u00e1v\u00e1 pru\u017enost p\u0159i tlou\u0161\u0165ce 0,5\u20130,7 mm, udr\u017euje pevnost i pod tlakem<\/p>\n<\/li>\n<\/ul>\n<\/li>\n<li data-start=\"798\" data-end=\"883\">\n<p data-start=\"800\" data-end=\"883\"><strong data-start=\"800\" data-end=\"826\">Jemn\u00e1 a lehk\u00e1 textura:<\/strong> Snadno se aplikuje \u0161t\u011btcem, pr\u00e1ce je plynul\u00e1 a p\u0159esn\u00e1.<\/p>\n<\/li>\n<li data-start=\"884\" data-end=\"961\">\n<p data-start=\"886\" data-end=\"961\"><strong data-start=\"886\" data-end=\"916\">Perfektn\u00ed a trval\u00fd oblouk:<\/strong> Udr\u017euje k\u0159ivku nehtu po celou dobu no\u0161en\u00ed.<\/p>\n<\/li>\n<li data-start=\"962\" data-end=\"1138\">\n<p data-start=\"964\" data-end=\"1100\"><strong data-start=\"964\" data-end=\"982\">Barevn\u00e1 \u0161k\u00e1la:<\/strong> Nov\u00e9 Souffl\u00e9 Gely odpov\u00eddaj\u00ed t\u00f3n\u016fm <strong data-start=\"1018\" data-end=\"1046\">Builder Gel Trendy Nails<\/strong>, co\u017e zaji\u0161\u0165uje harmonii a kontinuitu ve va\u0161\u00ed pr\u00e1ci.<\/p>\n<ul data-start=\"1103\" data-end=\"1138\">\n<li data-start=\"1103\" data-end=\"1138\">\n<p data-start=\"1105\" data-end=\"1138\">Nap\u0159\u00edklad <strong data-start=\"1115\" data-end=\"1136\">Caramel = Blossom<\/strong><\/p>\n<\/li>\n<\/ul>\n<\/li>\n<li data-start=\"1139\" data-end=\"1276\">\n<p data-start=\"1141\" data-end=\"1276\"><strong data-start=\"1141\" data-end=\"1173\">Univerz\u00e1ln\u00ed a profesion\u00e1ln\u00ed:<\/strong> Ide\u00e1ln\u00ed pro <strong data-start=\"1186\" data-end=\"1221\">modelov\u00e1n\u00ed s \u0161ablonou (cartina)<\/strong>, <strong data-start=\"1223\" data-end=\"1236\">dual form<\/strong>, korekce a zpevn\u011bn\u00ed p\u0159\u00edrodn\u00edch neht\u016f.<\/p>\n<\/li>\n<li data-start=\"1277\" data-end=\"1349\">\n<p data-start=\"1279\" data-end=\"1349\"><strong data-start=\"1279\" data-end=\"1300\">Bezpe\u010dn\u00e9 slo\u017een\u00ed:<\/strong> <strong data-start=\"1301\" data-end=\"1320\">HEMA &amp; TPO FREE<\/strong>, vhodn\u00e9 i pro citliv\u00e9 nehty.<\/p>\n<\/li>\n<\/ul>\n<h3 data-start=\"1351\" data-end=\"1377\"><strong data-start=\"1355\" data-end=\"1377\">Pou\u017eit\u00ed a techniky<\/strong><\/h3>\n<ul data-start=\"1378\" data-end=\"1763\">\n<li data-start=\"1378\" data-end=\"1475\">\n<p data-start=\"1380\" data-end=\"1475\"><strong data-start=\"1380\" data-end=\"1418\">Rekonstrukce na \u0161ablon\u011b (cartina):<\/strong> Pro jednobarevn\u00e9 struktury nebo francouzskou manik\u00faru.<\/p>\n<\/li>\n<li data-start=\"1476\" data-end=\"1533\">\n<p data-start=\"1478\" data-end=\"1533\"><strong data-start=\"1478\" data-end=\"1492\">Dual form:<\/strong> Zkracuje \u010das pot\u0159ebn\u00fd na rekonstrukci.<\/p>\n<\/li>\n<li data-start=\"1534\" data-end=\"1632\">\n<p data-start=\"1536\" data-end=\"1632\"><strong data-start=\"1536\" data-end=\"1557\">Technika \u201eBordo\u201c:<\/strong> Pro prodlou\u017een\u00ed bez podpory, opravu bo\u010dn\u00edch hran, roh\u016f a voln\u00e9ho okraje.<\/p>\n<\/li>\n<li data-start=\"1633\" data-end=\"1699\">\n<p data-start=\"1635\" data-end=\"1699\"><strong data-start=\"1635\" data-end=\"1667\">Korekce a dopln\u011bn\u00ed (refill):<\/strong> Snadn\u00e1 a rychl\u00e1 \u00fadr\u017eba neht\u016f.<\/p>\n<\/li>\n<li data-start=\"1700\" data-end=\"1763\">\n<p data-start=\"1702\" data-end=\"1763\"><strong data-start=\"1702\" data-end=\"1718\">3D Nail Art:<\/strong> Ide\u00e1ln\u00ed pro dekorace ve zv\u00fdrazn\u011bn\u00e9m reli\u00e9fu.<\/p>\n<\/li>\n<\/ul>\n<h3 data-start=\"1765\" data-end=\"1786\"><strong data-start=\"1769\" data-end=\"1786\">Jak aplikovat<\/strong><\/h3>\n<ol data-start=\"1787\" data-end=\"2310\">\n<li data-start=\"1787\" data-end=\"1918\">\n<p data-start=\"1790\" data-end=\"1918\"><strong data-start=\"1790\" data-end=\"1809\">P\u0159\u00edprava nehtu:<\/strong> Mechanick\u00e1 a chemick\u00e1 \u00faprava, nanesen\u00ed <strong data-start=\"1849\" data-end=\"1862\">Nail Prep<\/strong>. U obt\u00ed\u017en\u00fdch neht\u016f doporu\u010dujeme <strong data-start=\"1895\" data-end=\"1915\">Multibond Primer<\/strong>.<\/p>\n<\/li>\n<li data-start=\"1919\" data-end=\"2010\">\n<p data-start=\"1922\" data-end=\"2010\"><strong data-start=\"1922\" data-end=\"1945\">Transparentn\u00ed b\u00e1ze:<\/strong> Naneste tenkou vrstvu <strong data-start=\"1968\" data-end=\"1982\">Base Light<\/strong> nebo <strong data-start=\"1988\" data-end=\"2007\">Dream Base Elsa<\/strong>.<\/p>\n<\/li>\n<li data-start=\"2011\" data-end=\"2205\">\n<p data-start=\"2014\" data-end=\"2205\"><strong data-start=\"2014\" data-end=\"2039\">Aplikace Souffl\u00e9 Gel:<\/strong> Naneste perli\u010dku gelu na nehet a jemn\u00fdmi tahy rozet\u0159ete od kutikuly ke \u0161pi\u010dce, aby vznikla homogenn\u00ed struktura. S dual form lze pracovat na v\u0161ech nehtech najednou.<\/p>\n<\/li>\n<li data-start=\"2206\" data-end=\"2260\">\n<p data-start=\"2209\" data-end=\"2260\"><strong data-start=\"2209\" data-end=\"2233\">Dokon\u010den\u00ed struktury:<\/strong> Upraven\u00ed tvaru piln\u00edkem.<\/p>\n<\/li>\n<li data-start=\"2261\" data-end=\"2310\">\n<p data-start=\"2264\" data-end=\"2310\"><strong data-start=\"2264\" data-end=\"2277\">Top coat:<\/strong> Naneste obl\u00edben\u00fd <strong data-start=\"2295\" data-end=\"2309\">Top Trendy<\/strong>.<\/p>\n<\/li>\n<\/ol>\n<h3 data-start=\"2312\" data-end=\"2334\"><strong data-start=\"2316\" data-end=\"2334\">Doba vytvrzen\u00ed<\/strong><\/h3>\n<ul data-start=\"2335\" data-end=\"2500\">\n<li data-start=\"2335\" data-end=\"2383\">\n<p data-start=\"2337\" data-end=\"2383\"><strong data-start=\"2337\" data-end=\"2359\">Rychl\u00e9 zafixov\u00e1n\u00ed:<\/strong> 3 sekundy s LED Flash<\/p>\n<\/li>\n<li data-start=\"2384\" data-end=\"2461\">\n<p data-start=\"2386\" data-end=\"2461\"><strong data-start=\"2386\" data-end=\"2408\">Formov\u00e1n\u00ed oblouku:<\/strong> 15\u201320 sekund (z\u00e1vis\u00ed na v\u00fdkonu lampy a pigmentaci)<\/p>\n<\/li>\n<li data-start=\"2462\" data-end=\"2500\">\n<p data-start=\"2464\" data-end=\"2500\"><strong data-start=\"2464\" data-end=\"2484\">\u00dapln\u00e9 vytvrzen\u00ed:<\/strong> 60\u2013120 sekund<\/p>\n<\/li>\n<\/ul>\n","protected":false},"excerpt":{"rendered":"<p>SOUFFL\u00c9 GEL \u2013 Evoluce modela\u010dn\u00edho gelu Souffl\u00e9 Gel je pokro\u010dil\u00fd hust\u00fd gel pro modelov\u00e1n\u00ed neht\u016f. Perfektn\u00ed pro vytvo\u0159en\u00ed odoln\u00fdch, trvanliv\u00fdch a esteticky dokonal\u00fdch neht\u016f, vhodn\u00fd pro r\u016fzn\u00e9 d\u00e9lky a techniky pr\u00e1ce. Hlavn\u00ed vlastnosti Dokonal\u00e1 fixace: D\u00edky hust\u00e9 konzistenci dr\u017e\u00ed tvar bez rozlit\u00ed, umo\u017e\u0148uje vytvo\u0159it precizn\u00ed hrany pro prodlou\u017een\u00ed, zpevn\u011bn\u00ed nebo dlouh\u00e9 struktury. Samovyrovn\u00e1vac\u00ed: I p\u0159i [&hellip;]<\/p>\n","protected":false},"featured_media":4380,"comment_status":"open","ping_status":"closed","template":"","meta":[],"pwb-brand":[],"product_brand":[],"product_cat":[578],"product_tag":[],"berocket_brand":[419],"class_list":{"0":"post-8566","1":"product","2":"type-product","3":"status-publish","4":"has-post-thumbnail","6":"product_cat-gel-souffle-trendy-nails","7":"berocket_brand-trendy-nails","9":"first","10":"outofstock","11":"taxable","12":"shipping-taxable","13":"purchasable","14":"product-type-variable"},"acf":[],"brands":[],"_links":{"self":[{"href":"https:\/\/mikeladzenailstore.com\/en\/wp-json\/wp\/v2\/product\/8566","targetHints":{"allow":["GET"]}}],"collection":[{"href":"https:\/\/mikeladzenailstore.com\/en\/wp-json\/wp\/v2\/product"}],"about":[{"href":"https:\/\/mikeladzenailstore.com\/en\/wp-json\/wp\/v2\/types\/product"}],"replies":[{"embeddable":true,"href":"https:\/\/mikeladzenailstore.com\/en\/wp-json\/wp\/v2\/comments?post=8566"}],"version-history":[{"count":0,"href":"https:\/\/mikeladzenailstore.com\/en\/wp-json\/wp\/v2\/product\/8566\/revisions"}],"wp:featuredmedia":[{"embeddable":true,"href":"https:\/\/mikeladzenailstore.com\/en\/wp-json\/wp\/v2\/media\/4380"}],"wp:attachment":[{"href":"https:\/\/mikeladzenailstore.com\/en\/wp-json\/wp\/v2\/media?parent=8566"}],"wp:term":[{"taxonomy":"pwb-brand","embeddable":true,"href":"https:\/\/mikeladzenailstore.com\/en\/wp-json\/wp\/v2\/pwb-brand?post=8566"},{"taxonomy":"product_brand","embeddable":true,"href":"https:\/\/mikeladzenailstore.com\/en\/wp-json\/wp\/v2\/product_brand?post=8566"},{"taxonomy":"product_cat","embeddable":true,"href":"https:\/\/mikeladzenailstore.com\/en\/wp-json\/wp\/v2\/product_cat?post=8566"},{"taxonomy":"product_tag","embeddable":true,"href":"https:\/\/mikeladzenailstore.com\/en\/wp-json\/wp\/v2\/product_tag?post=8566"},{"taxonomy":"berocket_brand","embeddable":true,"href":"https:\/\/mikeladzenailstore.com\/en\/wp-json\/wp\/v2\/berocket_brand?post=8566"}],"curies":[{"name":"wp","href":"https:\/\/api.w.org\/{rel}","templated":true}]}}