{"id":8587,"date":"2025-11-15T12:00:06","date_gmt":"2025-11-15T12:00:06","guid":{"rendered":"https:\/\/mikeladzenailstore.com\/p\/builder-gel-aperol-trendy-nails-15-ml\/"},"modified":"2025-11-15T12:00:06","modified_gmt":"2025-11-15T12:00:06","slug":"builder-gel-aperol-trendy-nails-15-ml","status":"publish","type":"product","link":"https:\/\/mikeladzenailstore.com\/en\/p\/builder-gel-aperol-trendy-nails-15-ml\/","title":{"rendered":"Builder gel \u201cAperol\u201d Trendy nails 15 ml"},"content":{"rendered":"<p>Inovativn\u00ed produkt Builder Gel in a bottle (tekut\u00fd gel) od Trendy Nails pat\u0159\u00ed mezi tuh\u00e9 typy gel\u016f. Jedn\u00e1 se o plnohodnotn\u00fd 3-f\u00e1zov\u00fd gel.<\/p>\n<\/p>\n<p>D\u00edky jeho vlastnostem m\u016f\u017eete pou\u017e\u00edvat pro :<\/p>\n<p>\u2022 zpevn\u011bn\u00ed p\u0159\u00edrodn\u00edch neht\u016f,<\/p>\n<p>\u2022 prodlu\u017eov\u00e1n\u00ed pomoci forem,<\/p>\n<p>\u2022 opravu prasklin,<\/p>\n<p>\u2022 pou\u017eit\u00ed jako barvu pod french nails nebo jako oby\u010dejn\u00fd n\u00e1t\u011br.<\/p>\n<\/p>\n<p>Pokud chcete po gelov\u00e9m potahu ud\u011blat design nebo barevn\u00fd n\u00e1t\u011br, sta\u010d\u00ed odstranit lepivou vrstvu Cleanserem.<\/p>\n<\/p>\n<p>M\u00e1 konzistenci b\u00e1ze. Pohodln\u011b se nan\u00e1\u0161\u00ed \u0161t\u011btcem z lahvi\u010dky. Na povrchu nehtu dob\u0159e se zarovn\u00e1v\u00e1, ide\u00e1ln\u00ed pro pr\u00e1ci v technice &#8220;bez pilov\u00e1n\u00ed neht\u016f&#8221;. Tento materi\u00e1l \u0161et\u0159\u00ed \u010das a n\u00e1mahu nehtov\u00e9ho specialisty  p\u0159i obsluze z\u00e1kazn\u00edk\u016f.<\/p>\n<\/p>\n<p>Doba polymerace:<\/p>\n<p>LED &#8211; 60 s<\/p>\n<p>UV &#8211; 120 c<\/p>\n","protected":false},"excerpt":{"rendered":"<p>Inovativn\u00ed produkt Builder Gel in a bottle (tekut\u00fd gel) od Trendy Nails pat\u0159\u00ed mezi tuh\u00e9 typy gel\u016f. Jedn\u00e1 se o plnohodnotn\u00fd 3-f\u00e1zov\u00fd gel. D\u00edky jeho vlastnostem m\u016f\u017eete pou\u017e\u00edvat pro : \u2022 zpevn\u011bn\u00ed p\u0159\u00edrodn\u00edch neht\u016f, \u2022 prodlu\u017eov\u00e1n\u00ed pomoci forem, \u2022 opravu prasklin, \u2022 pou\u017eit\u00ed jako barvu pod french nails nebo jako oby\u010dejn\u00fd n\u00e1t\u011br. Pokud chcete po [&hellip;]<\/p>\n","protected":false},"featured_media":0,"comment_status":"open","ping_status":"closed","template":"","meta":[],"pwb-brand":[],"product_brand":[],"product_cat":[167],"product_tag":[],"berocket_brand":[],"class_list":{"0":"post-8587","1":"product","2":"type-product","3":"status-publish","5":"product_cat-baze-a-topy-pro-manikuru-pedikuru","7":"first","8":"outofstock","9":"taxable","10":"shipping-taxable","11":"purchasable","12":"product-type-simple"},"acf":[],"brands":[],"_links":{"self":[{"href":"https:\/\/mikeladzenailstore.com\/en\/wp-json\/wp\/v2\/product\/8587","targetHints":{"allow":["GET"]}}],"collection":[{"href":"https:\/\/mikeladzenailstore.com\/en\/wp-json\/wp\/v2\/product"}],"about":[{"href":"https:\/\/mikeladzenailstore.com\/en\/wp-json\/wp\/v2\/types\/product"}],"replies":[{"embeddable":true,"href":"https:\/\/mikeladzenailstore.com\/en\/wp-json\/wp\/v2\/comments?post=8587"}],"version-history":[{"count":0,"href":"https:\/\/mikeladzenailstore.com\/en\/wp-json\/wp\/v2\/product\/8587\/revisions"}],"wp:attachment":[{"href":"https:\/\/mikeladzenailstore.com\/en\/wp-json\/wp\/v2\/media?parent=8587"}],"wp:term":[{"taxonomy":"pwb-brand","embeddable":true,"href":"https:\/\/mikeladzenailstore.com\/en\/wp-json\/wp\/v2\/pwb-brand?post=8587"},{"taxonomy":"product_brand","embeddable":true,"href":"https:\/\/mikeladzenailstore.com\/en\/wp-json\/wp\/v2\/product_brand?post=8587"},{"taxonomy":"product_cat","embeddable":true,"href":"https:\/\/mikeladzenailstore.com\/en\/wp-json\/wp\/v2\/product_cat?post=8587"},{"taxonomy":"product_tag","embeddable":true,"href":"https:\/\/mikeladzenailstore.com\/en\/wp-json\/wp\/v2\/product_tag?post=8587"},{"taxonomy":"berocket_brand","embeddable":true,"href":"https:\/\/mikeladzenailstore.com\/en\/wp-json\/wp\/v2\/berocket_brand?post=8587"}],"curies":[{"name":"wp","href":"https:\/\/api.w.org\/{rel}","templated":true}]}}