{"id":8662,"date":"2025-11-15T11:59:31","date_gmt":"2025-11-15T11:59:31","guid":{"rendered":"https:\/\/mikeladzenailstore.com\/p\/freza-diamantova-jemna-stredne-jz-nails-group\/"},"modified":"2026-01-14T22:15:41","modified_gmt":"2026-01-14T22:15:41","slug":"freza-diamantova-jemna-stredne-jz-nails-group","status":"publish","type":"product","link":"https:\/\/mikeladzenailstore.com\/en\/p\/freza-diamantova-jemna-stredne-jz-nails-group\/","title":{"rendered":"Fr\u00e9za diamantov\u00e1 jemn\u00e1 st\u0159edn\u011b JZ Nails Group"},"content":{"rendered":"<p>Fr\u00e9za Plamen<\/p>\n<p>Diamantov\u00e1 manik\u00e9rsk\u00e1 fr\u00e9za se sm\u00ed\u0161enou zrnitost\u00ed (modro-\u010derven\u00e1), s p\u0159\u00edrodn\u00edm diamantov\u00fdm povlakem a dvojitou vrstvou, ur\u010den\u00e1 pro pou\u017eit\u00ed jak na jemnou, tak na tvrd\u0161\u00ed poko\u017eku. D\u00edky tomu je univerz\u00e1ln\u00edm n\u00e1strojem pro manik\u00faru i pedik\u00faru.<\/p>\n<p>Ide\u00e1ln\u00ed pro:<\/p>\n<p>\u2022 \u00fapravu k\u016f\u017ei\u010dky,<\/p>\n<p>\u2022 bo\u010dn\u00edch nehtov\u00fdch val\u016f,<\/p>\n<p>\u2022 cel\u00e9ho perionychia,<\/p>\n<p>\u2022 odstran\u011bn\u00ed k\u016f\u017ei\u010dky,<\/p>\n<p>\u2022 brou\u0161en\u00ed mozol\u016f a ztvrdl\u00e9 k\u016f\u017ee.<\/p>\n<p>\u2e3b<\/p>\n<p>Technick\u00e9 parametry:<\/p>\n<p>\u2022 Pr\u016fm\u011br pracovn\u00ed \u010d\u00e1sti: 2,3 mm<\/p>\n<p>\u2022 V\u00fd\u0161ka pracovn\u00ed \u010d\u00e1sti: 8 mm<\/p>\n<p>\u2022 Celkov\u00e1 d\u00e9lka: 45 mm<\/p>\n<p>\u2022 Zrnitost: modro-\u010derven\u00e1 (kombinovan\u00e1)<\/p>\n<p>\u2e3b<\/p>\n<p>Vlastnosti:<\/p>\n<p>\u2022 Dvojit\u00fd diamantov\u00fd povrch zaji\u0161\u0165uje rovnom\u011brn\u00e9 brou\u0161en\u00ed a vy\u0161\u0161\u00ed \u017eivotnost n\u00e1stroje.<\/p>\n<p>\u2022 Vhodn\u00e1 pro sterilizaci v autokl\u00e1vu i horkovzdu\u0161n\u00e9m steriliz\u00e1toru.<\/p>\n<p>\u2022 Vysok\u00e1 odolnost v\u016f\u010di korozi a opot\u0159eben\u00ed.<\/p>\n<p>\u2022 Vhodn\u00e1 pro pr\u00e1ci s m\u011bkkou i tvrdou poko\u017ekou \u2013 pou\u017eiteln\u00e1 pro r\u016fzn\u00e9 typy k\u016f\u017ee a neht\u016f.<\/p>\n","protected":false},"excerpt":{"rendered":"<p>Fr\u00e9za Plamen Diamantov\u00e1 manik\u00e9rsk\u00e1 fr\u00e9za se sm\u00ed\u0161enou zrnitost\u00ed (modro-\u010derven\u00e1), s p\u0159\u00edrodn\u00edm diamantov\u00fdm povlakem a dvojitou vrstvou, ur\u010den\u00e1 pro pou\u017eit\u00ed jak na jemnou, tak na tvrd\u0161\u00ed poko\u017eku. D\u00edky tomu je univerz\u00e1ln\u00edm n\u00e1strojem pro manik\u00faru i pedik\u00faru. Ide\u00e1ln\u00ed pro: \u2022 \u00fapravu k\u016f\u017ei\u010dky, \u2022 bo\u010dn\u00edch nehtov\u00fdch val\u016f, \u2022 cel\u00e9ho perionychia, \u2022 odstran\u011bn\u00ed k\u016f\u017ei\u010dky, \u2022 brou\u0161en\u00ed mozol\u016f a ztvrdl\u00e9 [&hellip;]<\/p>\n","protected":false},"featured_media":4289,"comment_status":"open","ping_status":"closed","template":"","meta":[],"pwb-brand":[],"product_brand":[],"product_cat":[494,689],"product_tag":[],"berocket_brand":[556],"class_list":{"0":"post-8662","1":"product","2":"type-product","3":"status-publish","4":"has-post-thumbnail","6":"product_cat-bestseller","7":"product_cat-diamantove-frezy","8":"berocket_brand-jz-nails-group","10":"first","11":"instock","12":"taxable","13":"shipping-taxable","14":"purchasable","15":"product-type-simple"},"acf":[],"brands":[],"_links":{"self":[{"href":"https:\/\/mikeladzenailstore.com\/en\/wp-json\/wp\/v2\/product\/8662","targetHints":{"allow":["GET"]}}],"collection":[{"href":"https:\/\/mikeladzenailstore.com\/en\/wp-json\/wp\/v2\/product"}],"about":[{"href":"https:\/\/mikeladzenailstore.com\/en\/wp-json\/wp\/v2\/types\/product"}],"replies":[{"embeddable":true,"href":"https:\/\/mikeladzenailstore.com\/en\/wp-json\/wp\/v2\/comments?post=8662"}],"version-history":[{"count":0,"href":"https:\/\/mikeladzenailstore.com\/en\/wp-json\/wp\/v2\/product\/8662\/revisions"}],"wp:featuredmedia":[{"embeddable":true,"href":"https:\/\/mikeladzenailstore.com\/en\/wp-json\/wp\/v2\/media\/4289"}],"wp:attachment":[{"href":"https:\/\/mikeladzenailstore.com\/en\/wp-json\/wp\/v2\/media?parent=8662"}],"wp:term":[{"taxonomy":"pwb-brand","embeddable":true,"href":"https:\/\/mikeladzenailstore.com\/en\/wp-json\/wp\/v2\/pwb-brand?post=8662"},{"taxonomy":"product_brand","embeddable":true,"href":"https:\/\/mikeladzenailstore.com\/en\/wp-json\/wp\/v2\/product_brand?post=8662"},{"taxonomy":"product_cat","embeddable":true,"href":"https:\/\/mikeladzenailstore.com\/en\/wp-json\/wp\/v2\/product_cat?post=8662"},{"taxonomy":"product_tag","embeddable":true,"href":"https:\/\/mikeladzenailstore.com\/en\/wp-json\/wp\/v2\/product_tag?post=8662"},{"taxonomy":"berocket_brand","embeddable":true,"href":"https:\/\/mikeladzenailstore.com\/en\/wp-json\/wp\/v2\/berocket_brand?post=8662"}],"curies":[{"name":"wp","href":"https:\/\/api.w.org\/{rel}","templated":true}]}}