{"id":8677,"date":"2025-11-15T11:59:31","date_gmt":"2025-11-15T11:59:31","guid":{"rendered":"https:\/\/mikeladzenailstore.com\/p\/fiber-base-no-hema-jz-nails-group-15-ml\/"},"modified":"2026-01-12T18:18:32","modified_gmt":"2026-01-12T18:18:32","slug":"fiber-base-no-hema-jz-nails-group-15-ml","status":"publish","type":"product","link":"https:\/\/mikeladzenailstore.com\/en\/p\/fiber-base-no-hema-jz-nails-group-15-ml\/","title":{"rendered":"Fiber base No HEMA JZ Nails Group 15 ml"},"content":{"rendered":"<p>JZ Fiber Base<\/p>\n<p>Vytvo\u0159en\u00e1 na z\u00e1klad\u011b nejnov\u011bj\u0161\u00edch poznatk\u016f v oblasti chemie akrylov\u00fdch oligomer\u016f a monomer\u016f. Jedn\u00e1 se o pevnou b\u00e1zi pod gel lak s nylonov\u00fdmi vl\u00e1kny.<\/p>\n<p>Je to prvn\u00ed zcela adaptivn\u00ed b\u00e1ze, kter\u00e1 se p\u0159i polymeraci zpev\u0148uje vl\u00e1kny, d\u00edky \u010demu\u017e je povrch odoln\u011bj\u0161\u00ed v\u016f\u010di stresu a pevn\u011bj\u0161\u00ed ne\u017e b\u011b\u017en\u00e9 b\u00e1ze. Optim\u00e1ln\u00ed viskozita a tekutost gelu umo\u017e\u0148uj\u00ed vyplnit v\u0161echny mikrotrhlinky nehtov\u00e9 plot\u00e9nky.<\/p>\n<p>D\u00edky sv\u00fdm unik\u00e1tn\u00edm vlastnostem p\u0159i polymeraci je ide\u00e1ln\u00ed pro oslabenou a citlivou nehtovou plot\u00e9nku.<\/p>\n<p>Te\u010f m\u00e1te na v\u00fdb\u011br \u2013 volbu pevnosti a minim\u00e1ln\u00ed tlou\u0161\u0165ky vrstvy. Va\u0161e volba je FIBER.<\/p>\n<p>\u010cas vytvrzen\u00ed:<\/p>\n<p>UV\/LED 48W \/ 24W \u2013 2 \u00d7 60 sekund<\/p>\n<p>Dostupn\u00e9 varianty:<\/p>\n<p>\u2022 CLEAR \u2013 transparentn\u00ed b\u00e1ze<\/p>\n<p>\u2022 SILVER PINK \u2013 kamufl\u00e1\u017en\u00ed odst\u00edn<\/p>\n<p>\u2022 NATURAL \u2013 p\u0159irozen\u00fd odst\u00edn<\/p>\n<p>\u2022 WHITE ROSE \u2013 jemn\u011b r\u016f\u017eovo-b\u00edl\u00fd odst\u00edn<\/p>\n<p>Vlastnosti:<\/p>\n<p>\u2022 Ide\u00e1ln\u00ed pro zpevn\u011bn\u00ed p\u0159\u00edrodn\u00edch neht\u016f pod gel lak<\/p>\n<p>\u2022 Objem: 15 ml a 30 ml<\/p>\n<p>\u26a0\ufe0f Pouze pro profesion\u00e1ln\u00ed pou\u017eit\u00ed!<\/p>\n","protected":false},"excerpt":{"rendered":"<p>JZ Fiber Base Vytvo\u0159en\u00e1 na z\u00e1klad\u011b nejnov\u011bj\u0161\u00edch poznatk\u016f v oblasti chemie akrylov\u00fdch oligomer\u016f a monomer\u016f. Jedn\u00e1 se o pevnou b\u00e1zi pod gel lak s nylonov\u00fdmi vl\u00e1kny. Je to prvn\u00ed zcela adaptivn\u00ed b\u00e1ze, kter\u00e1 se p\u0159i polymeraci zpev\u0148uje vl\u00e1kny, d\u00edky \u010demu\u017e je povrch odoln\u011bj\u0161\u00ed v\u016f\u010di stresu a pevn\u011bj\u0161\u00ed ne\u017e b\u011b\u017en\u00e9 b\u00e1ze. Optim\u00e1ln\u00ed viskozita a tekutost gelu [&hellip;]<\/p>\n","protected":false},"featured_media":4299,"comment_status":"open","ping_status":"closed","template":"","meta":[],"pwb-brand":[],"product_brand":[],"product_cat":[240,494],"product_tag":[],"berocket_brand":[556],"class_list":{"0":"post-8677","1":"product","2":"type-product","3":"status-publish","4":"has-post-thumbnail","6":"product_cat-base-jz-nails-group","7":"product_cat-bestseller","8":"berocket_brand-jz-nails-group","10":"first","11":"instock","12":"taxable","13":"shipping-taxable","14":"purchasable","15":"product-type-simple"},"acf":[],"brands":[],"_links":{"self":[{"href":"https:\/\/mikeladzenailstore.com\/en\/wp-json\/wp\/v2\/product\/8677","targetHints":{"allow":["GET"]}}],"collection":[{"href":"https:\/\/mikeladzenailstore.com\/en\/wp-json\/wp\/v2\/product"}],"about":[{"href":"https:\/\/mikeladzenailstore.com\/en\/wp-json\/wp\/v2\/types\/product"}],"replies":[{"embeddable":true,"href":"https:\/\/mikeladzenailstore.com\/en\/wp-json\/wp\/v2\/comments?post=8677"}],"version-history":[{"count":0,"href":"https:\/\/mikeladzenailstore.com\/en\/wp-json\/wp\/v2\/product\/8677\/revisions"}],"wp:featuredmedia":[{"embeddable":true,"href":"https:\/\/mikeladzenailstore.com\/en\/wp-json\/wp\/v2\/media\/4299"}],"wp:attachment":[{"href":"https:\/\/mikeladzenailstore.com\/en\/wp-json\/wp\/v2\/media?parent=8677"}],"wp:term":[{"taxonomy":"pwb-brand","embeddable":true,"href":"https:\/\/mikeladzenailstore.com\/en\/wp-json\/wp\/v2\/pwb-brand?post=8677"},{"taxonomy":"product_brand","embeddable":true,"href":"https:\/\/mikeladzenailstore.com\/en\/wp-json\/wp\/v2\/product_brand?post=8677"},{"taxonomy":"product_cat","embeddable":true,"href":"https:\/\/mikeladzenailstore.com\/en\/wp-json\/wp\/v2\/product_cat?post=8677"},{"taxonomy":"product_tag","embeddable":true,"href":"https:\/\/mikeladzenailstore.com\/en\/wp-json\/wp\/v2\/product_tag?post=8677"},{"taxonomy":"berocket_brand","embeddable":true,"href":"https:\/\/mikeladzenailstore.com\/en\/wp-json\/wp\/v2\/berocket_brand?post=8677"}],"curies":[{"name":"wp","href":"https:\/\/api.w.org\/{rel}","templated":true}]}}