{"id":8686,"date":"2025-11-15T11:59:31","date_gmt":"2025-11-15T11:59:31","guid":{"rendered":"https:\/\/mikeladzenailstore.com\/p\/super-gel-wedding-4-pink-15-ml\/"},"modified":"2026-01-20T10:43:39","modified_gmt":"2026-01-20T10:43:39","slug":"super-gel-wedding-4-pink-15-ml","status":"publish","type":"product","link":"https:\/\/mikeladzenailstore.com\/en\/p\/super-gel-wedding-4-pink-15-ml\/","title":{"rendered":"Super gel \u201cWEDDING 4\u201d\/ Pink 15 ml"},"content":{"rendered":"<p>Super Gely \u0159ady Wedding \u2013 to je kolekce gel\u016f s bohat\u00fdm, t\u0159pytiv\u00fdm a z\u00e1rove\u0148 jemn\u00fdm leskem.<\/p>\n<p>Jedn\u00e1 se o elegantn\u00ed odst\u00edny, kter\u00e9 se hod\u00ed ke ka\u017ed\u00e9mu t\u00f3nu pleti.<\/p>\n<\/p>\n<p>Super Gel je tvrd\u00fd modelovac\u00ed gel se st\u0159edn\u00ed konzistenc\u00ed, kter\u00fd se kr\u00e1sn\u011b vyrovn\u00e1v\u00e1.<\/p>\n<p>D\u00edky jemn\u00e9mu t\u0159pytu se \u010d\u00e1stice neusazuj\u00ed, a proto nen\u00ed nutn\u00e9 gel p\u0159ed pou\u017eit\u00edm prom\u00edch\u00e1vat.<\/p>\n<\/p>\n<p>Zp\u016fsob pou\u017eit\u00ed:<\/p>\n<p>\t\u2022\tNa p\u0159ipravenou nehtovou plot\u00e9nku (mechanick\u00e9 opracov\u00e1n\u00ed piln\u00edkem nebo buffrem, manik\u00fara);<\/p>\n<p>\t\u2022\tNaneste Nail prep, pot\u00e9 polosu\u0161en\u00fdm \u0161t\u011btcem Ultrabond;<\/p>\n<p>\t\u2022\tNaneste pot\u0159ebn\u00e9 mno\u017estv\u00ed gelu, vymodelujte po\u017eadovan\u00fd tvar a d\u00e9lku, vytvr\u010fte v lamp\u011b 2 minuty;<\/p>\n<p>\t\u2022\tOdstra\u0148te v\u00fdpotek, v p\u0159\u00edpad\u011b pot\u0159eby opilujte do tvaru;<\/p>\n<p>\t\u2022\tD\u016fkladn\u011b odstra\u0148te prach \u0161t\u011btcem, p\u0159et\u0159ete topem a vytvr\u010fte 2 minuty.<\/p>\n","protected":false},"excerpt":{"rendered":"<p>Super Gely \u0159ady Wedding \u2013 to je kolekce gel\u016f s bohat\u00fdm, t\u0159pytiv\u00fdm a z\u00e1rove\u0148 jemn\u00fdm leskem. Jedn\u00e1 se o elegantn\u00ed odst\u00edny, kter\u00e9 se hod\u00ed ke ka\u017ed\u00e9mu t\u00f3nu pleti. Super Gel je tvrd\u00fd modelovac\u00ed gel se st\u0159edn\u00ed konzistenc\u00ed, kter\u00fd se kr\u00e1sn\u011b vyrovn\u00e1v\u00e1. D\u00edky jemn\u00e9mu t\u0159pytu se \u010d\u00e1stice neusazuj\u00ed, a proto nen\u00ed nutn\u00e9 gel p\u0159ed pou\u017eit\u00edm prom\u00edch\u00e1vat. [&hellip;]<\/p>\n","protected":false},"featured_media":4302,"comment_status":"open","ping_status":"closed","template":"","meta":[],"pwb-brand":[],"product_brand":[],"product_cat":[507,703],"product_tag":[],"berocket_brand":[559],"class_list":{"0":"post-8686","1":"product","2":"type-product","3":"status-publish","4":"has-post-thumbnail","6":"product_cat-builder-gel-gel-jelly","7":"product_cat-slevy","8":"berocket_brand-pink","10":"first","11":"instock","12":"sale","13":"taxable","14":"shipping-taxable","15":"purchasable","16":"product-type-simple"},"acf":[],"brands":[],"_links":{"self":[{"href":"https:\/\/mikeladzenailstore.com\/en\/wp-json\/wp\/v2\/product\/8686","targetHints":{"allow":["GET"]}}],"collection":[{"href":"https:\/\/mikeladzenailstore.com\/en\/wp-json\/wp\/v2\/product"}],"about":[{"href":"https:\/\/mikeladzenailstore.com\/en\/wp-json\/wp\/v2\/types\/product"}],"replies":[{"embeddable":true,"href":"https:\/\/mikeladzenailstore.com\/en\/wp-json\/wp\/v2\/comments?post=8686"}],"version-history":[{"count":0,"href":"https:\/\/mikeladzenailstore.com\/en\/wp-json\/wp\/v2\/product\/8686\/revisions"}],"wp:featuredmedia":[{"embeddable":true,"href":"https:\/\/mikeladzenailstore.com\/en\/wp-json\/wp\/v2\/media\/4302"}],"wp:attachment":[{"href":"https:\/\/mikeladzenailstore.com\/en\/wp-json\/wp\/v2\/media?parent=8686"}],"wp:term":[{"taxonomy":"pwb-brand","embeddable":true,"href":"https:\/\/mikeladzenailstore.com\/en\/wp-json\/wp\/v2\/pwb-brand?post=8686"},{"taxonomy":"product_brand","embeddable":true,"href":"https:\/\/mikeladzenailstore.com\/en\/wp-json\/wp\/v2\/product_brand?post=8686"},{"taxonomy":"product_cat","embeddable":true,"href":"https:\/\/mikeladzenailstore.com\/en\/wp-json\/wp\/v2\/product_cat?post=8686"},{"taxonomy":"product_tag","embeddable":true,"href":"https:\/\/mikeladzenailstore.com\/en\/wp-json\/wp\/v2\/product_tag?post=8686"},{"taxonomy":"berocket_brand","embeddable":true,"href":"https:\/\/mikeladzenailstore.com\/en\/wp-json\/wp\/v2\/berocket_brand?post=8686"}],"curies":[{"name":"wp","href":"https:\/\/api.w.org\/{rel}","templated":true}]}}